{"id":20936,"date":"2025-11-13T08:00:12","date_gmt":"2025-11-13T06:00:12","guid":{"rendered":"https:\/\/dallbogg.com\/?page_id=20936"},"modified":"2025-11-13T08:55:01","modified_gmt":"2025-11-13T06:55:01","slug":"faq","status":"publish","type":"page","link":"https:\/\/dallbogg.com\/ro\/faq\/","title":{"rendered":"\u00centreb\u0103ri frecvente"},"content":{"rendered":"<div class=\"wpb-content-wrapper\"><p>[vc_row css_animation=&#8221;&#8221; row_type=&#8221;row&#8221; use_row_as_full_screen_section=&#8221;no&#8221; type=&#8221;full_width&#8221; angled_section=&#8221;no&#8221; text_align=&#8221;left&#8221; background_image_as_pattern=&#8221;without_pattern&#8221; z_index=&#8221;&#8221; padding_bottom=&#8221;60&#8243;][vc_column][vc_column_text css=&#8221;&#8221;]<\/p>\n<h3>\u00centreb\u0103ri frecvente<\/h3>\n<p>[\/vc_column_text][\/vc_column][\/vc_row][vc_row css_animation=&#8221;&#8221; row_type=&#8221;row&#8221; use_row_as_full_screen_section=&#8221;no&#8221; type=&#8221;full_width&#8221; angled_section=&#8221;no&#8221; text_align=&#8221;left&#8221; background_image_as_pattern=&#8221;without_pattern&#8221;][vc_column][vc_column_text css=&#8221;&#8221;]<\/p>\n<h5>&#8211;\u00a0\u00a0\u00ce: \u00cen ce \u021b\u0103ri activeaz\u0103 DallBogg \u00een prezent?<\/h5>\n<p>R\u0103spuns: Cu pia\u021ba principal\u0103 \u00een Bulgaria, DallBogg s-a extins cu succes \u00een Grecia, Italia, Spania, Rom\u00e2nia \u0219i Polonia \u0219i este recunoscut\u0103 ca una dintre cele mai dinamice \u0219i cu cea mai rapid\u0103 cre\u0219tere companii de asigur\u0103ri din Bulgaria. Pe toate pie\u021bele sale, DallBogg se dedic\u0103 respect\u0103rii celor mai \u00eenalte standarde de conformitate, transparen\u021b\u0103 \u0219i protec\u021bie a consumatorilor, asigur\u00e2ndu-se c\u0103 toate serviciile \u00eendeplinesc cerin\u021be riguroase de siguran\u021b\u0103 \u0219i calitate. DallBogg contribuie la o protec\u021bie mai puternic\u0103 a consumatorilor \u0219i la o mobilitate mai sigur\u0103 \u00een \u00eentreaga Europ\u0103 prin practici responsabile de asigurare.<\/p>\n<p>&nbsp;<\/p>\n<h5>&#8211;\u00a0\u00a0\u00ce: Care este rolul DallBogg \u00een UE?<\/h5>\n<p>R\u0103spuns: Cu opera\u021biunile sale transfrontaliere pe mai multe pie\u021be europene, DallBogg este o poveste de succes a pie\u021bei unice a UE. Compania contribuie la stimularea concuren\u021bei loiale, la reducerea costurilor, la diminuarea decalajelor de protec\u021bie \u00een materie de mobilitate \u0219i la \u00eembun\u0103t\u0103\u021birea standardelor de servicii, precum \u0219i a op\u021biunilor consumatorilor \u00een \u00eentreaga UE. Se dedic\u0103 \u00een mod special sprijinirii standardelor \u00eenalte \u0219i cre\u0219terii economice \u00een regiunea strategic\u0103 a M\u0103rii Negre din Europa.<\/p>\n<p>&nbsp;<\/p>\n<p>Ca companie european\u0103 responsabil\u0103, DallBogg \u00ee\u0219i propune s\u0103 ofere cea mai bun\u0103 acoperire de asigurare posibil\u0103 pentru clien\u021bii de pe toate pie\u021bele sale din Europa.<\/p>\n<p>&nbsp;<\/p>\n<h5>&#8211;\u00a0\u00a0\u00centrebare: De ce a fost suspendat\u0103 temporar licen\u021ba DallBogg pentru noi v\u00e2nz\u0103ri transfrontaliere?<\/h5>\n<p>R\u0103spuns: DallBogg este cea mai dinamic\u0103 \u0219i mai rapid\u0103 companie de asigur\u0103ri din Bulgaria. Datorit\u0103 necesit\u0103\u021bii armoniz\u0103rii proceselor transfrontaliere rezultate din cre\u0219terea rapid\u0103 a DallBogg \u00een ultimul an, Comisia de Supraveghere Financiar\u0103 din Bulgaria (FSC) a suspendat capacitatea companiei de a \u00eencheia noi contracte de asigurare \u00een afara Bulgariei. Am folosit acest timp pentru a ne alinia procesele interne \u0219i a ne consolida capacit\u0103\u021bile opera\u021bionale. DallBogg a implementat \u00eembun\u0103t\u0103\u021biri cuprinz\u0103toare \u00een procesele sale de gestionare a cererilor de desp\u0103gubire \u0219i a reclama\u021biilor. Aceste m\u0103suri au dat deja rezultate tangibile \u00een ultimele luni, cum ar fi timpi de r\u0103spuns mult mai rapizi pe toate fronturile.<\/p>\n<p>&nbsp;<\/p>\n<h5>&#8211;\u00a0\u00a0\u00ce: C\u00e2t timp va dura aceast\u0103 m\u0103sur\u0103?<\/h5>\n<p>R\u0103spuns: FSC a introdus pentru prima dat\u0103 restric\u021bia temporar\u0103 la\u00a0<strong>1 iulie 2025<\/strong>\u00a0\u0219i a prelungit-o la\u00a0<strong>1 octombrie 2025<\/strong>. De atunci, DallBogg a \u00eenregistrat progrese m\u0103surabile \u00een toate domeniile opera\u021bionale. Pe parcursul acestui proces, DallBogg se angajeaz\u0103 s\u0103 fie pe deplin transparent\u0103 cu clien\u021bii s\u0103i \u0219i cu toate celelalte p\u0103r\u021bi interesate.<\/p>\n<p>&nbsp;<\/p>\n<h5>&#8211;\u00a0\u00a0\u00ce: Ce m\u0103suri ia DallBogg pentru a remedia suspendarea?<\/h5>\n<p>R\u0103spuns: Am implementat \u00eembun\u0103t\u0103\u021biri cuprinz\u0103toare \u00een ceea ce prive\u0219te gestionarea cererilor de desp\u0103gubire, serviciul clien\u021bi \u0219i sistemele de conformitate. DallBogg a prezentat rapoarte de progres autorit\u0103\u021bilor de reglementare \u0219i continu\u0103 s\u0103 coopereze pe deplin \u0219i \u00een mod transparent cu toate autorit\u0103\u021bile. Am prezentat \u00eembun\u0103t\u0103\u021birile concrete aduse gestion\u0103rii cererilor de desp\u0103gubire \u0219i a reclama\u021biilor \u00een cadrul celor nou\u0103 criterii de evaluare definite de Autoritatea European\u0103 de Asigur\u0103ri \u0219i Pensii Ocupa\u021bionale (EIOPA). Pe m\u0103sur\u0103 ce DallBogg avanseaz\u0103, compania r\u0103m\u00e2ne angajat\u0103 s\u0103 men\u021bin\u0103 cele mai \u00eenalte standarde de siguran\u021b\u0103 \u0219i calitate de pe pia\u021b\u0103.<\/p>\n<p>&nbsp;<\/p>\n<h5>&#8211;\u00a0\u00a0\u00ce: Poli\u021bele mele existente sunt \u00eenc\u0103 valabile?<\/h5>\n<p>Da. Toate contractele de asigurare emise de DallBogg r\u0103m\u00e2n pe deplin valabile \u0219i continu\u0103 s\u0103 ofere aceea\u0219i protec\u021bie ca \u00eenainte. Acoperirea, drepturile \u0219i cererile dvs. de desp\u0103gubire nu sunt afectate \u00een niciun fel. Siguran\u021ba, calitatea \u0219i fiabilitatea sunt priorit\u0103\u021bile principale ale Dallbogg, iar clien\u021bii vor continua s\u0103 se bucure de protec\u021bie pentru ceea ce conteaz\u0103 cel mai mult \u2013 siguran\u021ba \u0219i calitatea vie\u021bii lor.<\/p>\n<p>&nbsp;<\/p>\n<h5>&#8211; \u00ce: Ce se va \u00eent\u00e2mpla cu pre\u021burile DallBogg?<\/h5>\n<p>R\u0103spuns: DallBogg va r\u0103m\u00e2ne unul dintre cei mai accesibili asiguratori din Europa datorit\u0103 sistemelor moderne \u0219i opera\u021biunilor eficiente care men\u021bin costurile la un nivel sc\u0103zut f\u0103r\u0103 a compromite calitatea. Misiunea noastr\u0103 de a face asigur\u0103rile accesibile r\u0103m\u00e2ne neschimbat\u0103.<\/p>\n<p>&nbsp;<\/p>\n<h5>&#8211;\u00a0\u00a0\u00ce: Acoperirea mea de asigurare existent\u0103 cu DallBogg este sigur\u0103?<\/h5>\n<p>R\u0103spuns: Prioritatea principal\u0103 a DallBogg a fost \u0219i va fi \u00eentotdeauna s\u0103 se asigure c\u0103 to\u021bi clien\u021bii sunt proteja\u021bi \u0219i sprijini\u021bi \u00een permanen\u021b\u0103 \u2013 cu DallBogg ca partener de \u00eencredere \u0219i furnizor de asigur\u0103ri. DallBogg depune eforturi sus\u021binute pentru a-\u0219i restabili licen\u021ba complet\u0103, iar toate poli\u021bele existente continu\u0103 s\u0103 func\u021bioneze \u00een mod normal.<\/p>\n<p>&nbsp;<\/p>\n<h5>&#8211;\u00a0\u00ce: Am o cerere de desp\u0103gubire. Cu cine trebuie s\u0103 iau leg\u0103tura?<\/h5>\n<p>R\u0103spuns: Dac\u0103 ave\u021bi o cerere de desp\u0103gubire care decurge dintr-o poli\u021b\u0103 de asigurare emis\u0103 de DallBogg, v\u0103 rug\u0103m s\u0103 contacta\u021bi departamentele noastre locale de desp\u0103gubiri, \u00een func\u021bie de locul \u00een care a fost emis\u0103 poli\u021ba dvs. de asigurare:<\/p>\n<p>&nbsp;<\/p>\n<p><strong>Pentru Bulgaria:<\/strong><\/p>\n<p>V\u0103 rug\u0103m s\u0103 suna\u021bi la\u00a0<strong>+359 2 402 6412<\/strong>. Colegii no\u0219tri v\u0103 vor furniza informa\u021bii detaliate despre cum \u0219i c\u00e2nd s\u0103 depune\u021bi cererea de desp\u0103gubire.<\/p>\n<p>De asemenea, pute\u021bi utiliza\u00a0<strong>platforma noastr\u0103 online<\/strong>\u00a0\u00eenregistr\u00e2ndu-v\u0103\u00a0<a href=\"https:\/\/online.dallbogg.com\/eCommerce\/Account\/Register\">aici<\/a>.<\/p>\n<p>Alternativ, pute\u021bi vizita biroul nostru din\u00a0<strong>Sofia 1172, Dr. G. M. Dimitrov Blvd. 1<\/strong>, unde exper\u021bii pot inspecta \u0219i evalua daunele la fa\u021ba locului.<\/p>\n<p>&nbsp;<\/p>\n<p><strong>Pentru clien\u021bii str\u0103ini:<\/strong><\/p>\n<p>&nbsp;<\/p>\n<p><strong>Rom\u00e2nia (RO):<\/strong><\/p>\n<p>V\u0103 rug\u0103m s\u0103 v\u0103 \u00eenregistra\u021bi cererea online aici: <a href=\"https:\/\/dallbogg.native-code.ro\/avizare-online\/\">https:\/\/dallbogg.native-code.ro\/avizare-online\/<\/a><\/p>\n<p>Alternativ, pute\u021bi trimite un e-mail cu o descriere \u0219i fotografii la\u00a0<a href=\"mailto:avizare@diodea.ro\">avizare@diodea.ro<\/a>\u00a0sau s\u0103 suna\u021bi la centrul nostru de apeluri la\u00a0<strong>+40 310 052 533<\/strong>. V\u0103 rug\u0103m s\u0103 v\u0103 asigura\u021bi c\u0103 ave\u021bi toate documentele preg\u0103tite.<\/p>\n<p>De asemenea, pute\u021bi utiliza\u00a0<strong>platforma noastr\u0103 online<\/strong>\u00a0\u00eenregistr\u00e2ndu-v\u0103\u00a0<a href=\"https:\/\/dallbogg.native-code.ro\/avizare-online\/\">aici<\/a>.<\/p>\n<p>&nbsp;<\/p>\n<p><strong>Grecia (GR):<\/strong><\/p>\n<p>V\u0103 rug\u0103m s\u0103 trimite\u021bi un mesaj cu o descriere \u0219i fotografii la\u00a0<a href=\"mailto:office.gr@diodea.eu\">office.gr@diodea.eu<\/a>\u00a0sau s\u0103 suna\u021bi la centrul nostru de apeluri la\u00a0<strong>+30 210 523 3211<\/strong>\u00a0sau\u00a0<strong>+30 210 524 4252<\/strong>.<\/p>\n<p>&nbsp;<\/p>\n<p><strong>Italia (IT):<\/strong><\/p>\n<p>V\u0103 rug\u0103m s\u0103 trimite\u021bi un e-mail cu o descriere \u0219i fotografii la\u00a0<a href=\"mailto:sinistri.it@dallbogg.com\">sinistri.it@dallbogg.com<\/a>\u00a0sau\u00a0<a href=\"mailto:sinistridallbogg@legalmail.it\">sinistridallbogg@legalmail.it<\/a>.<\/p>\n<p>Pute\u021bi contacta centrul nostru de apeluri la\u00a0<strong>+39 02 2317 5293<\/strong>.<\/p>\n<p><em>(Un nou serviciu de telefonie SIP trunk va fi disponibil \u00eencep\u00e2nd cu 11 noiembrie \u2013 detalii suplimentare vor fi furnizate \u00een cur\u00e2nd.)<\/em><\/p>\n<p>&nbsp;<\/p>\n<p><strong>Polonia (PL):<\/strong><\/p>\n<p>V\u0103 rug\u0103m s\u0103 trimite\u021bi un e-mail cu o descriere \u0219i fotografii la\u00a0<a href=\"mailto:office.pl@diodea.eu\">office.pl@diodea.eu<\/a>\u00a0sau s\u0103 suna\u021bi la centrul nostru de apeluri la\u00a0<strong>+48 22 290 4090<\/strong>.<\/p>\n<p>De asemenea, pute\u021bi \u00eenregistra cererea dvs. pe\u00a0<strong>platforma noastr\u0103 online<\/strong>\u00a0<a href=\"https:\/\/paneldallbogg.unext.pl\/szkody\/rejestracja\/Krok-1-wyszukiwaniePolisy\">aici<\/a>.<\/p>\n<p>&nbsp;<\/p>\n<h5>&#8211;\u00a0\u00a0\u00ce: Doresc s\u0103 modific contractul meu existent cu DallBogg. Cum pot face acest lucru?<\/h5>\n<p>R\u0103spuns: Dac\u0103 dori\u021bi s\u0103 modifica\u021bi o poli\u021b\u0103 de asigurare existent\u0103 emis\u0103 de DallBogg, v\u0103 rug\u0103m s\u0103 contacta\u021bi departamentele noastre locale, \u00een func\u021bie de locul \u00een care a fost emis\u0103 poli\u021ba de asigurare:<\/p>\n<p>&nbsp;<\/p>\n<p><strong>Pentru Bulgaria:<\/strong><\/p>\n<p>Pentru orice modific\u0103ri ale poli\u021bei sau modific\u0103ri ale unui contract de asigurare activ, v\u0103 rug\u0103m s\u0103 contacta\u021bi cel mai apropiat birou DallBogg. Pute\u021bi g\u0103si o hart\u0103 a tuturor birourilor noastre la\u00a0<a href=\"http:\/\/www.dallbogg.com\/\">www.dallbogg.com<\/a>.<\/p>\n<p>&nbsp;<\/p>\n<p><strong>Pentru clien\u021bii str\u0103ini:<\/strong><\/p>\n<p>&nbsp;<\/p>\n<p><strong>Rom\u00e2nia (RO):<\/strong><\/p>\n<p>Pentru orice solicit\u0103ri legate de poli\u021ba RCA (modific\u0103ri, corecturi, anul\u0103ri, rezilieri sau ad\u0103ugarea unui num\u0103r de \u00eenmatriculare etc.), v\u0103 rug\u0103m s\u0103 trimite\u021bi un e-mail la\u00a0<a href=\"mailto:rca@dallbogg.com\">rca@dallbogg.com<\/a>.<\/p>\n<p>&nbsp;<\/p>\n<p><strong>Grecia (GR):<\/strong><\/p>\n<p>V\u0103 rug\u0103m s\u0103 trimite\u021bi solicitarea dvs. prin e-mail la\u00a0<a href=\"mailto:office.gr@diodea.eu\">office.gr@diodea.eu<\/a>\u00a0sau s\u0103 contacta\u021bi centrul nostru de apeluri la\u00a0<strong>+30 210 523 3211<\/strong>\u00a0sau\u00a0<strong>+30 210 524 4252<\/strong>.<\/p>\n<p>Pentru emiterea unei anexe, v\u0103 rug\u0103m s\u0103 trimite\u021bi informa\u021biile relevante la\u00a0<a href=\"mailto:contracts.gr@dallbogg.com\">contracts.gr@dallbogg.com<\/a>.<\/p>\n<p>&nbsp;<\/p>\n<p><strong>Italia (IT):<\/strong><\/p>\n<p>V\u0103 rug\u0103m s\u0103 trimite\u021bi un e-mail la\u00a0<a href=\"mailto:clienti.italia@dallbogg.com\">clienti.italia@dallbogg.com<\/a>\u00a0pentru orice modificare legat\u0103 de poli\u021b\u0103.<\/p>\n<p>&nbsp;<\/p>\n<p><strong>Polonia (PL):<\/strong><\/p>\n<p>Pentru orice modificare sau actualizare a poli\u021bei, v\u0103 rug\u0103m s\u0103 trimite\u021bi un e-mail la\u00a0<a href=\"mailto:polisa.pl@dallbogg.com\">polisa.pl@dallbogg.com<\/a>.<\/p>\n<p>&nbsp;<\/p>\n<h5>&#8211;\u00a0\u00a0\u00ce: A\u0219 dori s\u0103 schimb compania de asigur\u0103ri \u0219i s\u0103 devin client DallBogg datorit\u0103 ofertei avantajoase. DallBogg se va ocupa de anularea \u0219i decontarea cu vechea mea companie de asigur\u0103ri?<\/h5>\n<p>R\u0103spuns:<\/p>\n<p>&nbsp;<\/p>\n<p><strong>Pentru Bulgaria:<\/strong><\/p>\n<p>V\u0103 rug\u0103m s\u0103 ne contacta\u021bi sau s\u0103 vizita\u021bi oricare dintre birourile noastre \u0219i v\u0103 vom ghida pe parcursul \u00eentregului proces.<\/p>\n<p>&nbsp;<\/p>\n<p><strong>Pentru clien\u021bii str\u0103ini:<\/strong><\/p>\n<p>\u00cen etapa actual\u0103, DallBogg nu este autorizat\u0103 s\u0103 emit\u0103 noi poli\u021be de asigurare \u00een afara Bulgariei.<\/p>\n<p>&nbsp;<\/p>\n<h5>&#8211;\u00a0\u00a0\u00ce: Cum pot fi sigur c\u0103 cererea mea de desp\u0103gubire va fi tratat\u0103 corespunz\u0103tor \u00een aceast\u0103 perioad\u0103?<\/h5>\n<p>R\u0103spuns: Cererile de desp\u0103gubire sunt procesate ca de obicei. DallBogg \u0219i-a consolidat recent sistemele de desp\u0103gubiri \u0219i de servicii pentru clien\u021bi, asigur\u00e2nd timpi de r\u0103spuns mai rapizi \u0219i o comunicare mai clar\u0103. Majoritatea cererilor de desp\u0103gubire sunt acum confirmate imediat dup\u0103 depunere \u0219i v\u0103 oferim actualiz\u0103ri periodice cu privire la starea cererii dumneavoastr\u0103.<\/p>\n<p>&nbsp;<\/p>\n<h5>\u00ce: Datele mele personale vor r\u0103m\u00e2ne protejate?<\/h5>\n<p>R\u0103spuns: Da. DallBogg aplic\u0103 standarde stricte de protec\u021bie a datelor, \u00een conformitate cu Regulamentul general al UE privind protec\u021bia datelor (GDPR). Informa\u021biile despre clien\u021bi sunt stocate \u00een siguran\u021b\u0103 \u0219i nu sunt niciodat\u0103 partajate f\u0103r\u0103 consim\u021b\u0103m\u00e2ntul acestora.[\/vc_column_text][vc_separator type=&#8221;normal&#8221; up=&#8221;10&#8243; down=&#8221;10&#8243;][\/vc_column][\/vc_row][vc_row css_animation=&#8221;&#8221; row_type=&#8221;row&#8221; use_row_as_full_screen_section=&#8221;no&#8221; type=&#8221;full_width&#8221; angled_section=&#8221;no&#8221; text_align=&#8221;left&#8221; background_image_as_pattern=&#8221;without_pattern&#8221;][vc_column][vc_separator type=&#8221;transparent&#8221; up=&#8221;10&#8243; down=&#8221;10&#8243;][vc_single_image image=&#8221;15716&#8243; img_size=&#8221;full&#8221; alignment=&#8221;center&#8221; qode_css_animation=&#8221;&#8221;][vc_separator type=&#8221;transparent&#8221; up=&#8221;10&#8243; down=&#8221;10&#8243;][\/vc_column][\/vc_row]<\/p>\n<\/div>","protected":false},"excerpt":{"rendered":"<p>[vc_row css_animation=&#8221;&#8221; row_type=&#8221;row&#8221; use_row_as_full_screen_section=&#8221;no&#8221; type=&#8221;full_width&#8221; angled_section=&#8221;no&#8221; text_align=&#8221;left&#8221; background_image_as_pattern=&#8221;without_pattern&#8221; z_index=&#8221;&#8221; padding_bottom=&#8221;60&#8243;][vc_column][vc_column_text css=&#8221;&#8221;] \u00centreb\u0103ri frecvente [\/vc_column_text][\/vc_column][\/vc_row][vc_row css_animation=&#8221;&#8221; row_type=&#8221;row&#8221; use_row_as_full_screen_section=&#8221;no&#8221; type=&#8221;full_width&#8221; angled_section=&#8221;no&#8221; text_align=&#8221;left&#8221; background_image_as_pattern=&#8221;without_pattern&#8221;][vc_column][vc_column_text css=&#8221;&#8221;] &#8211;\u00a0\u00a0\u00ce: \u00cen ce \u021b\u0103ri activeaz\u0103 DallBogg \u00een prezent? R\u0103spuns: Cu pia\u021ba principal\u0103 \u00een Bulgaria, DallBogg s-a extins cu succes \u00een Grecia, Italia, Spania,&#8230;<\/p>\n","protected":false},"author":1,"featured_media":0,"parent":0,"menu_order":0,"comment_status":"closed","ping_status":"closed","template":"","meta":{"footnotes":""},"yoast_head":"<!-- This site is optimized with the Yoast SEO plugin v23.4 - https:\/\/yoast.com\/wordpress\/plugins\/seo\/ -->\n<title>\u00centreb\u0103ri frecvente - \u0417\u0410\u0414 \u0414\u0430\u043b\u043b\u0411\u043e\u0433\u0433 \u0416\u0438\u0432\u043e\u0442 \u0438 \u0437\u0434\u0440\u0430\u0432\u0435 \u0410\u0414<\/title>\n<meta name=\"robots\" content=\"index, follow, max-snippet:-1, max-image-preview:large, max-video-preview:-1\" \/>\n<link rel=\"canonical\" href=\"https:\/\/dallbogg.com\/ro\/faq\/\" \/>\n<meta property=\"og:locale\" content=\"ro_RO\" \/>\n<meta property=\"og:type\" content=\"article\" \/>\n<meta property=\"og:title\" content=\"\u00centreb\u0103ri frecvente - \u0417\u0410\u0414 \u0414\u0430\u043b\u043b\u0411\u043e\u0433\u0433 \u0416\u0438\u0432\u043e\u0442 \u0438 \u0437\u0434\u0440\u0430\u0432\u0435 \u0410\u0414\" \/>\n<meta property=\"og:description\" content=\"[vc_row css_animation=&#8221;&#8221; row_type=&#8221;row&#8221; use_row_as_full_screen_section=&#8221;no&#8221; type=&#8221;full_width&#8221; angled_section=&#8221;no&#8221; text_align=&#8221;left&#8221; background_image_as_pattern=&#8221;without_pattern&#8221; z_index=&#8221;&#8221; padding_bottom=&#8221;60&#8243;][vc_column][vc_column_text css=&#8221;&#8221;] \u00centreb\u0103ri frecvente [\/vc_column_text][\/vc_column][\/vc_row][vc_row css_animation=&#8221;&#8221; row_type=&#8221;row&#8221; use_row_as_full_screen_section=&#8221;no&#8221; type=&#8221;full_width&#8221; angled_section=&#8221;no&#8221; text_align=&#8221;left&#8221; background_image_as_pattern=&#8221;without_pattern&#8221;][vc_column][vc_column_text css=&#8221;&#8221;] &#8211;\u00a0\u00a0\u00ce: \u00cen ce \u021b\u0103ri activeaz\u0103 DallBogg \u00een prezent? R\u0103spuns: Cu pia\u021ba principal\u0103 \u00een Bulgaria, DallBogg s-a extins cu succes \u00een Grecia, Italia, Spania,...\" \/>\n<meta property=\"og:url\" content=\"https:\/\/dallbogg.com\/ro\/faq\/\" \/>\n<meta property=\"og:site_name\" content=\"\u0417\u0410\u0414 \u0414\u0430\u043b\u043b\u0411\u043e\u0433\u0433 \u0416\u0438\u0432\u043e\u0442 \u0438 \u0437\u0434\u0440\u0430\u0432\u0435 \u0410\u0414\" \/>\n<meta property=\"article:modified_time\" content=\"2025-11-13T06:55:01+00:00\" \/>\n<meta name=\"twitter:card\" content=\"summary_large_image\" \/>\n<meta name=\"twitter:label1\" content=\"Timp estimat pentru citire\" \/>\n\t<meta name=\"twitter:data1\" content=\"7 minute\" \/>\n<script type=\"application\/ld+json\" class=\"yoast-schema-graph\">{\"@context\":\"https:\/\/schema.org\",\"@graph\":[{\"@type\":\"WebPage\",\"@id\":\"https:\/\/dallbogg.com\/ro\/faq\/\",\"url\":\"https:\/\/dallbogg.com\/ro\/faq\/\",\"name\":\"\u00centreb\u0103ri frecvente - \u0417\u0410\u0414 \u0414\u0430\u043b\u043b\u0411\u043e\u0433\u0433 \u0416\u0438\u0432\u043e\u0442 \u0438 \u0437\u0434\u0440\u0430\u0432\u0435 \u0410\u0414\",\"isPartOf\":{\"@id\":\"https:\/\/dallbogg.com\/#website\"},\"datePublished\":\"2025-11-13T06:00:12+00:00\",\"dateModified\":\"2025-11-13T06:55:01+00:00\",\"breadcrumb\":{\"@id\":\"https:\/\/dallbogg.com\/ro\/faq\/#breadcrumb\"},\"inLanguage\":\"ro-RO\",\"potentialAction\":[{\"@type\":\"ReadAction\",\"target\":[\"https:\/\/dallbogg.com\/ro\/faq\/\"]}]},{\"@type\":\"BreadcrumbList\",\"@id\":\"https:\/\/dallbogg.com\/ro\/faq\/#breadcrumb\",\"itemListElement\":[{\"@type\":\"ListItem\",\"position\":1,\"name\":\"\u041d\u0430\u0447\u0430\u043b\u043e\",\"item\":\"https:\/\/dallbogg.com\/ro\/\"},{\"@type\":\"ListItem\",\"position\":2,\"name\":\"\u00centreb\u0103ri frecvente\"}]},{\"@type\":\"WebSite\",\"@id\":\"https:\/\/dallbogg.com\/#website\",\"url\":\"https:\/\/dallbogg.com\/\",\"name\":\"\u0417\u0410\u0414 \u0414\u0430\u043b\u043b\u0411\u043e\u0433\u0433 \u0416\u0438\u0432\u043e\u0442 \u0438 \u0437\u0434\u0440\u0430\u0432\u0435 \u0410\u0414\",\"description\":\"\u041f\u043e\u0440\u0435\u0434\u043d\u0438\u044f\u0442 WordPress \u0441\u0430\u0439\u0442\",\"potentialAction\":[{\"@type\":\"SearchAction\",\"target\":{\"@type\":\"EntryPoint\",\"urlTemplate\":\"https:\/\/dallbogg.com\/?s={search_term_string}\"},\"query-input\":{\"@type\":\"PropertyValueSpecification\",\"valueRequired\":true,\"valueName\":\"search_term_string\"}}],\"inLanguage\":\"ro-RO\"}]}<\/script>\n<!-- \/ Yoast SEO plugin. -->","yoast_head_json":{"title":"\u00centreb\u0103ri frecvente - \u0417\u0410\u0414 \u0414\u0430\u043b\u043b\u0411\u043e\u0433\u0433 \u0416\u0438\u0432\u043e\u0442 \u0438 \u0437\u0434\u0440\u0430\u0432\u0435 \u0410\u0414","robots":{"index":"index","follow":"follow","max-snippet":"max-snippet:-1","max-image-preview":"max-image-preview:large","max-video-preview":"max-video-preview:-1"},"canonical":"https:\/\/dallbogg.com\/ro\/faq\/","og_locale":"ro_RO","og_type":"article","og_title":"\u00centreb\u0103ri frecvente - \u0417\u0410\u0414 \u0414\u0430\u043b\u043b\u0411\u043e\u0433\u0433 \u0416\u0438\u0432\u043e\u0442 \u0438 \u0437\u0434\u0440\u0430\u0432\u0435 \u0410\u0414","og_description":"[vc_row css_animation=&#8221;&#8221; row_type=&#8221;row&#8221; use_row_as_full_screen_section=&#8221;no&#8221; type=&#8221;full_width&#8221; angled_section=&#8221;no&#8221; text_align=&#8221;left&#8221; background_image_as_pattern=&#8221;without_pattern&#8221; z_index=&#8221;&#8221; padding_bottom=&#8221;60&#8243;][vc_column][vc_column_text css=&#8221;&#8221;] \u00centreb\u0103ri frecvente [\/vc_column_text][\/vc_column][\/vc_row][vc_row css_animation=&#8221;&#8221; row_type=&#8221;row&#8221; use_row_as_full_screen_section=&#8221;no&#8221; type=&#8221;full_width&#8221; angled_section=&#8221;no&#8221; text_align=&#8221;left&#8221; background_image_as_pattern=&#8221;without_pattern&#8221;][vc_column][vc_column_text css=&#8221;&#8221;] &#8211;\u00a0\u00a0\u00ce: \u00cen ce \u021b\u0103ri activeaz\u0103 DallBogg \u00een prezent? R\u0103spuns: Cu pia\u021ba principal\u0103 \u00een Bulgaria, DallBogg s-a extins cu succes \u00een Grecia, Italia, Spania,...","og_url":"https:\/\/dallbogg.com\/ro\/faq\/","og_site_name":"\u0417\u0410\u0414 \u0414\u0430\u043b\u043b\u0411\u043e\u0433\u0433 \u0416\u0438\u0432\u043e\u0442 \u0438 \u0437\u0434\u0440\u0430\u0432\u0435 \u0410\u0414","article_modified_time":"2025-11-13T06:55:01+00:00","twitter_card":"summary_large_image","twitter_misc":{"Timp estimat pentru citire":"7 minute"},"schema":{"@context":"https:\/\/schema.org","@graph":[{"@type":"WebPage","@id":"https:\/\/dallbogg.com\/ro\/faq\/","url":"https:\/\/dallbogg.com\/ro\/faq\/","name":"\u00centreb\u0103ri frecvente - \u0417\u0410\u0414 \u0414\u0430\u043b\u043b\u0411\u043e\u0433\u0433 \u0416\u0438\u0432\u043e\u0442 \u0438 \u0437\u0434\u0440\u0430\u0432\u0435 \u0410\u0414","isPartOf":{"@id":"https:\/\/dallbogg.com\/#website"},"datePublished":"2025-11-13T06:00:12+00:00","dateModified":"2025-11-13T06:55:01+00:00","breadcrumb":{"@id":"https:\/\/dallbogg.com\/ro\/faq\/#breadcrumb"},"inLanguage":"ro-RO","potentialAction":[{"@type":"ReadAction","target":["https:\/\/dallbogg.com\/ro\/faq\/"]}]},{"@type":"BreadcrumbList","@id":"https:\/\/dallbogg.com\/ro\/faq\/#breadcrumb","itemListElement":[{"@type":"ListItem","position":1,"name":"\u041d\u0430\u0447\u0430\u043b\u043e","item":"https:\/\/dallbogg.com\/ro\/"},{"@type":"ListItem","position":2,"name":"\u00centreb\u0103ri frecvente"}]},{"@type":"WebSite","@id":"https:\/\/dallbogg.com\/#website","url":"https:\/\/dallbogg.com\/","name":"\u0417\u0410\u0414 \u0414\u0430\u043b\u043b\u0411\u043e\u0433\u0433 \u0416\u0438\u0432\u043e\u0442 \u0438 \u0437\u0434\u0440\u0430\u0432\u0435 \u0410\u0414","description":"\u041f\u043e\u0440\u0435\u0434\u043d\u0438\u044f\u0442 WordPress \u0441\u0430\u0439\u0442","potentialAction":[{"@type":"SearchAction","target":{"@type":"EntryPoint","urlTemplate":"https:\/\/dallbogg.com\/?s={search_term_string}"},"query-input":{"@type":"PropertyValueSpecification","valueRequired":true,"valueName":"search_term_string"}}],"inLanguage":"ro-RO"}]}},"_links":{"self":[{"href":"https:\/\/dallbogg.com\/ro\/wp-json\/wp\/v2\/pages\/20936"}],"collection":[{"href":"https:\/\/dallbogg.com\/ro\/wp-json\/wp\/v2\/pages"}],"about":[{"href":"https:\/\/dallbogg.com\/ro\/wp-json\/wp\/v2\/types\/page"}],"author":[{"embeddable":true,"href":"https:\/\/dallbogg.com\/ro\/wp-json\/wp\/v2\/users\/1"}],"replies":[{"embeddable":true,"href":"https:\/\/dallbogg.com\/ro\/wp-json\/wp\/v2\/comments?post=20936"}],"version-history":[{"count":3,"href":"https:\/\/dallbogg.com\/ro\/wp-json\/wp\/v2\/pages\/20936\/revisions"}],"predecessor-version":[{"id":20939,"href":"https:\/\/dallbogg.com\/ro\/wp-json\/wp\/v2\/pages\/20936\/revisions\/20939"}],"wp:attachment":[{"href":"https:\/\/dallbogg.com\/ro\/wp-json\/wp\/v2\/media?parent=20936"}],"curies":[{"name":"wp","href":"https:\/\/api.w.org\/{rel}","templated":true}]}}