{"id":20458,"date":"2024-11-20T17:43:10","date_gmt":"2024-11-20T15:43:10","guid":{"rendered":"https:\/\/dallbogg.com\/?page_id=20458"},"modified":"2025-06-09T08:46:09","modified_gmt":"2025-06-09T05:46:09","slug":"motor-third-party-liability","status":"publish","type":"page","link":"https:\/\/dallbogg.com\/ro\/products\/auto-insurance\/motor-third-party-liability\/","title":{"rendered":"Asigurarea de r\u0103spundere civil\u0103 auto"},"content":{"rendered":"<div class=\"wpb-content-wrapper\"><p>[vc_row css_animation=&#8221;&#8221; row_type=&#8221;row&#8221; use_row_as_full_screen_section=&#8221;no&#8221; type=&#8221;full_width&#8221; angled_section=&#8221;no&#8221; text_align=&#8221;left&#8221; background_image_as_pattern=&#8221;without_pattern&#8221; z_index=&#8221;&#8221; padding_bottom=&#8221;60&#8243;][vc_column][vc_column_text css=&#8221;&#8221;]<\/p>\n<h3>Asigurarea de r\u0103spundere civil\u0103 auto<\/h3>\n<p>[\/vc_column_text][vc_separator type=&#8221;transparent&#8221; up=&#8221;20&#8243; down=&#8221;20&#8243;][vc_column_text css=&#8221;&#8221;]Asigurarea de r\u0103spundere civil\u0103 auto (RCA) este obligatorie \u00een Republica Rom\u00e2nia. Atunci c\u00e2nd \u00eencheia\u021bi o \u00a0RCA, DallBogg v\u0103 ofer\u0103 acoperire de asigurare pentru daunele cauzate de autovehiculul dumneavoastr\u0103 altor participan\u021bi la trafic sau bunurilor altor persoane.[\/vc_column_text][\/vc_column][\/vc_row][vc_row css_animation=&#8221;&#8221; row_type=&#8221;row&#8221; use_row_as_full_screen_section=&#8221;no&#8221; type=&#8221;full_width&#8221; angled_section=&#8221;no&#8221; text_align=&#8221;left&#8221; background_image_as_pattern=&#8221;without_pattern&#8221;][vc_column][vc_column_text css=&#8221;&#8221;]<\/p>\n<h5>De ce ar trebui s\u0103 \u00eenchei o asigurare RCA cu DallBogg?<\/h5>\n<p><strong>1. Tarife competitive<\/strong> \u2013 DallBogg ofer\u0103 pre\u021buri accesibile \u0219i atractive pentru poli\u021bele RCA, adaptate tuturor segmentelor de clien\u021bi.<br \/>\n<strong>2.\u00a0Emitere rapid\u0103 a poli\u021bei<\/strong> \u2013 Procesul este complet digital, iar poli\u021ba este emis\u0103 instant.<br \/>\n<strong>3.\u00a0Acoperire conform legisla\u021biei europene<\/strong> \u2013 Poli\u021bele RCA DallBogg respect\u0103 cerin\u021bele legale din Rom\u00e2nia \u0219i UE.<\/p>\n<p>&nbsp;<\/p>\n<h5>Pentru cine este asigurarea?<\/h5>\n<p>Persoanele asigurate sunt proprietarul ma\u0219inii specificate \u00een poli\u021ba de asigurare, precum \u0219i orice persoan\u0103 care utilizeaz\u0103 ma\u0219ina \u00een mod legal.<br \/>\nPrin \u00eencheierea unei polite RCA cu DallBogg v\u0103 scuti\u021bi de costurile aferente daunelor cauzate de dumneavoastr\u0103 ter\u021bilor.<br \/>\nTer\u021bii sunt toate persoanele, cu excep\u021bia persoanei care este responsabil\u0103 pentru daunele cauzate.<br \/>\nDesp\u0103gubirile se stabilesc \u00een conformitate cu legea rom\u00e2n\u0103 sau cu legea \u021b\u0103rii \u00een care s-a produs dauna.<\/p>\n<p>&nbsp;<\/p>\n<h5>Care sunt limitele de r\u0103spundere?<\/h5>\n<p>DallBogg ofer\u0103 limite obligatorii de r\u0103spundere stabilite prin reglement\u0103rile legale.<br \/>\nPentru teritoriul <strong>Rom\u00e2niei<\/strong>:<\/p>\n<ul>\n<li>Pentru daune morale \u0219i pecuniare cauzate de v\u0103t\u0103m\u0103ri corporale sau deces &#8211; 6 070 000 EUR per eveniment, indiferent de num\u0103rul persoanelor v\u0103t\u0103mate;<\/li>\n<li>Pentru daune materiale &#8211; 1 220 000 EUR pe eveniment, indiferent de num\u0103rul persoanelor r\u0103nite.<\/li>\n<\/ul>\n<p>Pentru teritoriul celorlalte state membre ale <strong>Uniunii Europene<\/strong> sau al \u021b\u0103rilor apar\u021bin\u00e2nd Spa\u021biului Economic European, limitele sunt stabilite \u00een conformitate cu legisla\u021bia local\u0103.<\/p>\n<p>&nbsp;<\/p>\n<h5>Cum \u0219i unde pot \u00eencheia o polita de asigurare?<\/h5>\n<p>Pentru ofertarea \u0219i emiterea poli\u021belor de asigurare RCA, v\u0103 pute\u021bi adresa partenerilor autoriza\u021bi cu care societatea are contracte \u00eencheiate, prezen\u021bi \u00een \u00eentreaga \u021bar\u0103.<\/p>\n<p data-start=\"371\" data-end=\"558\">De asemenea, pute\u021bi \u00eencheia o poli\u021b\u0103 \u0219i online, prin intermediul platformelor digitale administrate de partenerii no\u0219tri distribuitori, care ofer\u0103 acces rapid \u0219i facil la oferta DallBogg.<\/p>\n<p>&nbsp;<\/p>\n<h5>Unde este valabil\u0103 asigurarea?<\/h5>\n<p>Asigurarea este valabil\u0103 \u00een orice stat membru al <strong>Uniunii Europene<\/strong> \u0219i \u00een \u021b\u0103rile apar\u021bin\u00e2nd Spa\u021biului Economic European. Certificatul de carte verde, eliberat gratuit cu fiecare poli\u021b\u0103 de asigurare, acoper\u0103, de asemenea, r\u0103spunderea conduc\u0103torului auto pentru toate celelalte \u021b\u0103ri care sunt membre ale acordului interna\u021bional privind cartea verde.<\/p>\n<p>&nbsp;<\/p>\n<h5>Prima de asigurare<\/h5>\n<p>Drepturile si obligatiile asiguratului<\/p>\n<p>&nbsp;<\/p>\n<p><strong>Drepturile asiguratului<\/strong><\/p>\n<ul>\n<li>Are dreptul la desp\u0103gubirea integral\u0103 a prejudiciului cauzat p\u0103gubitului, \u00een limita sumelor legale prev\u0103zute de poli\u021ba RCA.<\/li>\n<li>Poate solicita restituirea unei p\u0103r\u021bi din prima de asigurare \u00een cazul v\u00e2nz\u0103rii sau cas\u0103rii vehiculului, cu condi\u021bia s\u0103 nu aib\u0103 daune \u00eenregistrate pe poli\u021ba RCA.<\/li>\n<li>Beneficiaz\u0103 de un bonus corespunz\u0103tor \u00een func\u021bie de clasa de bonus-malus la re\u00eennoirea asigur\u0103rii RCA, dac\u0103 nu a cauzat pagube pe poli\u021ba anterioar\u0103.<\/li>\n<li>Poate solicita, la emiterea poli\u021bei RCA, documentul de constatare amiabil\u0103.<\/li>\n<\/ul>\n<p>&nbsp;<\/p>\n<p><strong>Notificarea asigur\u0103torului<\/strong><\/p>\n<p>Asiguratul trebuie s\u0103 notifice asigur\u0103torul RCA cu privire la producerea unui eveniment asigurat (accident de vehicul) \u00een termen de 5 zile lucr\u0103toare de la accident.<\/p>\n<p>Acesta va oferi asigur\u0103torului RCA informa\u021bii despre cauzele \u0219i circumstan\u021bele accidentului, \u00eempreun\u0103 cu documentele necesare pentru investigarea cazului.<\/p>\n<p>De asemenea, asiguratul trebuie s\u0103 informeze asigur\u0103torul RCA \u00een termenul men\u021bionat despre urm\u0103toarele aspecte:<\/p>\n<ul>\n<li>dac\u0103 partea prejudiciat\u0103 a solicitat desp\u0103gubire<\/li>\n<li>dac\u0103 au fost ini\u021biate proceduri penale sau administrative \u00eempotriva sa \u00een leg\u0103tur\u0103 cu accidentul, \u0219i va comunica imediat desf\u0103\u0219urarea \u0219i rezultatele acestor proceduri<\/li>\n<li>dac\u0103 partea prejudiciat\u0103 a \u00eenaintat o cerere de desp\u0103gubire c\u0103tre instan\u021ba de judecat\u0103 sau la o alt\u0103 autoritate, \u00een cazul \u00een care asiguratul ia cuno\u0219tin\u021b\u0103 de acest lucru<\/li>\n<li>dac\u0103 informa\u021biile din contractul RCA au suferit modific\u0103ri pe parcursul valabilit\u0103\u021bii acestuia.<\/li>\n<\/ul>\n<p>Nerespectarea de c\u0103tre asigurat a acestor obliga\u021bii nu limiteaz\u0103 dreptul persoanei prejudiciate de a solicita desp\u0103gubiri. De asemenea, neprezentarea asiguratului la solicitarea asigur\u0103torului nu afecteaz\u0103 drepturile persoanei prejudiciate.<\/p>\n<p>&nbsp;<\/p>\n<p><strong>Informarea persoanei prejudiciate<\/strong><\/p>\n<p>Asiguratul va furniza, la cererea p\u0103r\u021bii prejudiciate, informa\u021biile necesare pentru formarea preten\u021biilor de desp\u0103gubire, inclusiv:<\/p>\n<ul>\n<li>numele, prenumele \u0219i adresa conduc\u0103torului vehiculului asigurat \u00een momentul accidentului<\/li>\n<li>numele, prenumele \u0219i adresa sau denumirea \u0219i sediul contractantului ori asiguratului<\/li>\n<li>denumirea \u0219i sediul asigur\u0103torului RCA care a emis contractul RCA, seria \u0219i num\u0103rul acestuia, precum \u0219i num\u0103rul de \u00eenmatriculare sau identificare al vehiculului asigurat.<\/li>\n<\/ul>\n<p>&nbsp;<\/p>\n<p>Pentru a consulta <strong>tarifele de referin\u021b\u0103 RCA<\/strong> publicate de Autoritatea de Supraveghere Financiar\u0103 (ASF), v\u0103 invit\u0103m s\u0103 accesa\u021bi link-ul oficial pus la dispozi\u021bie de ASF:<\/p>\n<p>&nbsp;<\/p>\n<p>\ud83d\udc49 <a href=\"https:\/\/asfromania.ro\/ro\/a\/3172\/tarife-de-referinta---decembrie-2024\">Vezi tarifele de referin\u021b\u0103 RCA \u2013 decembrie 2024<\/a><\/p>\n<p>&nbsp;<\/p>\n<p>Aceste tarife au un caracter informativ \u0219i servesc drept punct de orientare \u00een stabilirea primelor de asigurare RCA de c\u0103tre societ\u0103\u021bile autorizate. Ele nu reprezint\u0103 pre\u021buri impuse, ci au rolul de a aduce transparen\u021b\u0103 pe pia\u021ba asigur\u0103rilor auto obligatorii<\/p>\n<p>&nbsp;<\/p>\n<h5>Care sunt termenii si conditiile politei de asigurare RCA?<\/h5>\n<p>Politele de Asigurare RCA respecta prevederile legale in vigoare respectiv<a href=\"https:\/\/dallbogg.com\/wp-content\/uploads\/2025\/05\/sintact-legea-132-2017-privind-asigurarea.pdf\"> Legea nr. 132\/2017<\/a> si <a href=\"https:\/\/dallbogg.com\/wp-content\/uploads\/2025\/05\/sintact-norma-20-2017-privind-asigurarile-auto-din.pdf\">Norma ASF nr. 20\/2017.<\/a><\/p>\n<p>&nbsp;<\/p>\n<h5>Cum pot aviza o daun\u0103 \u0219i depune o cerere de desp\u0103gubire?<\/h5>\n<p>Pentru gestionarea corect\u0103 a dosarului dumneavoastr\u0103, v\u0103 rug\u0103m s\u0103 urma\u021bi pa\u0219ii de mai jos:<\/p>\n<p>&nbsp;<\/p>\n<ol>\n<li><strong data-start=\"238\" data-end=\"293\"> Avizarea daunei (deschiderea dosarului de daun\u0103)<\/strong><\/li>\n<\/ol>\n<p>Pentru a notifica dauna \u0219i a deschide dosarul, v\u0103 rug\u0103m s\u0103 trimite\u021bi documentele necesare prin:<br data-start=\"391\" data-end=\"394\" \/><strong data-start=\"397\" data-end=\"418\"><a href=\"mailto:avizare@diodea.ro\" data-start=\"399\" data-end=\"416\">avizare@diodea.ro<\/a><\/strong><br \/>\n<strong data-start=\"424\" data-end=\"456\">telefonic la +40 310 052 533<\/strong><br data-start=\"456\" data-end=\"459\" \/>sau s\u0103 le depune\u021bi direct la reprezentantul de desp\u0103gubiri din Rom\u00e2nia \u2013 DioDea Management S.R.L., Str. Buze\u0219ti nr. 75-77, Sector 1, Bucure\u0219ti, Rom\u00e2nia.<\/p>\n<p>&nbsp;<\/p>\n<p data-start=\"533\" data-end=\"556\"><strong data-start=\"533\" data-end=\"556\">Documente necesare:<\/strong><\/p>\n<ul data-start=\"557\" data-end=\"1000\">\n<li data-start=\"557\" data-end=\"666\">Proces-verbal emis de Poli\u021bie <strong data-start=\"589\" data-end=\"596\">sau<\/strong> formular de constatare amiabil\u0103 (completat \u0219i semnat de ambele p\u0103r\u021bi)<\/li>\n<li data-start=\"667\" data-end=\"736\">Carte de identitate \u0219i permis de conducere (ambii \u0219oferi implica\u021bi)<\/li>\n<li data-start=\"737\" data-end=\"811\">Certificatele de \u00eenmatriculare \u0219i poli\u021bele RCA ale vehiculelor implicate<\/li>\n<li data-start=\"812\" data-end=\"863\">Fotografii de la locul accidentului (dac\u0103 exist\u0103)<\/li>\n<li data-start=\"864\" data-end=\"921\">Adresa de email a persoanei p\u0103gubite \u0219i\/sau a \u0219oferului<\/li>\n<li data-start=\"922\" data-end=\"1000\"><strong data-start=\"924\" data-end=\"964\">Extras de cont bancar (IBAN titular)<\/strong> \u2013 necesar pentru plata desp\u0103gubirii<\/li>\n<\/ul>\n<p>&nbsp;<\/p>\n<ol start=\"2\">\n<li><strong data-start=\"1012\" data-end=\"1051\"> Depunerea cererii de desp\u0103gubire<\/strong><\/li>\n<\/ol>\n<p>Dup\u0103 ce dosarul a fost deschis \u0219i completat, cererea de desp\u0103gubire poate fi transmis\u0103 la:<br data-start=\"1144\" data-end=\"1147\" \/><strong data-start=\"1150\" data-end=\"1179\"><a href=\"mailto:solicitariplati@diodea.ro\" data-start=\"1152\" data-end=\"1177\">solicitariplati@diodea.ro<\/a><\/strong><\/p>\n<p>&nbsp;<\/p>\n<p data-start=\"1181\" data-end=\"1204\"><strong data-start=\"1181\" data-end=\"1204\">Documente necesare:<\/strong><\/p>\n<ul data-start=\"1205\" data-end=\"1372\">\n<li data-start=\"1205\" data-end=\"1255\"><strong data-start=\"1207\" data-end=\"1233\">Cererea de desp\u0103gubire<\/strong> completat\u0103 \u0219i semnat\u0103<\/li>\n<li data-start=\"1256\" data-end=\"1372\">Alte documente justificative, dac\u0103 este cazul (ex: devize\/facturi repara\u021bii, note explicative, coresponden\u021b\u0103 etc.)<\/li>\n<\/ul>\n<p>&nbsp;<\/p>\n<p><em data-start=\"1384\" data-end=\"1529\">V\u0103 rug\u0103m s\u0103 v\u0103 asigura\u021bi c\u0103 toate documentele sunt lizibile, complete \u0219i corect completate pentru a evita \u00eent\u00e2rzieri \u00een solu\u021bionarea dosarului<\/em><\/p>\n<p>&nbsp;<\/p>\n<p>&nbsp;<\/p>\n<h5>Documente utile<\/h5>\n<p><a href=\"https:\/\/dallbogg.com\/wp-content\/uploads\/2025\/05\/Restituire-RCA.pdf\">Restituire RCA<\/a><br \/>\n<a href=\"https:\/\/dallbogg.com\/wp-content\/uploads\/2025\/05\/Ghid-RCA.pdf\">Ghid RCA<\/a><br \/>\n<a href=\"https:\/\/dallbogg.com\/wp-content\/uploads\/2025\/05\/Cerere-de-despagubire.pdf\">Cerere de despagubire<\/a><br \/>\n<a href=\"https:\/\/dallbogg.com\/wp-content\/uploads\/2025\/05\/formular-de-avizare-dauna.pdf\">Formular de avizare dauna<\/a><br \/>\n<a href=\"https:\/\/dallbogg.com\/wp-content\/uploads\/2025\/05\/formular-de-solicitare-anulare-reziliere-modificare-RCA.pdf\">Formular de solicitare anulare, reziliere, modificare RCA<\/a>[\/vc_column_text][\/vc_column][\/vc_row][vc_row css_animation=&#8221;&#8221; row_type=&#8221;row&#8221; use_row_as_full_screen_section=&#8221;no&#8221; type=&#8221;full_width&#8221; angled_section=&#8221;no&#8221; text_align=&#8221;left&#8221; background_image_as_pattern=&#8221;without_pattern&#8221;][vc_column][vc_separator type=&#8221;transparent&#8221; up=&#8221;10&#8243; down=&#8221;10&#8243;][vc_single_image image=&#8221;15716&#8243; img_size=&#8221;full&#8221; alignment=&#8221;center&#8221; qode_css_animation=&#8221;&#8221;][vc_separator type=&#8221;transparent&#8221; up=&#8221;10&#8243; down=&#8221;10&#8243;][\/vc_column][\/vc_row]<\/p>\n<\/div>","protected":false},"excerpt":{"rendered":"<p>[vc_row css_animation=&#8221;&#8221; row_type=&#8221;row&#8221; use_row_as_full_screen_section=&#8221;no&#8221; type=&#8221;full_width&#8221; angled_section=&#8221;no&#8221; text_align=&#8221;left&#8221; background_image_as_pattern=&#8221;without_pattern&#8221; z_index=&#8221;&#8221; padding_bottom=&#8221;60&#8243;][vc_column][vc_column_text css=&#8221;&#8221;] Asigurarea de r\u0103spundere civil\u0103 auto [\/vc_column_text][vc_separator type=&#8221;transparent&#8221; up=&#8221;20&#8243; down=&#8221;20&#8243;][vc_column_text css=&#8221;&#8221;]Asigurarea de r\u0103spundere civil\u0103 auto (RCA) este obligatorie \u00een Republica Rom\u00e2nia. Atunci c\u00e2nd \u00eencheia\u021bi o \u00a0RCA, DallBogg v\u0103 ofer\u0103 acoperire de asigurare pentru daunele cauzate&#8230;<\/p>\n","protected":false},"author":1,"featured_media":0,"parent":20456,"menu_order":0,"comment_status":"closed","ping_status":"closed","template":"","meta":{"footnotes":""},"yoast_head":"<!-- This site is optimized with the Yoast SEO plugin v23.4 - https:\/\/yoast.com\/wordpress\/plugins\/seo\/ -->\n<title>Asigurarea de r\u0103spundere civil\u0103 auto - \u0417\u0410\u0414 \u0414\u0430\u043b\u043b\u0411\u043e\u0433\u0433 \u0416\u0438\u0432\u043e\u0442 \u0438 \u0437\u0434\u0440\u0430\u0432\u0435 \u0410\u0414<\/title>\n<meta name=\"robots\" content=\"index, follow, max-snippet:-1, max-image-preview:large, max-video-preview:-1\" \/>\n<link rel=\"canonical\" href=\"https:\/\/dallbogg.com\/ro\/products\/auto-insurance\/motor-third-party-liability\/\" \/>\n<meta property=\"og:locale\" content=\"ro_RO\" \/>\n<meta property=\"og:type\" content=\"article\" \/>\n<meta property=\"og:title\" content=\"Asigurarea de r\u0103spundere civil\u0103 auto - \u0417\u0410\u0414 \u0414\u0430\u043b\u043b\u0411\u043e\u0433\u0433 \u0416\u0438\u0432\u043e\u0442 \u0438 \u0437\u0434\u0440\u0430\u0432\u0435 \u0410\u0414\" \/>\n<meta property=\"og:description\" content=\"[vc_row css_animation=&#8221;&#8221; row_type=&#8221;row&#8221; use_row_as_full_screen_section=&#8221;no&#8221; type=&#8221;full_width&#8221; angled_section=&#8221;no&#8221; text_align=&#8221;left&#8221; background_image_as_pattern=&#8221;without_pattern&#8221; z_index=&#8221;&#8221; padding_bottom=&#8221;60&#8243;][vc_column][vc_column_text css=&#8221;&#8221;] Asigurarea de r\u0103spundere civil\u0103 auto [\/vc_column_text][vc_separator type=&#8221;transparent&#8221; up=&#8221;20&#8243; down=&#8221;20&#8243;][vc_column_text css=&#8221;&#8221;]Asigurarea de r\u0103spundere civil\u0103 auto (RCA) este obligatorie \u00een Republica Rom\u00e2nia. Atunci c\u00e2nd \u00eencheia\u021bi o \u00a0RCA, DallBogg v\u0103 ofer\u0103 acoperire de asigurare pentru daunele cauzate...\" \/>\n<meta property=\"og:url\" content=\"https:\/\/dallbogg.com\/ro\/products\/auto-insurance\/motor-third-party-liability\/\" \/>\n<meta property=\"og:site_name\" content=\"\u0417\u0410\u0414 \u0414\u0430\u043b\u043b\u0411\u043e\u0433\u0433 \u0416\u0438\u0432\u043e\u0442 \u0438 \u0437\u0434\u0440\u0430\u0432\u0435 \u0410\u0414\" \/>\n<meta property=\"article:modified_time\" content=\"2025-06-09T05:46:09+00:00\" \/>\n<meta name=\"twitter:card\" content=\"summary_large_image\" \/>\n<meta name=\"twitter:label1\" content=\"Timp estimat pentru citire\" \/>\n\t<meta name=\"twitter:data1\" content=\"6 minute\" \/>\n<script type=\"application\/ld+json\" class=\"yoast-schema-graph\">{\"@context\":\"https:\/\/schema.org\",\"@graph\":[{\"@type\":\"WebPage\",\"@id\":\"https:\/\/dallbogg.com\/ro\/products\/auto-insurance\/motor-third-party-liability\/\",\"url\":\"https:\/\/dallbogg.com\/ro\/products\/auto-insurance\/motor-third-party-liability\/\",\"name\":\"Asigurarea de r\u0103spundere civil\u0103 auto - \u0417\u0410\u0414 \u0414\u0430\u043b\u043b\u0411\u043e\u0433\u0433 \u0416\u0438\u0432\u043e\u0442 \u0438 \u0437\u0434\u0440\u0430\u0432\u0435 \u0410\u0414\",\"isPartOf\":{\"@id\":\"https:\/\/dallbogg.com\/#website\"},\"datePublished\":\"2024-11-20T15:43:10+00:00\",\"dateModified\":\"2025-06-09T05:46:09+00:00\",\"breadcrumb\":{\"@id\":\"https:\/\/dallbogg.com\/ro\/products\/auto-insurance\/motor-third-party-liability\/#breadcrumb\"},\"inLanguage\":\"ro-RO\",\"potentialAction\":[{\"@type\":\"ReadAction\",\"target\":[\"https:\/\/dallbogg.com\/ro\/products\/auto-insurance\/motor-third-party-liability\/\"]}]},{\"@type\":\"BreadcrumbList\",\"@id\":\"https:\/\/dallbogg.com\/ro\/products\/auto-insurance\/motor-third-party-liability\/#breadcrumb\",\"itemListElement\":[{\"@type\":\"ListItem\",\"position\":1,\"name\":\"\u041d\u0430\u0447\u0430\u043b\u043e\",\"item\":\"https:\/\/dallbogg.com\/ro\/\"},{\"@type\":\"ListItem\",\"position\":2,\"name\":\"Produse\",\"item\":\"https:\/\/dallbogg.com\/ro\/products\/\"},{\"@type\":\"ListItem\",\"position\":3,\"name\":\"Asigurare auto\",\"item\":\"https:\/\/dallbogg.com\/ro\/products\/auto-insurance\/\"},{\"@type\":\"ListItem\",\"position\":4,\"name\":\"Asigurarea de r\u0103spundere civil\u0103 auto\"}]},{\"@type\":\"WebSite\",\"@id\":\"https:\/\/dallbogg.com\/#website\",\"url\":\"https:\/\/dallbogg.com\/\",\"name\":\"\u0417\u0410\u0414 \u0414\u0430\u043b\u043b\u0411\u043e\u0433\u0433 \u0416\u0438\u0432\u043e\u0442 \u0438 \u0437\u0434\u0440\u0430\u0432\u0435 \u0410\u0414\",\"description\":\"\u041f\u043e\u0440\u0435\u0434\u043d\u0438\u044f\u0442 WordPress \u0441\u0430\u0439\u0442\",\"potentialAction\":[{\"@type\":\"SearchAction\",\"target\":{\"@type\":\"EntryPoint\",\"urlTemplate\":\"https:\/\/dallbogg.com\/?s={search_term_string}\"},\"query-input\":{\"@type\":\"PropertyValueSpecification\",\"valueRequired\":true,\"valueName\":\"search_term_string\"}}],\"inLanguage\":\"ro-RO\"}]}<\/script>\n<!-- \/ Yoast SEO plugin. -->","yoast_head_json":{"title":"Asigurarea de r\u0103spundere civil\u0103 auto - \u0417\u0410\u0414 \u0414\u0430\u043b\u043b\u0411\u043e\u0433\u0433 \u0416\u0438\u0432\u043e\u0442 \u0438 \u0437\u0434\u0440\u0430\u0432\u0435 \u0410\u0414","robots":{"index":"index","follow":"follow","max-snippet":"max-snippet:-1","max-image-preview":"max-image-preview:large","max-video-preview":"max-video-preview:-1"},"canonical":"https:\/\/dallbogg.com\/ro\/products\/auto-insurance\/motor-third-party-liability\/","og_locale":"ro_RO","og_type":"article","og_title":"Asigurarea de r\u0103spundere civil\u0103 auto - \u0417\u0410\u0414 \u0414\u0430\u043b\u043b\u0411\u043e\u0433\u0433 \u0416\u0438\u0432\u043e\u0442 \u0438 \u0437\u0434\u0440\u0430\u0432\u0435 \u0410\u0414","og_description":"[vc_row css_animation=&#8221;&#8221; row_type=&#8221;row&#8221; use_row_as_full_screen_section=&#8221;no&#8221; type=&#8221;full_width&#8221; angled_section=&#8221;no&#8221; text_align=&#8221;left&#8221; background_image_as_pattern=&#8221;without_pattern&#8221; z_index=&#8221;&#8221; padding_bottom=&#8221;60&#8243;][vc_column][vc_column_text css=&#8221;&#8221;] Asigurarea de r\u0103spundere civil\u0103 auto [\/vc_column_text][vc_separator type=&#8221;transparent&#8221; up=&#8221;20&#8243; down=&#8221;20&#8243;][vc_column_text css=&#8221;&#8221;]Asigurarea de r\u0103spundere civil\u0103 auto (RCA) este obligatorie \u00een Republica Rom\u00e2nia. Atunci c\u00e2nd \u00eencheia\u021bi o \u00a0RCA, DallBogg v\u0103 ofer\u0103 acoperire de asigurare pentru daunele cauzate...","og_url":"https:\/\/dallbogg.com\/ro\/products\/auto-insurance\/motor-third-party-liability\/","og_site_name":"\u0417\u0410\u0414 \u0414\u0430\u043b\u043b\u0411\u043e\u0433\u0433 \u0416\u0438\u0432\u043e\u0442 \u0438 \u0437\u0434\u0440\u0430\u0432\u0435 \u0410\u0414","article_modified_time":"2025-06-09T05:46:09+00:00","twitter_card":"summary_large_image","twitter_misc":{"Timp estimat pentru citire":"6 minute"},"schema":{"@context":"https:\/\/schema.org","@graph":[{"@type":"WebPage","@id":"https:\/\/dallbogg.com\/ro\/products\/auto-insurance\/motor-third-party-liability\/","url":"https:\/\/dallbogg.com\/ro\/products\/auto-insurance\/motor-third-party-liability\/","name":"Asigurarea de r\u0103spundere civil\u0103 auto - \u0417\u0410\u0414 \u0414\u0430\u043b\u043b\u0411\u043e\u0433\u0433 \u0416\u0438\u0432\u043e\u0442 \u0438 \u0437\u0434\u0440\u0430\u0432\u0435 \u0410\u0414","isPartOf":{"@id":"https:\/\/dallbogg.com\/#website"},"datePublished":"2024-11-20T15:43:10+00:00","dateModified":"2025-06-09T05:46:09+00:00","breadcrumb":{"@id":"https:\/\/dallbogg.com\/ro\/products\/auto-insurance\/motor-third-party-liability\/#breadcrumb"},"inLanguage":"ro-RO","potentialAction":[{"@type":"ReadAction","target":["https:\/\/dallbogg.com\/ro\/products\/auto-insurance\/motor-third-party-liability\/"]}]},{"@type":"BreadcrumbList","@id":"https:\/\/dallbogg.com\/ro\/products\/auto-insurance\/motor-third-party-liability\/#breadcrumb","itemListElement":[{"@type":"ListItem","position":1,"name":"\u041d\u0430\u0447\u0430\u043b\u043e","item":"https:\/\/dallbogg.com\/ro\/"},{"@type":"ListItem","position":2,"name":"Produse","item":"https:\/\/dallbogg.com\/ro\/products\/"},{"@type":"ListItem","position":3,"name":"Asigurare auto","item":"https:\/\/dallbogg.com\/ro\/products\/auto-insurance\/"},{"@type":"ListItem","position":4,"name":"Asigurarea de r\u0103spundere civil\u0103 auto"}]},{"@type":"WebSite","@id":"https:\/\/dallbogg.com\/#website","url":"https:\/\/dallbogg.com\/","name":"\u0417\u0410\u0414 \u0414\u0430\u043b\u043b\u0411\u043e\u0433\u0433 \u0416\u0438\u0432\u043e\u0442 \u0438 \u0437\u0434\u0440\u0430\u0432\u0435 \u0410\u0414","description":"\u041f\u043e\u0440\u0435\u0434\u043d\u0438\u044f\u0442 WordPress \u0441\u0430\u0439\u0442","potentialAction":[{"@type":"SearchAction","target":{"@type":"EntryPoint","urlTemplate":"https:\/\/dallbogg.com\/?s={search_term_string}"},"query-input":{"@type":"PropertyValueSpecification","valueRequired":true,"valueName":"search_term_string"}}],"inLanguage":"ro-RO"}]}},"_links":{"self":[{"href":"https:\/\/dallbogg.com\/ro\/wp-json\/wp\/v2\/pages\/20458"}],"collection":[{"href":"https:\/\/dallbogg.com\/ro\/wp-json\/wp\/v2\/pages"}],"about":[{"href":"https:\/\/dallbogg.com\/ro\/wp-json\/wp\/v2\/types\/page"}],"author":[{"embeddable":true,"href":"https:\/\/dallbogg.com\/ro\/wp-json\/wp\/v2\/users\/1"}],"replies":[{"embeddable":true,"href":"https:\/\/dallbogg.com\/ro\/wp-json\/wp\/v2\/comments?post=20458"}],"version-history":[{"count":21,"href":"https:\/\/dallbogg.com\/ro\/wp-json\/wp\/v2\/pages\/20458\/revisions"}],"predecessor-version":[{"id":20722,"href":"https:\/\/dallbogg.com\/ro\/wp-json\/wp\/v2\/pages\/20458\/revisions\/20722"}],"up":[{"embeddable":true,"href":"https:\/\/dallbogg.com\/ro\/wp-json\/wp\/v2\/pages\/20456"}],"wp:attachment":[{"href":"https:\/\/dallbogg.com\/ro\/wp-json\/wp\/v2\/media?parent=20458"}],"curies":[{"name":"wp","href":"https:\/\/api.w.org\/{rel}","templated":true}]}}