{"id":20456,"date":"2024-11-20T17:43:34","date_gmt":"2024-11-20T15:43:34","guid":{"rendered":"https:\/\/dallbogg.com\/?page_id=20456"},"modified":"2025-05-16T15:20:45","modified_gmt":"2025-05-16T12:20:45","slug":"auto-insurance","status":"publish","type":"page","link":"https:\/\/dallbogg.com\/ro\/products\/auto-insurance\/","title":{"rendered":"Asigurare auto"},"content":{"rendered":"<div class=\"wpb-content-wrapper\"><p>[vc_row css_animation=&#8221;&#8221; row_type=&#8221;row&#8221; use_row_as_full_screen_section=&#8221;no&#8221; type=&#8221;full_width&#8221; angled_section=&#8221;no&#8221; text_align=&#8221;left&#8221; background_image_as_pattern=&#8221;without_pattern&#8221; z_index=&#8221;&#8221; padding_bottom=&#8221;60&#8243;][vc_column][vc_column_text css=&#8221;&#8221;]<\/p>\n<div class=\"wpb_text_column wpb_content_element \">\n<div class=\"wpb_wrapper\">\n<h3>Asigurare auto<\/h3>\n<\/div>\n<\/div>\n<p>[\/vc_column_text][vc_separator type=&#8221;transparent&#8221; up=&#8221;20&#8243; down=&#8221;20&#8243;][vc_column_text css=&#8221;.vc_custom_1747398026917{margin-top: 0px !important;background-color: #ffffff !important;}&#8221;]<\/p>\n<h4 style=\"text-align: center;\"><em>\u201cDac\u0103 ai grij\u0103 de ma\u0219ina ta, aceasta te va r\u0103spl\u0103ti pe drum.\u201d<\/em><\/h4>\n<p>[\/vc_column_text][vc_separator type=&#8221;transparent&#8221; up=&#8221;20&#8243; down=&#8221;20&#8243;][vc_column_text css=&#8221;&#8221;]Cu Asigurarea Auto de la DallBogg, vei conduce \u00een siguran\u021b\u0103 at\u00e2t \u00een rutina zilnic\u0103, c\u00e2t \u0219i \u00een timpul liber.<\/p>\n<p>Pentru c\u0103 nevoile tale de asigurare sunt strict individuale, cu DallBogg po\u021bi alege exact tipul de protec\u021bie de care ai nevoie.[\/vc_column_text][\/vc_column][\/vc_row][vc_row css_animation=&#8221;&#8221; row_type=&#8221;row&#8221; use_row_as_full_screen_section=&#8221;no&#8221; type=&#8221;grid&#8221; angled_section=&#8221;no&#8221; text_align=&#8221;left&#8221; background_image_as_pattern=&#8221;without_pattern&#8221; z_index=&#8221;&#8221;][vc_column width=&#8221;1\/3&#8243;][vc_row_inner row_type=&#8221;row&#8221; type=&#8221;full_width&#8221; text_align=&#8221;left&#8221; css_animation=&#8221;element_from_bottom&#8221; transition_delay=&#8221;400&#8243;][vc_column_inner][vc_single_image image=&#8221;15922&#8243; img_size=&#8221;full&#8221; onclick=&#8221;custom_link&#8221; css=&#8221;&#8221; qode_css_animation=&#8221;&#8221; qode_hover_animation=&#8221;zoom_in&#8221; link=&#8221;https:\/\/dallbogg.com\/ro\/products\/auto-insurance\/motor-third-party-liability\/&#8221;][vc_separator type=&#8221;transparent&#8221;][vc_column_text css=&#8221;&#8221;]<\/p>\n<h4 style=\"text-align: center;\"><a href=\"https:\/\/dallbogg.com\/ro\/products\/auto-insurance\/motor-third-party-liability\/\">Asigurarea de r\u0103spundere civil\u0103 auto<\/a><\/h4>\n<p>[\/vc_column_text][vc_separator type=&#8221;transparent&#8221;][\/vc_column_inner][\/vc_row_inner][\/vc_column][vc_column width=&#8221;1\/3&#8243;][\/vc_column][vc_column width=&#8221;1\/3&#8243;][\/vc_column][\/vc_row][vc_row css_animation=&#8221;&#8221; row_type=&#8221;row&#8221; use_row_as_full_screen_section=&#8221;no&#8221; type=&#8221;full_width&#8221; angled_section=&#8221;no&#8221; text_align=&#8221;left&#8221; background_image_as_pattern=&#8221;without_pattern&#8221;][vc_column][vc_separator type=&#8221;transparent&#8221; up=&#8221;10&#8243; down=&#8221;10&#8243;][vc_single_image image=&#8221;15716&#8243; img_size=&#8221;full&#8221; alignment=&#8221;center&#8221; qode_css_animation=&#8221;&#8221;][vc_separator type=&#8221;transparent&#8221; up=&#8221;10&#8243; down=&#8221;10&#8243;][\/vc_column][\/vc_row]<\/p>\n<\/div>","protected":false},"excerpt":{"rendered":"<p>[vc_row css_animation=&#8221;&#8221; row_type=&#8221;row&#8221; use_row_as_full_screen_section=&#8221;no&#8221; type=&#8221;full_width&#8221; angled_section=&#8221;no&#8221; text_align=&#8221;left&#8221; background_image_as_pattern=&#8221;without_pattern&#8221; z_index=&#8221;&#8221; padding_bottom=&#8221;60&#8243;][vc_column][vc_column_text css=&#8221;&#8221;] Asigurare auto [\/vc_column_text][vc_separator type=&#8221;transparent&#8221; up=&#8221;20&#8243; down=&#8221;20&#8243;][vc_column_text css=&#8221;.vc_custom_1747398026917{margin-top: 0px !important;background-color: #ffffff !important;}&#8221;] \u201cDac\u0103 ai grij\u0103 de ma\u0219ina ta, aceasta te va r\u0103spl\u0103ti pe drum.\u201d [\/vc_column_text][vc_separator type=&#8221;transparent&#8221; up=&#8221;20&#8243; down=&#8221;20&#8243;][vc_column_text css=&#8221;&#8221;]Cu Asigurarea Auto de la DallBogg, vei&#8230;<\/p>\n","protected":false},"author":1,"featured_media":0,"parent":19781,"menu_order":0,"comment_status":"closed","ping_status":"closed","template":"","meta":{"footnotes":""},"yoast_head":"<!-- This site is optimized with the Yoast SEO plugin v23.4 - https:\/\/yoast.com\/wordpress\/plugins\/seo\/ -->\n<title>Asigurare auto - \u0417\u0410\u0414 \u0414\u0430\u043b\u043b\u0411\u043e\u0433\u0433 \u0416\u0438\u0432\u043e\u0442 \u0438 \u0437\u0434\u0440\u0430\u0432\u0435 \u0410\u0414<\/title>\n<meta name=\"robots\" content=\"index, follow, max-snippet:-1, max-image-preview:large, max-video-preview:-1\" \/>\n<link rel=\"canonical\" href=\"https:\/\/dallbogg.com\/ro\/products\/auto-insurance\/\" \/>\n<meta property=\"og:locale\" content=\"ro_RO\" \/>\n<meta property=\"og:type\" content=\"article\" \/>\n<meta property=\"og:title\" content=\"Asigurare auto - \u0417\u0410\u0414 \u0414\u0430\u043b\u043b\u0411\u043e\u0433\u0433 \u0416\u0438\u0432\u043e\u0442 \u0438 \u0437\u0434\u0440\u0430\u0432\u0435 \u0410\u0414\" \/>\n<meta property=\"og:description\" content=\"[vc_row css_animation=&#8221;&#8221; row_type=&#8221;row&#8221; use_row_as_full_screen_section=&#8221;no&#8221; type=&#8221;full_width&#8221; angled_section=&#8221;no&#8221; text_align=&#8221;left&#8221; background_image_as_pattern=&#8221;without_pattern&#8221; z_index=&#8221;&#8221; padding_bottom=&#8221;60&#8243;][vc_column][vc_column_text css=&#8221;&#8221;] Asigurare auto [\/vc_column_text][vc_separator type=&#8221;transparent&#8221; up=&#8221;20&#8243; down=&#8221;20&#8243;][vc_column_text css=&#8221;.vc_custom_1747398026917{margin-top: 0px !important;background-color: #ffffff !important;}&#8221;] \u201cDac\u0103 ai grij\u0103 de ma\u0219ina ta, aceasta te va r\u0103spl\u0103ti pe drum.\u201d [\/vc_column_text][vc_separator type=&#8221;transparent&#8221; up=&#8221;20&#8243; down=&#8221;20&#8243;][vc_column_text css=&#8221;&#8221;]Cu Asigurarea Auto de la DallBogg, vei...\" \/>\n<meta property=\"og:url\" content=\"https:\/\/dallbogg.com\/ro\/products\/auto-insurance\/\" \/>\n<meta property=\"og:site_name\" content=\"\u0417\u0410\u0414 \u0414\u0430\u043b\u043b\u0411\u043e\u0433\u0433 \u0416\u0438\u0432\u043e\u0442 \u0438 \u0437\u0434\u0440\u0430\u0432\u0435 \u0410\u0414\" \/>\n<meta property=\"article:modified_time\" content=\"2025-05-16T12:20:45+00:00\" \/>\n<meta name=\"twitter:card\" content=\"summary_large_image\" \/>\n<meta name=\"twitter:label1\" content=\"Timp estimat pentru citire\" \/>\n\t<meta name=\"twitter:data1\" content=\"2 minute\" \/>\n<script type=\"application\/ld+json\" class=\"yoast-schema-graph\">{\"@context\":\"https:\/\/schema.org\",\"@graph\":[{\"@type\":\"WebPage\",\"@id\":\"https:\/\/dallbogg.com\/ro\/products\/auto-insurance\/\",\"url\":\"https:\/\/dallbogg.com\/ro\/products\/auto-insurance\/\",\"name\":\"Asigurare auto - \u0417\u0410\u0414 \u0414\u0430\u043b\u043b\u0411\u043e\u0433\u0433 \u0416\u0438\u0432\u043e\u0442 \u0438 \u0437\u0434\u0440\u0430\u0432\u0435 \u0410\u0414\",\"isPartOf\":{\"@id\":\"https:\/\/dallbogg.com\/#website\"},\"datePublished\":\"2024-11-20T15:43:34+00:00\",\"dateModified\":\"2025-05-16T12:20:45+00:00\",\"breadcrumb\":{\"@id\":\"https:\/\/dallbogg.com\/ro\/products\/auto-insurance\/#breadcrumb\"},\"inLanguage\":\"ro-RO\",\"potentialAction\":[{\"@type\":\"ReadAction\",\"target\":[\"https:\/\/dallbogg.com\/ro\/products\/auto-insurance\/\"]}]},{\"@type\":\"BreadcrumbList\",\"@id\":\"https:\/\/dallbogg.com\/ro\/products\/auto-insurance\/#breadcrumb\",\"itemListElement\":[{\"@type\":\"ListItem\",\"position\":1,\"name\":\"\u041d\u0430\u0447\u0430\u043b\u043e\",\"item\":\"https:\/\/dallbogg.com\/ro\/\"},{\"@type\":\"ListItem\",\"position\":2,\"name\":\"Produse\",\"item\":\"https:\/\/dallbogg.com\/ro\/products\/\"},{\"@type\":\"ListItem\",\"position\":3,\"name\":\"Asigurare auto\"}]},{\"@type\":\"WebSite\",\"@id\":\"https:\/\/dallbogg.com\/#website\",\"url\":\"https:\/\/dallbogg.com\/\",\"name\":\"\u0417\u0410\u0414 \u0414\u0430\u043b\u043b\u0411\u043e\u0433\u0433 \u0416\u0438\u0432\u043e\u0442 \u0438 \u0437\u0434\u0440\u0430\u0432\u0435 \u0410\u0414\",\"description\":\"\u041f\u043e\u0440\u0435\u0434\u043d\u0438\u044f\u0442 WordPress \u0441\u0430\u0439\u0442\",\"potentialAction\":[{\"@type\":\"SearchAction\",\"target\":{\"@type\":\"EntryPoint\",\"urlTemplate\":\"https:\/\/dallbogg.com\/?s={search_term_string}\"},\"query-input\":{\"@type\":\"PropertyValueSpecification\",\"valueRequired\":true,\"valueName\":\"search_term_string\"}}],\"inLanguage\":\"ro-RO\"}]}<\/script>\n<!-- \/ Yoast SEO plugin. -->","yoast_head_json":{"title":"Asigurare auto - \u0417\u0410\u0414 \u0414\u0430\u043b\u043b\u0411\u043e\u0433\u0433 \u0416\u0438\u0432\u043e\u0442 \u0438 \u0437\u0434\u0440\u0430\u0432\u0435 \u0410\u0414","robots":{"index":"index","follow":"follow","max-snippet":"max-snippet:-1","max-image-preview":"max-image-preview:large","max-video-preview":"max-video-preview:-1"},"canonical":"https:\/\/dallbogg.com\/ro\/products\/auto-insurance\/","og_locale":"ro_RO","og_type":"article","og_title":"Asigurare auto - \u0417\u0410\u0414 \u0414\u0430\u043b\u043b\u0411\u043e\u0433\u0433 \u0416\u0438\u0432\u043e\u0442 \u0438 \u0437\u0434\u0440\u0430\u0432\u0435 \u0410\u0414","og_description":"[vc_row css_animation=&#8221;&#8221; row_type=&#8221;row&#8221; use_row_as_full_screen_section=&#8221;no&#8221; type=&#8221;full_width&#8221; angled_section=&#8221;no&#8221; text_align=&#8221;left&#8221; background_image_as_pattern=&#8221;without_pattern&#8221; z_index=&#8221;&#8221; padding_bottom=&#8221;60&#8243;][vc_column][vc_column_text css=&#8221;&#8221;] Asigurare auto [\/vc_column_text][vc_separator type=&#8221;transparent&#8221; up=&#8221;20&#8243; down=&#8221;20&#8243;][vc_column_text css=&#8221;.vc_custom_1747398026917{margin-top: 0px !important;background-color: #ffffff !important;}&#8221;] \u201cDac\u0103 ai grij\u0103 de ma\u0219ina ta, aceasta te va r\u0103spl\u0103ti pe drum.\u201d [\/vc_column_text][vc_separator type=&#8221;transparent&#8221; up=&#8221;20&#8243; down=&#8221;20&#8243;][vc_column_text css=&#8221;&#8221;]Cu Asigurarea Auto de la DallBogg, vei...","og_url":"https:\/\/dallbogg.com\/ro\/products\/auto-insurance\/","og_site_name":"\u0417\u0410\u0414 \u0414\u0430\u043b\u043b\u0411\u043e\u0433\u0433 \u0416\u0438\u0432\u043e\u0442 \u0438 \u0437\u0434\u0440\u0430\u0432\u0435 \u0410\u0414","article_modified_time":"2025-05-16T12:20:45+00:00","twitter_card":"summary_large_image","twitter_misc":{"Timp estimat pentru citire":"2 minute"},"schema":{"@context":"https:\/\/schema.org","@graph":[{"@type":"WebPage","@id":"https:\/\/dallbogg.com\/ro\/products\/auto-insurance\/","url":"https:\/\/dallbogg.com\/ro\/products\/auto-insurance\/","name":"Asigurare auto - \u0417\u0410\u0414 \u0414\u0430\u043b\u043b\u0411\u043e\u0433\u0433 \u0416\u0438\u0432\u043e\u0442 \u0438 \u0437\u0434\u0440\u0430\u0432\u0435 \u0410\u0414","isPartOf":{"@id":"https:\/\/dallbogg.com\/#website"},"datePublished":"2024-11-20T15:43:34+00:00","dateModified":"2025-05-16T12:20:45+00:00","breadcrumb":{"@id":"https:\/\/dallbogg.com\/ro\/products\/auto-insurance\/#breadcrumb"},"inLanguage":"ro-RO","potentialAction":[{"@type":"ReadAction","target":["https:\/\/dallbogg.com\/ro\/products\/auto-insurance\/"]}]},{"@type":"BreadcrumbList","@id":"https:\/\/dallbogg.com\/ro\/products\/auto-insurance\/#breadcrumb","itemListElement":[{"@type":"ListItem","position":1,"name":"\u041d\u0430\u0447\u0430\u043b\u043e","item":"https:\/\/dallbogg.com\/ro\/"},{"@type":"ListItem","position":2,"name":"Produse","item":"https:\/\/dallbogg.com\/ro\/products\/"},{"@type":"ListItem","position":3,"name":"Asigurare auto"}]},{"@type":"WebSite","@id":"https:\/\/dallbogg.com\/#website","url":"https:\/\/dallbogg.com\/","name":"\u0417\u0410\u0414 \u0414\u0430\u043b\u043b\u0411\u043e\u0433\u0433 \u0416\u0438\u0432\u043e\u0442 \u0438 \u0437\u0434\u0440\u0430\u0432\u0435 \u0410\u0414","description":"\u041f\u043e\u0440\u0435\u0434\u043d\u0438\u044f\u0442 WordPress \u0441\u0430\u0439\u0442","potentialAction":[{"@type":"SearchAction","target":{"@type":"EntryPoint","urlTemplate":"https:\/\/dallbogg.com\/?s={search_term_string}"},"query-input":{"@type":"PropertyValueSpecification","valueRequired":true,"valueName":"search_term_string"}}],"inLanguage":"ro-RO"}]}},"_links":{"self":[{"href":"https:\/\/dallbogg.com\/ro\/wp-json\/wp\/v2\/pages\/20456"}],"collection":[{"href":"https:\/\/dallbogg.com\/ro\/wp-json\/wp\/v2\/pages"}],"about":[{"href":"https:\/\/dallbogg.com\/ro\/wp-json\/wp\/v2\/types\/page"}],"author":[{"embeddable":true,"href":"https:\/\/dallbogg.com\/ro\/wp-json\/wp\/v2\/users\/1"}],"replies":[{"embeddable":true,"href":"https:\/\/dallbogg.com\/ro\/wp-json\/wp\/v2\/comments?post=20456"}],"version-history":[{"count":6,"href":"https:\/\/dallbogg.com\/ro\/wp-json\/wp\/v2\/pages\/20456\/revisions"}],"predecessor-version":[{"id":20584,"href":"https:\/\/dallbogg.com\/ro\/wp-json\/wp\/v2\/pages\/20456\/revisions\/20584"}],"up":[{"embeddable":true,"href":"https:\/\/dallbogg.com\/ro\/wp-json\/wp\/v2\/pages\/19781"}],"wp:attachment":[{"href":"https:\/\/dallbogg.com\/ro\/wp-json\/wp\/v2\/media?parent=20456"}],"curies":[{"name":"wp","href":"https:\/\/api.w.org\/{rel}","templated":true}]}}