{"id":19776,"date":"2023-07-19T10:46:25","date_gmt":"2023-07-19T07:46:25","guid":{"rendered":"https:\/\/dallbogg.com\/?page_id=19776"},"modified":"2025-10-02T16:43:28","modified_gmt":"2025-10-02T13:43:28","slug":"contacts","status":"publish","type":"page","link":"https:\/\/dallbogg.com\/ro\/contacts\/","title":{"rendered":"Contacte"},"content":{"rendered":"<div class=\"wpb-content-wrapper\"><p>[vc_row css_animation=&#8221;&#8221; row_type=&#8221;row&#8221; use_row_as_full_screen_section=&#8221;no&#8221; type=&#8221;grid&#8221; angled_section=&#8221;no&#8221; text_align=&#8221;left&#8221; background_image_as_pattern=&#8221;without_pattern&#8221; padding_bottom=&#8221;30&#8243; padding_top=&#8221;60&#8243; z_index=&#8221;&#8221;][vc_column][vc_column_text]<\/p>\n<h3 style=\"text-align: center;\">Sediu \u0219i front office<\/h3>\n<p>[\/vc_column_text][vc_separator type=&#8221;normal&#8221; color=&#8221;#1e73be&#8221; up=&#8221;20&#8243; down=&#8221;20&#8243;][vc_column_text css=&#8221;&#8221;]<\/p>\n<p style=\"text-align: center;\"><strong>DallBogg: Life and Health Inc.<\/strong><br \/>\n<strong>Sofia, 1172<\/strong><br \/>\nBd. G. M. Dimitrov, nr. 1.<br \/>\nApeluri din Bulgaria: 0700 16 406<br \/>\nApeluri din strainatate: +359 2 4026 402<br \/>\ne-mail: <a href=\"mailto:bonds.ro@dallbogg.com\">bonds.ro@dallbogg.com<\/a><br \/>\ne-mail: <a href=\"mailto:info@dallbogg.com\">info@dallbogg.com<\/a><br \/>\n<strong>Program de lucru<\/strong> Luni \u2013 Vineri: 08:30 \u2013 17:30<\/p>\n<p>&nbsp;<\/p>\n<p style=\"text-align: center;\">Reprezentantul de despagubiri, pe teritoriul Romaniei, este compania<\/p>\n<p style=\"text-align: center;\"><strong>DioDea Management S.R.L.<\/strong><br \/>\nStr. Buzesti, nr. 75-77, sect. 1, Bucuresti, Romania<br \/>\nTel.: +40 310 052 533<\/p>\n<p style=\"text-align: center;\"><a href=\"https:\/\/dallbogg.native-code.ro\/avizare-online\/\">Deschiderea unei daune online este cea mai rapid\u0103 op\u021biune.<\/a><br \/>\ne-mails: <a href=\"mailto:office@diodea.ro\">office@diodea.ro<\/a>\u00a0\u2013 pentru\u00a0<span data-start=\"44\" data-end=\"67\">\u00eentreb\u0103ri generale<br \/>\n<\/span><a href=\"mailto:avizare@diodea.ro\">avizare@diodea.ro<\/a>\u00a0\u2013 pentru notificarea dosarelor de daun\u0103 noi<br \/>\n<a href=\"mailto:reconstatare@diodea.ro\" data-start=\"190\" data-end=\"212\">reconstatare@diodea.ro<\/a>\u00a0\u2013 pentru reconstat\u0103ri ale dosarelor de daun\u0103<br \/>\n<a href=\"mailto:solicitariplati@diodea.ro\" data-start=\"235\" data-end=\"260\">solicitariplati@diodea.ro<\/a>\u00a0\u2013 pentru solicit\u0103ri de plat\u0103<br \/>\n<a href=\"mailto:rca@dallbogg.com\" data-start=\"340\" data-end=\"356\">rca@dallbogg.com<\/a>\u00a0\u2013 pentru orice solicit\u0103ri legate de RCA (modific\u0103ri, corec\u021bii, anul\u0103ri, rezilieri sau ad\u0103ugarea unui num\u0103r de \u00eenmatriculare, etc.)<\/p>\n<p style=\"text-align: center;\"><strong>Program de lucru<\/strong> Luni \u2013 Vineri: 09:00 \u2013 17:30<\/p>\n<p>[\/vc_column_text][\/vc_column][\/vc_row][vc_row css_animation=&#8221;&#8221; row_type=&#8221;row&#8221; use_row_as_full_screen_section=&#8221;no&#8221; type=&#8221;grid&#8221; angled_section=&#8221;no&#8221; text_align=&#8221;center&#8221; background_image_as_pattern=&#8221;without_pattern&#8221; z_index=&#8221;&#8221;][vc_column width=&#8221;1\/3&#8243;][\/vc_column][vc_column width=&#8221;1\/3&#8243;]<span class='q_social_icon_holder circle_social' ><a itemprop='url' href='https:\/\/www.facebook.com\/dallbogg' target='_self'><span class='fa-stack fa-lg' style=''><i class=\"qode_icon_font_awesome fa fa-facebook \" style=\"\" ><\/i><\/span><\/a><\/span><span class='q_social_icon_holder circle_social' ><a itemprop='url' href='https:\/\/www.youtube.com\/watch?v=1C66OJIAyI8&amp;list=PLVo6WUKl_dSWqJkdyr-itrHnZDHSF-_ll&amp;index=1' target='_self'><span class='fa-stack fa-lg' style=''><i class=\"qode_icon_font_awesome fa fa-youtube \" style=\"\" ><\/i><\/span><\/a><\/span>[\/vc_column][vc_column width=&#8221;1\/3&#8243;][\/vc_column][\/vc_row][vc_row css_animation=&#8221;&#8221; row_type=&#8221;row&#8221; use_row_as_full_screen_section=&#8221;no&#8221; type=&#8221;grid&#8221; angled_section=&#8221;no&#8221; text_align=&#8221;left&#8221; background_image_as_pattern=&#8221;without_pattern&#8221; padding_top=&#8221;30&#8243; padding_bottom=&#8221;30&#8243; z_index=&#8221;&#8221;][vc_column][vc_column_text]<\/p>\n<h3>Cum s\u0103 ne g\u0103si\u021bi<\/h3>\n<p>[\/vc_column_text][vc_separator type=&#8221;transparent&#8221; up=&#8221;10&#8243; down=&#8221;10&#8243;][vc_gmaps link=&#8221;#E-8_JTNDaWZyYW1lJTIwc3JjJTNEJTIyaHR0cHMlM0ElMkYlMkZ3d3cuZ29vZ2xlLmNvbSUyRm1hcHMlMkZkJTJGZW1iZWQlM0ZtaWQlM0QxTmQ1RlNYcEZ0VDlRLXNuT3U4TVNLaDdBYXdHNUZ5cyUyNmVoYmMlM0QyRTMxMkYlMjIlMjB3aWR0aCUzRCUyMjgwMCUyMiUyMGhlaWdodCUzRCUyMjYwMCUyMiUzRSUzQyUyRmlmcmFtZSUzRSUwQSUwQQ==&#8221;][vc_separator type=&#8221;transparent&#8221; up=&#8221;30&#8243; down=&#8221;0&#8243;][\/vc_column][\/vc_row][vc_row css_animation=&#8221;&#8221; row_type=&#8221;row&#8221; use_row_as_full_screen_section=&#8221;no&#8221; type=&#8221;grid&#8221; angled_section=&#8221;no&#8221; text_align=&#8221;left&#8221; background_image_as_pattern=&#8221;without_pattern&#8221; padding_top=&#8221;30&#8243; padding_bottom=&#8221;30&#8243; z_index=&#8221;&#8221;][vc_column width=&#8221;1\/2&#8243;][vc_column_text]<\/p>\n<h3>Contacta\u021bi-ne<\/h3>\n<p>[\/vc_column_text][vc_separator type=&#8221;transparent&#8221; up=&#8221;10&#8243; down=&#8221;0&#8243;]\n<div class=\"wpcf7 no-js\" id=\"wpcf7-f19845-o1\" lang=\"bg-BG\" dir=\"ltr\">\n<div class=\"screen-reader-response\"><p role=\"status\" aria-live=\"polite\" aria-atomic=\"true\"><\/p> <ul><\/ul><\/div>\n<form action=\"\/ro\/wp-json\/wp\/v2\/pages\/19776#wpcf7-f19845-o1\" method=\"post\" class=\"wpcf7-form init default\" aria-label=\"\u0424\u043e\u0440\u043c\u0443\u043b\u044f\u0440 \u0437\u0430 \u043a\u043e\u043d\u0442\u0430\u043a\u0442\" novalidate=\"novalidate\" data-status=\"init\">\n<div style=\"display: none;\">\n<input type=\"hidden\" name=\"_wpcf7\" value=\"19845\" \/>\n<input type=\"hidden\" name=\"_wpcf7_version\" value=\"5.9.8\" \/>\n<input type=\"hidden\" name=\"_wpcf7_locale\" value=\"bg_BG\" \/>\n<input type=\"hidden\" name=\"_wpcf7_unit_tag\" value=\"wpcf7-f19845-o1\" \/>\n<input type=\"hidden\" name=\"_wpcf7_container_post\" value=\"0\" \/>\n<input type=\"hidden\" name=\"_wpcf7_posted_data_hash\" value=\"\" \/>\n<input type=\"hidden\" name=\"_wpcf7_recaptcha_response\" value=\"\" \/>\n<\/div>\n<p><label> Numele tau (camp obligatoriu)<br \/>\n<span class=\"wpcf7-form-control-wrap\" data-name=\"your-name\"><input size=\"40\" maxlength=\"400\" class=\"wpcf7-form-control wpcf7-text wpcf7-validates-as-required\" aria-required=\"true\" aria-invalid=\"false\" value=\"\" type=\"text\" name=\"your-name\" \/><\/span> <\/label>\n<\/p>\n<p><label> Email-ul tau (camp obligatoriu)<br \/>\n<span class=\"wpcf7-form-control-wrap\" data-name=\"your-email\"><input size=\"40\" maxlength=\"400\" class=\"wpcf7-form-control wpcf7-email wpcf7-validates-as-required wpcf7-text wpcf7-validates-as-email\" aria-required=\"true\" aria-invalid=\"false\" value=\"\" type=\"email\" name=\"your-email\" \/><\/span> <\/label>\n<\/p>\n<p><label> Subiect<br \/>\n<span class=\"wpcf7-form-control-wrap\" data-name=\"your-subject\"><input size=\"40\" maxlength=\"400\" class=\"wpcf7-form-control wpcf7-text\" aria-invalid=\"false\" value=\"\" type=\"text\" name=\"your-subject\" \/><\/span> <\/label>\n<\/p>\n<p><label> Mesajul tau<br \/>\n<span class=\"wpcf7-form-control-wrap\" data-name=\"your-message\"><textarea cols=\"40\" rows=\"10\" maxlength=\"2000\" class=\"wpcf7-form-control wpcf7-textarea\" aria-invalid=\"false\" name=\"your-message\"><\/textarea><\/span> <\/label>\n<\/p>\n<p><input class=\"wpcf7-form-control wpcf7-submit has-spinner\" type=\"submit\" value=\"Trimite\u021bi la\" \/>\n<\/p><div class=\"wpcf7-response-output\" aria-hidden=\"true\"><\/div>\n<\/form>\n<\/div>\n[vc_separator type=&#8221;transparent&#8221; up=&#8221;50&#8243; down=&#8221;0&#8243;][\/vc_column][vc_column width=&#8221;1\/2&#8243;][\/vc_column][\/vc_row][vc_row css_animation=&#8221;&#8221; row_type=&#8221;row&#8221; use_row_as_full_screen_section=&#8221;no&#8221; type=&#8221;full_width&#8221; angled_section=&#8221;no&#8221; text_align=&#8221;left&#8221; background_image_as_pattern=&#8221;without_pattern&#8221;][vc_column][vc_separator type=&#8221;transparent&#8221; up=&#8221;10&#8243; down=&#8221;10&#8243;][vc_single_image image=&#8221;15716&#8243; img_size=&#8221;full&#8221; alignment=&#8221;center&#8221; qode_css_animation=&#8221;&#8221;][vc_separator type=&#8221;transparent&#8221; up=&#8221;10&#8243; down=&#8221;10&#8243;][\/vc_column][\/vc_row]<\/p>\n<\/div>","protected":false},"excerpt":{"rendered":"<p>[vc_row css_animation=&#8221;&#8221; row_type=&#8221;row&#8221; use_row_as_full_screen_section=&#8221;no&#8221; type=&#8221;grid&#8221; angled_section=&#8221;no&#8221; text_align=&#8221;left&#8221; background_image_as_pattern=&#8221;without_pattern&#8221; padding_bottom=&#8221;30&#8243; padding_top=&#8221;60&#8243; z_index=&#8221;&#8221;][vc_column][vc_column_text] Sediu \u0219i front office [\/vc_column_text][vc_separator type=&#8221;normal&#8221; color=&#8221;#1e73be&#8221; up=&#8221;20&#8243; down=&#8221;20&#8243;][vc_column_text css=&#8221;&#8221;] DallBogg: Life and Health Inc. Sofia, 1172 Bd. G. M. Dimitrov, nr. 1. Apeluri din Bulgaria: 0700 16 406 Apeluri din strainatate: +359 2&#8230;<\/p>\n","protected":false},"author":1,"featured_media":0,"parent":0,"menu_order":0,"comment_status":"closed","ping_status":"closed","template":"full_width.php","meta":{"footnotes":""},"yoast_head":"<!-- This site is optimized with the Yoast SEO plugin v23.4 - https:\/\/yoast.com\/wordpress\/plugins\/seo\/ -->\n<title>Contacte - \u0417\u0410\u0414 \u0414\u0430\u043b\u043b\u0411\u043e\u0433\u0433 \u0416\u0438\u0432\u043e\u0442 \u0438 \u0437\u0434\u0440\u0430\u0432\u0435 \u0410\u0414<\/title>\n<meta name=\"robots\" content=\"index, follow, max-snippet:-1, max-image-preview:large, max-video-preview:-1\" \/>\n<link rel=\"canonical\" href=\"https:\/\/dallbogg.com\/ro\/contacts\/\" \/>\n<meta property=\"og:locale\" content=\"ro_RO\" \/>\n<meta property=\"og:type\" content=\"article\" \/>\n<meta property=\"og:title\" content=\"Contacte - \u0417\u0410\u0414 \u0414\u0430\u043b\u043b\u0411\u043e\u0433\u0433 \u0416\u0438\u0432\u043e\u0442 \u0438 \u0437\u0434\u0440\u0430\u0432\u0435 \u0410\u0414\" \/>\n<meta property=\"og:description\" content=\"[vc_row css_animation=&#8221;&#8221; row_type=&#8221;row&#8221; use_row_as_full_screen_section=&#8221;no&#8221; type=&#8221;grid&#8221; angled_section=&#8221;no&#8221; text_align=&#8221;left&#8221; background_image_as_pattern=&#8221;without_pattern&#8221; padding_bottom=&#8221;30&#8243; padding_top=&#8221;60&#8243; z_index=&#8221;&#8221;][vc_column][vc_column_text] Sediu \u0219i front office [\/vc_column_text][vc_separator type=&#8221;normal&#8221; color=&#8221;#1e73be&#8221; up=&#8221;20&#8243; down=&#8221;20&#8243;][vc_column_text css=&#8221;&#8221;] DallBogg: Life and Health Inc. Sofia, 1172 Bd. G. M. Dimitrov, nr. 1. Apeluri din Bulgaria: 0700 16 406 Apeluri din strainatate: +359 2...\" \/>\n<meta property=\"og:url\" content=\"https:\/\/dallbogg.com\/ro\/contacts\/\" \/>\n<meta property=\"og:site_name\" content=\"\u0417\u0410\u0414 \u0414\u0430\u043b\u043b\u0411\u043e\u0433\u0433 \u0416\u0438\u0432\u043e\u0442 \u0438 \u0437\u0434\u0440\u0430\u0432\u0435 \u0410\u0414\" \/>\n<meta property=\"article:modified_time\" content=\"2025-10-02T13:43:28+00:00\" \/>\n<meta name=\"twitter:card\" content=\"summary_large_image\" \/>\n<meta name=\"twitter:label1\" content=\"Timp estimat pentru citire\" \/>\n\t<meta name=\"twitter:data1\" content=\"2 minute\" \/>\n<script type=\"application\/ld+json\" class=\"yoast-schema-graph\">{\"@context\":\"https:\/\/schema.org\",\"@graph\":[{\"@type\":\"WebPage\",\"@id\":\"https:\/\/dallbogg.com\/ro\/contacts\/\",\"url\":\"https:\/\/dallbogg.com\/ro\/contacts\/\",\"name\":\"Contacte - \u0417\u0410\u0414 \u0414\u0430\u043b\u043b\u0411\u043e\u0433\u0433 \u0416\u0438\u0432\u043e\u0442 \u0438 \u0437\u0434\u0440\u0430\u0432\u0435 \u0410\u0414\",\"isPartOf\":{\"@id\":\"https:\/\/dallbogg.com\/#website\"},\"datePublished\":\"2023-07-19T07:46:25+00:00\",\"dateModified\":\"2025-10-02T13:43:28+00:00\",\"breadcrumb\":{\"@id\":\"https:\/\/dallbogg.com\/ro\/contacts\/#breadcrumb\"},\"inLanguage\":\"ro-RO\",\"potentialAction\":[{\"@type\":\"ReadAction\",\"target\":[\"https:\/\/dallbogg.com\/ro\/contacts\/\"]}]},{\"@type\":\"BreadcrumbList\",\"@id\":\"https:\/\/dallbogg.com\/ro\/contacts\/#breadcrumb\",\"itemListElement\":[{\"@type\":\"ListItem\",\"position\":1,\"name\":\"\u041d\u0430\u0447\u0430\u043b\u043e\",\"item\":\"https:\/\/dallbogg.com\/ro\/\"},{\"@type\":\"ListItem\",\"position\":2,\"name\":\"Contacte\"}]},{\"@type\":\"WebSite\",\"@id\":\"https:\/\/dallbogg.com\/#website\",\"url\":\"https:\/\/dallbogg.com\/\",\"name\":\"\u0417\u0410\u0414 \u0414\u0430\u043b\u043b\u0411\u043e\u0433\u0433 \u0416\u0438\u0432\u043e\u0442 \u0438 \u0437\u0434\u0440\u0430\u0432\u0435 \u0410\u0414\",\"description\":\"\u041f\u043e\u0440\u0435\u0434\u043d\u0438\u044f\u0442 WordPress \u0441\u0430\u0439\u0442\",\"potentialAction\":[{\"@type\":\"SearchAction\",\"target\":{\"@type\":\"EntryPoint\",\"urlTemplate\":\"https:\/\/dallbogg.com\/?s={search_term_string}\"},\"query-input\":{\"@type\":\"PropertyValueSpecification\",\"valueRequired\":true,\"valueName\":\"search_term_string\"}}],\"inLanguage\":\"ro-RO\"}]}<\/script>\n<!-- \/ Yoast SEO plugin. -->","yoast_head_json":{"title":"Contacte - \u0417\u0410\u0414 \u0414\u0430\u043b\u043b\u0411\u043e\u0433\u0433 \u0416\u0438\u0432\u043e\u0442 \u0438 \u0437\u0434\u0440\u0430\u0432\u0435 \u0410\u0414","robots":{"index":"index","follow":"follow","max-snippet":"max-snippet:-1","max-image-preview":"max-image-preview:large","max-video-preview":"max-video-preview:-1"},"canonical":"https:\/\/dallbogg.com\/ro\/contacts\/","og_locale":"ro_RO","og_type":"article","og_title":"Contacte - \u0417\u0410\u0414 \u0414\u0430\u043b\u043b\u0411\u043e\u0433\u0433 \u0416\u0438\u0432\u043e\u0442 \u0438 \u0437\u0434\u0440\u0430\u0432\u0435 \u0410\u0414","og_description":"[vc_row css_animation=&#8221;&#8221; row_type=&#8221;row&#8221; use_row_as_full_screen_section=&#8221;no&#8221; type=&#8221;grid&#8221; angled_section=&#8221;no&#8221; text_align=&#8221;left&#8221; background_image_as_pattern=&#8221;without_pattern&#8221; padding_bottom=&#8221;30&#8243; padding_top=&#8221;60&#8243; z_index=&#8221;&#8221;][vc_column][vc_column_text] Sediu \u0219i front office [\/vc_column_text][vc_separator type=&#8221;normal&#8221; color=&#8221;#1e73be&#8221; up=&#8221;20&#8243; down=&#8221;20&#8243;][vc_column_text css=&#8221;&#8221;] DallBogg: Life and Health Inc. Sofia, 1172 Bd. G. M. Dimitrov, nr. 1. Apeluri din Bulgaria: 0700 16 406 Apeluri din strainatate: +359 2...","og_url":"https:\/\/dallbogg.com\/ro\/contacts\/","og_site_name":"\u0417\u0410\u0414 \u0414\u0430\u043b\u043b\u0411\u043e\u0433\u0433 \u0416\u0438\u0432\u043e\u0442 \u0438 \u0437\u0434\u0440\u0430\u0432\u0435 \u0410\u0414","article_modified_time":"2025-10-02T13:43:28+00:00","twitter_card":"summary_large_image","twitter_misc":{"Timp estimat pentru citire":"2 minute"},"schema":{"@context":"https:\/\/schema.org","@graph":[{"@type":"WebPage","@id":"https:\/\/dallbogg.com\/ro\/contacts\/","url":"https:\/\/dallbogg.com\/ro\/contacts\/","name":"Contacte - \u0417\u0410\u0414 \u0414\u0430\u043b\u043b\u0411\u043e\u0433\u0433 \u0416\u0438\u0432\u043e\u0442 \u0438 \u0437\u0434\u0440\u0430\u0432\u0435 \u0410\u0414","isPartOf":{"@id":"https:\/\/dallbogg.com\/#website"},"datePublished":"2023-07-19T07:46:25+00:00","dateModified":"2025-10-02T13:43:28+00:00","breadcrumb":{"@id":"https:\/\/dallbogg.com\/ro\/contacts\/#breadcrumb"},"inLanguage":"ro-RO","potentialAction":[{"@type":"ReadAction","target":["https:\/\/dallbogg.com\/ro\/contacts\/"]}]},{"@type":"BreadcrumbList","@id":"https:\/\/dallbogg.com\/ro\/contacts\/#breadcrumb","itemListElement":[{"@type":"ListItem","position":1,"name":"\u041d\u0430\u0447\u0430\u043b\u043e","item":"https:\/\/dallbogg.com\/ro\/"},{"@type":"ListItem","position":2,"name":"Contacte"}]},{"@type":"WebSite","@id":"https:\/\/dallbogg.com\/#website","url":"https:\/\/dallbogg.com\/","name":"\u0417\u0410\u0414 \u0414\u0430\u043b\u043b\u0411\u043e\u0433\u0433 \u0416\u0438\u0432\u043e\u0442 \u0438 \u0437\u0434\u0440\u0430\u0432\u0435 \u0410\u0414","description":"\u041f\u043e\u0440\u0435\u0434\u043d\u0438\u044f\u0442 WordPress \u0441\u0430\u0439\u0442","potentialAction":[{"@type":"SearchAction","target":{"@type":"EntryPoint","urlTemplate":"https:\/\/dallbogg.com\/?s={search_term_string}"},"query-input":{"@type":"PropertyValueSpecification","valueRequired":true,"valueName":"search_term_string"}}],"inLanguage":"ro-RO"}]}},"_links":{"self":[{"href":"https:\/\/dallbogg.com\/ro\/wp-json\/wp\/v2\/pages\/19776"}],"collection":[{"href":"https:\/\/dallbogg.com\/ro\/wp-json\/wp\/v2\/pages"}],"about":[{"href":"https:\/\/dallbogg.com\/ro\/wp-json\/wp\/v2\/types\/page"}],"author":[{"embeddable":true,"href":"https:\/\/dallbogg.com\/ro\/wp-json\/wp\/v2\/users\/1"}],"replies":[{"embeddable":true,"href":"https:\/\/dallbogg.com\/ro\/wp-json\/wp\/v2\/comments?post=19776"}],"version-history":[{"count":18,"href":"https:\/\/dallbogg.com\/ro\/wp-json\/wp\/v2\/pages\/19776\/revisions"}],"predecessor-version":[{"id":20907,"href":"https:\/\/dallbogg.com\/ro\/wp-json\/wp\/v2\/pages\/19776\/revisions\/20907"}],"wp:attachment":[{"href":"https:\/\/dallbogg.com\/ro\/wp-json\/wp\/v2\/media?parent=19776"}],"curies":[{"name":"wp","href":"https:\/\/api.w.org\/{rel}","templated":true}]}}