{"id":19742,"date":"2023-07-19T09:41:42","date_gmt":"2023-07-19T06:41:42","guid":{"rendered":"https:\/\/dallbogg.com\/?page_id=19742"},"modified":"2023-07-25T11:55:18","modified_gmt":"2023-07-25T08:55:18","slug":"about-us","status":"publish","type":"page","link":"https:\/\/dallbogg.com\/ro\/about-us\/","title":{"rendered":"Despre noi"},"content":{"rendered":"<div class=\"wpb-content-wrapper\"><p>[vc_row css_animation=&#8221;&#8221; row_type=&#8221;row&#8221; use_row_as_full_screen_section=&#8221;no&#8221; type=&#8221;grid&#8221; angled_section=&#8221;no&#8221; text_align=&#8221;left&#8221; background_image_as_pattern=&#8221;without_pattern&#8221; z_index=&#8221;&#8221; padding_top=&#8221;60&#8243; padding_bottom=&#8221;60&#8243;][vc_column][vc_column_text]<\/p>\n<h3>Despre noi<\/h3>\n<p>[\/vc_column_text][\/vc_column][\/vc_row][vc_row css_animation=&#8221;&#8221; row_type=&#8221;row&#8221; use_row_as_full_screen_section=&#8221;no&#8221; type=&#8221;grid&#8221; angled_section=&#8221;no&#8221; text_align=&#8221;left&#8221; background_image_as_pattern=&#8221;without_pattern&#8221; z_index=&#8221;&#8221;][vc_column][vc_column_text]DallBogg: Life and Health face parte din grupul Commercial League \u2013 Global Pharmacy Center Ltd., Tchaikapharma The High-Quality Medicines \u0219i Bulgarian Cardiac Institute \u2013 una dintre cele mai mari structuri de companii din Bulgaria. Fondat \u00een urm\u0103 cu mai bine de 30 de ani, datorit\u0103 profesionalismului, perseveren\u021bei \u0219i ideilor inovatoare, Grupul a fuzionat \u00eentr-o structur\u0103 vast\u0103 de holding \u2013 un lider \u00een Balcani.<\/p>\n<p>&nbsp;<\/p>\n<p>Imediat \u0219i \u00een ritm rapid dup\u0103 crearea sa \u00een 2008, DallBogg a reu\u0219it s\u0103 se claseze pe locul 5 \u00een r\u00e2ndul a 22 de organiza\u021bii care ofer\u0103 servicii de asigur\u0103ri voluntare de s\u0103n\u0103tate pe pia\u021b\u0103. Dup\u0103 cum reiese din statisticile oficiale furnizate de Comisia de Supraveghere Financiar\u0103, de-a lungul anilor organiza\u021bia \u00ee\u0219i are pozi\u021bia stabil\u0103 pe pia\u021b\u0103 cu o cot\u0103 de pia\u021b\u0103 \u00een cre\u0219tere ferm\u0103, eficien\u021b\u0103 \u00een cre\u0219tere \u0219i portofoliu abundent.<\/p>\n<p>&nbsp;<\/p>\n<p>\u00cen 2012 compania reu\u0219e\u0219te s\u0103 implementeze \u0219i s\u0103 execute cu succes un sistem de management al calit\u0103\u021bii bazat pe ISO 9001:2008.<\/p>\n<p>&nbsp;<\/p>\n<p>\u00cen 2013, DallBogg a primit o licen\u021b\u0103 pentru furnizarea de servicii de asigurare legate de urm\u0103toarele produse:<\/p>\n<ul>\n<li>Polita de asigurare \u201eAccident\u201d (inclusiv accidente de produc\u021bie \u0219i afec\u021biuni profesionale);<\/li>\n<li>Polita de asigurare \u201eDe boala\u201d;<\/li>\n<li>Polita de asigurare \u201eVehicule Terestre (Casco)\u201d;<\/li>\n<li>Polita de asigurare a \u201eMarfi pe timpul transportului (inclusiv m\u0103rfuri, pachete etc.)\u201d;<\/li>\n<li>Polita de asigurare \u201eIncendiu \u0219i dezastre naturale\u201d;<\/li>\n<li>Polita de asigurare \u201eAlte daune de proprietate\u201d;<\/li>\n<li>Polita de asigurare \u201eDiferite pierderi financiare\u201d;<\/li>\n<li>Polita de asigurare \u201eAsisten\u021b\u0103 \u00een c\u0103l\u0103torie\u201d.<\/li>\n<\/ul>\n<p>&nbsp;<\/p>\n<p>\u00cen 2015, DallBogg: Life and Health devine o companie de asigur\u0103ri.<\/p>\n<p>&nbsp;<\/p>\n<p>\u00cen perioada 2015 \u2013 2020 DallBogg dezvolt\u0103 continuu produsele pe care le ofer\u0103 intermediarilor \u0219i clien\u021bilor direc\u021bi. A fost introdus un nou software, adaptat unui serviciu de clien\u021bi mai bine optimizat.<\/p>\n<p>&nbsp;<\/p>\n<p>\u00cen 2016, ca urmare a modific\u0103rii Legii Achizi\u021biilor Publice, DallBogg a fost unul dintre pionierii care a lansat produsul de \u201eGaran\u021bii\u201d pe Pia\u021ba Bulgara.<\/p>\n<p>&nbsp;<\/p>\n<p>\u00cencepand cu 2020, compania este lider \u00een Bulgaria \u00een ceea ce prive\u0219te produsele de asigurare de \u201eGaran\u021bii\u201d \u0219i se claseaz\u0103 \u00een Top 3 \u00een ceea ce prive\u0219te produsul de asigurare \u201eR\u0103spundere civila auto\u201d.<\/p>\n<p>&nbsp;<\/p>\n<p>Compania opereaz\u0103 conform Libertatatii Serviciilor \u00een numeroase \u021b\u0103ri din Europa: Grecia, Italia, Spania, Polonia \u0219i Rom\u00e2nia.[\/vc_column_text][vc_separator type=&#8221;transparent&#8221; up=&#8221;15&#8243; down=&#8221;0&#8243;][\/vc_column][\/vc_row][vc_row css_animation=&#8221;&#8221; row_type=&#8221;row&#8221; use_row_as_full_screen_section=&#8221;no&#8221; type=&#8221;grid&#8221; angled_section=&#8221;no&#8221; text_align=&#8221;left&#8221; background_image_as_pattern=&#8221;without_pattern&#8221; background_color=&#8221;#f8f8f8&#8243; padding_top=&#8221;90&#8243;][vc_column width=&#8221;1\/3&#8243;][vc_row_inner row_type=&#8221;row&#8221; type=&#8221;full_width&#8221; text_align=&#8221;left&#8221; css_animation=&#8221;element_from_bottom&#8221; transition_delay=&#8221;400&#8243;][vc_column_inner][vc_single_image image=&#8221;15790&#8243; img_size=&#8221;full&#8221; onclick=&#8221;custom_link&#8221; qode_css_animation=&#8221;&#8221; qode_hover_animation=&#8221;zoom_in&#8221; link=&#8221;https:\/\/dallbogg.com\/ro\/about-us\/management\/&#8221;][vc_separator type=&#8221;transparent&#8221; up=&#8221;30&#8243; down=&#8221;0&#8243;][vc_column_text]<\/p>\n<h4 style=\"text-align: center;\"><a href=\"https:\/\/dallbogg.com\/ro\/about-us\/management\/\">Conducere<\/a><\/h4>\n<p>[\/vc_column_text][vc_separator type=&#8221;transparent&#8221; up=&#8221;50&#8243;][\/vc_column_inner][\/vc_row_inner][\/vc_column][vc_column width=&#8221;1\/3&#8243;][vc_row_inner row_type=&#8221;row&#8221; type=&#8221;full_width&#8221; text_align=&#8221;left&#8221; css_animation=&#8221;element_from_bottom&#8221; transition_delay=&#8221;500&#8243;][vc_column_inner][vc_single_image image=&#8221;15980&#8243; img_size=&#8221;full&#8221; onclick=&#8221;custom_link&#8221; qode_css_animation=&#8221;&#8221; qode_hover_animation=&#8221;zoom_in&#8221; link=&#8221;https:\/\/dallbogg.com\/ro\/about-us\/vision-and-goals\/&#8221;][vc_separator type=&#8221;transparent&#8221; up=&#8221;30&#8243; down=&#8221;0&#8243;][vc_column_text]<\/p>\n<h4 style=\"text-align: center;\"><a href=\"https:\/\/dallbogg.com\/ro\/about-us\/vision-and-goals\/\">Viziune \u0219i obiective<\/a><\/h4>\n<p>[\/vc_column_text][vc_separator type=&#8221;transparent&#8221; up=&#8221;50&#8243;][\/vc_column_inner][\/vc_row_inner][\/vc_column][vc_column width=&#8221;1\/3&#8243;][vc_row_inner row_type=&#8221;row&#8221; type=&#8221;full_width&#8221; text_align=&#8221;left&#8221; css_animation=&#8221;element_from_bottom&#8221; transition_delay=&#8221;600&#8243;][vc_column_inner][vc_single_image image=&#8221;15981&#8243; img_size=&#8221;full&#8221; onclick=&#8221;custom_link&#8221; qode_css_animation=&#8221;&#8221; qode_hover_animation=&#8221;zoom_in&#8221; link=&#8221;https:\/\/dallbogg.com\/ro\/about-us\/financial-information\/&#8221;][vc_separator type=&#8221;transparent&#8221; up=&#8221;30&#8243; down=&#8221;0&#8243;][vc_column_text]<\/p>\n<div class=\"wpb_text_column wpb_content_element \">\n<div class=\"wpb_wrapper\">\n<h4 style=\"text-align: center;\"><a href=\"https:\/\/dallbogg.com\/ro\/about-us\/financial-information\/\">Informatie financiara<\/a><\/h4>\n<\/div>\n<\/div>\n<p>[\/vc_column_text][vc_separator type=&#8221;transparent&#8221; up=&#8221;50&#8243;][\/vc_column_inner][\/vc_row_inner][\/vc_column][\/vc_row][vc_row css_animation=&#8221;&#8221; row_type=&#8221;row&#8221; use_row_as_full_screen_section=&#8221;no&#8221; type=&#8221;full_width&#8221; angled_section=&#8221;no&#8221; text_align=&#8221;left&#8221; background_image_as_pattern=&#8221;without_pattern&#8221;][vc_column][vc_separator type=&#8221;transparent&#8221; up=&#8221;10&#8243; down=&#8221;10&#8243;][vc_single_image image=&#8221;15716&#8243; img_size=&#8221;full&#8221; alignment=&#8221;center&#8221; qode_css_animation=&#8221;&#8221;][vc_separator type=&#8221;transparent&#8221; up=&#8221;10&#8243; down=&#8221;10&#8243;][\/vc_column][\/vc_row]<\/p>\n<\/div>","protected":false},"excerpt":{"rendered":"<p>[vc_row css_animation=&#8221;&#8221; row_type=&#8221;row&#8221; use_row_as_full_screen_section=&#8221;no&#8221; type=&#8221;grid&#8221; angled_section=&#8221;no&#8221; text_align=&#8221;left&#8221; background_image_as_pattern=&#8221;without_pattern&#8221; z_index=&#8221;&#8221; padding_top=&#8221;60&#8243; padding_bottom=&#8221;60&#8243;][vc_column][vc_column_text] Despre noi [\/vc_column_text][\/vc_column][\/vc_row][vc_row css_animation=&#8221;&#8221; row_type=&#8221;row&#8221; use_row_as_full_screen_section=&#8221;no&#8221; type=&#8221;grid&#8221; angled_section=&#8221;no&#8221; text_align=&#8221;left&#8221; background_image_as_pattern=&#8221;without_pattern&#8221; z_index=&#8221;&#8221;][vc_column][vc_column_text]DallBogg: Life and Health face parte din grupul Commercial League \u2013 Global Pharmacy Center Ltd., Tchaikapharma The High-Quality Medicines \u0219i Bulgarian Cardiac Institute \u2013&#8230;<\/p>\n","protected":false},"author":1,"featured_media":0,"parent":0,"menu_order":0,"comment_status":"open","ping_status":"open","template":"full_width.php","meta":{"footnotes":""},"yoast_head":"<!-- This site is optimized with the Yoast SEO plugin v23.4 - https:\/\/yoast.com\/wordpress\/plugins\/seo\/ -->\n<title>Despre noi - \u0417\u0410\u0414 \u0414\u0430\u043b\u043b\u0411\u043e\u0433\u0433 \u0416\u0438\u0432\u043e\u0442 \u0438 \u0437\u0434\u0440\u0430\u0432\u0435 \u0410\u0414<\/title>\n<meta name=\"robots\" content=\"index, follow, max-snippet:-1, max-image-preview:large, max-video-preview:-1\" \/>\n<link rel=\"canonical\" href=\"https:\/\/dallbogg.com\/ro\/about-us\/\" \/>\n<meta property=\"og:locale\" content=\"ro_RO\" \/>\n<meta property=\"og:type\" content=\"article\" \/>\n<meta property=\"og:title\" content=\"Despre noi - \u0417\u0410\u0414 \u0414\u0430\u043b\u043b\u0411\u043e\u0433\u0433 \u0416\u0438\u0432\u043e\u0442 \u0438 \u0437\u0434\u0440\u0430\u0432\u0435 \u0410\u0414\" \/>\n<meta property=\"og:description\" content=\"[vc_row css_animation=&#8221;&#8221; row_type=&#8221;row&#8221; use_row_as_full_screen_section=&#8221;no&#8221; type=&#8221;grid&#8221; angled_section=&#8221;no&#8221; text_align=&#8221;left&#8221; background_image_as_pattern=&#8221;without_pattern&#8221; z_index=&#8221;&#8221; padding_top=&#8221;60&#8243; padding_bottom=&#8221;60&#8243;][vc_column][vc_column_text] Despre noi [\/vc_column_text][\/vc_column][\/vc_row][vc_row css_animation=&#8221;&#8221; row_type=&#8221;row&#8221; use_row_as_full_screen_section=&#8221;no&#8221; type=&#8221;grid&#8221; angled_section=&#8221;no&#8221; text_align=&#8221;left&#8221; background_image_as_pattern=&#8221;without_pattern&#8221; z_index=&#8221;&#8221;][vc_column][vc_column_text]DallBogg: Life and Health face parte din grupul Commercial League \u2013 Global Pharmacy Center Ltd., Tchaikapharma The High-Quality Medicines \u0219i Bulgarian Cardiac Institute \u2013...\" \/>\n<meta property=\"og:url\" content=\"https:\/\/dallbogg.com\/ro\/about-us\/\" \/>\n<meta property=\"og:site_name\" content=\"\u0417\u0410\u0414 \u0414\u0430\u043b\u043b\u0411\u043e\u0433\u0433 \u0416\u0438\u0432\u043e\u0442 \u0438 \u0437\u0434\u0440\u0430\u0432\u0435 \u0410\u0414\" \/>\n<meta property=\"article:modified_time\" content=\"2023-07-25T08:55:18+00:00\" \/>\n<meta name=\"twitter:card\" content=\"summary_large_image\" \/>\n<meta name=\"twitter:label1\" content=\"Timp estimat pentru citire\" \/>\n\t<meta name=\"twitter:data1\" content=\"4 minute\" \/>\n<script type=\"application\/ld+json\" class=\"yoast-schema-graph\">{\"@context\":\"https:\/\/schema.org\",\"@graph\":[{\"@type\":\"WebPage\",\"@id\":\"https:\/\/dallbogg.com\/ro\/about-us\/\",\"url\":\"https:\/\/dallbogg.com\/ro\/about-us\/\",\"name\":\"Despre noi - \u0417\u0410\u0414 \u0414\u0430\u043b\u043b\u0411\u043e\u0433\u0433 \u0416\u0438\u0432\u043e\u0442 \u0438 \u0437\u0434\u0440\u0430\u0432\u0435 \u0410\u0414\",\"isPartOf\":{\"@id\":\"https:\/\/dallbogg.com\/#website\"},\"datePublished\":\"2023-07-19T06:41:42+00:00\",\"dateModified\":\"2023-07-25T08:55:18+00:00\",\"breadcrumb\":{\"@id\":\"https:\/\/dallbogg.com\/ro\/about-us\/#breadcrumb\"},\"inLanguage\":\"ro-RO\",\"potentialAction\":[{\"@type\":\"ReadAction\",\"target\":[\"https:\/\/dallbogg.com\/ro\/about-us\/\"]}]},{\"@type\":\"BreadcrumbList\",\"@id\":\"https:\/\/dallbogg.com\/ro\/about-us\/#breadcrumb\",\"itemListElement\":[{\"@type\":\"ListItem\",\"position\":1,\"name\":\"\u041d\u0430\u0447\u0430\u043b\u043e\",\"item\":\"https:\/\/dallbogg.com\/ro\/\"},{\"@type\":\"ListItem\",\"position\":2,\"name\":\"Despre noi\"}]},{\"@type\":\"WebSite\",\"@id\":\"https:\/\/dallbogg.com\/#website\",\"url\":\"https:\/\/dallbogg.com\/\",\"name\":\"\u0417\u0410\u0414 \u0414\u0430\u043b\u043b\u0411\u043e\u0433\u0433 \u0416\u0438\u0432\u043e\u0442 \u0438 \u0437\u0434\u0440\u0430\u0432\u0435 \u0410\u0414\",\"description\":\"\u041f\u043e\u0440\u0435\u0434\u043d\u0438\u044f\u0442 WordPress \u0441\u0430\u0439\u0442\",\"potentialAction\":[{\"@type\":\"SearchAction\",\"target\":{\"@type\":\"EntryPoint\",\"urlTemplate\":\"https:\/\/dallbogg.com\/?s={search_term_string}\"},\"query-input\":{\"@type\":\"PropertyValueSpecification\",\"valueRequired\":true,\"valueName\":\"search_term_string\"}}],\"inLanguage\":\"ro-RO\"}]}<\/script>\n<!-- \/ Yoast SEO plugin. -->","yoast_head_json":{"title":"Despre noi - \u0417\u0410\u0414 \u0414\u0430\u043b\u043b\u0411\u043e\u0433\u0433 \u0416\u0438\u0432\u043e\u0442 \u0438 \u0437\u0434\u0440\u0430\u0432\u0435 \u0410\u0414","robots":{"index":"index","follow":"follow","max-snippet":"max-snippet:-1","max-image-preview":"max-image-preview:large","max-video-preview":"max-video-preview:-1"},"canonical":"https:\/\/dallbogg.com\/ro\/about-us\/","og_locale":"ro_RO","og_type":"article","og_title":"Despre noi - \u0417\u0410\u0414 \u0414\u0430\u043b\u043b\u0411\u043e\u0433\u0433 \u0416\u0438\u0432\u043e\u0442 \u0438 \u0437\u0434\u0440\u0430\u0432\u0435 \u0410\u0414","og_description":"[vc_row css_animation=&#8221;&#8221; row_type=&#8221;row&#8221; use_row_as_full_screen_section=&#8221;no&#8221; type=&#8221;grid&#8221; angled_section=&#8221;no&#8221; text_align=&#8221;left&#8221; background_image_as_pattern=&#8221;without_pattern&#8221; z_index=&#8221;&#8221; padding_top=&#8221;60&#8243; padding_bottom=&#8221;60&#8243;][vc_column][vc_column_text] Despre noi [\/vc_column_text][\/vc_column][\/vc_row][vc_row css_animation=&#8221;&#8221; row_type=&#8221;row&#8221; use_row_as_full_screen_section=&#8221;no&#8221; type=&#8221;grid&#8221; angled_section=&#8221;no&#8221; text_align=&#8221;left&#8221; background_image_as_pattern=&#8221;without_pattern&#8221; z_index=&#8221;&#8221;][vc_column][vc_column_text]DallBogg: Life and Health face parte din grupul Commercial League \u2013 Global Pharmacy Center Ltd., Tchaikapharma The High-Quality Medicines \u0219i Bulgarian Cardiac Institute \u2013...","og_url":"https:\/\/dallbogg.com\/ro\/about-us\/","og_site_name":"\u0417\u0410\u0414 \u0414\u0430\u043b\u043b\u0411\u043e\u0433\u0433 \u0416\u0438\u0432\u043e\u0442 \u0438 \u0437\u0434\u0440\u0430\u0432\u0435 \u0410\u0414","article_modified_time":"2023-07-25T08:55:18+00:00","twitter_card":"summary_large_image","twitter_misc":{"Timp estimat pentru citire":"4 minute"},"schema":{"@context":"https:\/\/schema.org","@graph":[{"@type":"WebPage","@id":"https:\/\/dallbogg.com\/ro\/about-us\/","url":"https:\/\/dallbogg.com\/ro\/about-us\/","name":"Despre noi - \u0417\u0410\u0414 \u0414\u0430\u043b\u043b\u0411\u043e\u0433\u0433 \u0416\u0438\u0432\u043e\u0442 \u0438 \u0437\u0434\u0440\u0430\u0432\u0435 \u0410\u0414","isPartOf":{"@id":"https:\/\/dallbogg.com\/#website"},"datePublished":"2023-07-19T06:41:42+00:00","dateModified":"2023-07-25T08:55:18+00:00","breadcrumb":{"@id":"https:\/\/dallbogg.com\/ro\/about-us\/#breadcrumb"},"inLanguage":"ro-RO","potentialAction":[{"@type":"ReadAction","target":["https:\/\/dallbogg.com\/ro\/about-us\/"]}]},{"@type":"BreadcrumbList","@id":"https:\/\/dallbogg.com\/ro\/about-us\/#breadcrumb","itemListElement":[{"@type":"ListItem","position":1,"name":"\u041d\u0430\u0447\u0430\u043b\u043e","item":"https:\/\/dallbogg.com\/ro\/"},{"@type":"ListItem","position":2,"name":"Despre noi"}]},{"@type":"WebSite","@id":"https:\/\/dallbogg.com\/#website","url":"https:\/\/dallbogg.com\/","name":"\u0417\u0410\u0414 \u0414\u0430\u043b\u043b\u0411\u043e\u0433\u0433 \u0416\u0438\u0432\u043e\u0442 \u0438 \u0437\u0434\u0440\u0430\u0432\u0435 \u0410\u0414","description":"\u041f\u043e\u0440\u0435\u0434\u043d\u0438\u044f\u0442 WordPress \u0441\u0430\u0439\u0442","potentialAction":[{"@type":"SearchAction","target":{"@type":"EntryPoint","urlTemplate":"https:\/\/dallbogg.com\/?s={search_term_string}"},"query-input":{"@type":"PropertyValueSpecification","valueRequired":true,"valueName":"search_term_string"}}],"inLanguage":"ro-RO"}]}},"_links":{"self":[{"href":"https:\/\/dallbogg.com\/ro\/wp-json\/wp\/v2\/pages\/19742"}],"collection":[{"href":"https:\/\/dallbogg.com\/ro\/wp-json\/wp\/v2\/pages"}],"about":[{"href":"https:\/\/dallbogg.com\/ro\/wp-json\/wp\/v2\/types\/page"}],"author":[{"embeddable":true,"href":"https:\/\/dallbogg.com\/ro\/wp-json\/wp\/v2\/users\/1"}],"replies":[{"embeddable":true,"href":"https:\/\/dallbogg.com\/ro\/wp-json\/wp\/v2\/comments?post=19742"}],"version-history":[{"count":5,"href":"https:\/\/dallbogg.com\/ro\/wp-json\/wp\/v2\/pages\/19742\/revisions"}],"predecessor-version":[{"id":19835,"href":"https:\/\/dallbogg.com\/ro\/wp-json\/wp\/v2\/pages\/19742\/revisions\/19835"}],"wp:attachment":[{"href":"https:\/\/dallbogg.com\/ro\/wp-json\/wp\/v2\/media?parent=19742"}],"curies":[{"name":"wp","href":"https:\/\/api.w.org\/{rel}","templated":true}]}}