{"id":20943,"date":"2025-11-13T09:00:51","date_gmt":"2025-11-13T07:00:51","guid":{"rendered":"https:\/\/dallbogg.com\/?page_id=20943"},"modified":"2025-11-13T09:32:32","modified_gmt":"2025-11-13T07:32:32","slug":"faq","status":"publish","type":"page","link":"https:\/\/dallbogg.com\/it\/faq\/","title":{"rendered":"Domande frequenti"},"content":{"rendered":"<div class=\"wpb-content-wrapper\"><p>[vc_row css_animation=&#8221;&#8221; row_type=&#8221;row&#8221; use_row_as_full_screen_section=&#8221;no&#8221; type=&#8221;full_width&#8221; angled_section=&#8221;no&#8221; text_align=&#8221;left&#8221; background_image_as_pattern=&#8221;without_pattern&#8221; z_index=&#8221;&#8221; padding_bottom=&#8221;60&#8243;][vc_column][vc_column_text css=&#8221;&#8221;]<\/p>\n<h3>Domande frequenti<\/h3>\n<p>[\/vc_column_text][\/vc_column][\/vc_row][vc_row css_animation=&#8221;&#8221; row_type=&#8221;row&#8221; use_row_as_full_screen_section=&#8221;no&#8221; type=&#8221;full_width&#8221; angled_section=&#8221;no&#8221; text_align=&#8221;left&#8221; background_image_as_pattern=&#8221;without_pattern&#8221;][vc_column][vc_column_text css=&#8221;&#8221;]<\/p>\n<h5>&#8211;\u00a0\u00a0D: In quali paesi opera attualmente DallBogg?<\/h5>\n<p>Risposta: Con il suo mercato principale in Bulgaria, DallBogg si \u00e8 espansa con successo in Grecia, Italia, Spagna, Romania e Polonia ed \u00e8 riconosciuta come una delle compagnie assicurative pi\u00f9 dinamiche e in rapida crescita in Bulgaria. In tutti i suoi mercati, DallBogg si impegna a mantenere i pi\u00f9 elevati standard di conformit\u00e0, trasparenza e protezione dei consumatori, garantendo che tutti i servizi soddisfino rigorosi requisiti di sicurezza e qualit\u00e0. DallBogg contribuisce a una maggiore protezione dei consumatori e a una mobilit\u00e0 pi\u00f9 sicura in tutta Europa attraverso pratiche assicurative responsabili.<\/p>\n<p>&nbsp;<\/p>\n<h5>&#8211;\u00a0\u00a0D: Qual \u00e8 il ruolo di DallBogg nell&#8217;UE?<\/h5>\n<p>Risposta: Con le sue operazioni transfrontaliere in diversi mercati europei, DallBogg \u00e8 una storia di successo del mercato unico dell&#8217;UE. L&#8217;azienda contribuisce a promuovere la concorrenza leale, a ridurre i costi, a colmare le lacune di protezione nella mobilit\u00e0 e a migliorare gli standard di servizio e la scelta dei consumatori in tutta l&#8217;UE. Si dedica in particolare a sostenere standard elevati e la crescita economica nella regione strategica del Mar Nero in Europa.<\/p>\n<p>&nbsp;<\/p>\n<p>In qualit\u00e0 di azienda europea responsabile, DallBogg mira a fornire la migliore copertura assicurativa possibile ai clienti in tutti i suoi mercati in Europa.<\/p>\n<p>&nbsp;<\/p>\n<h5>&#8211;\u00a0\u00a0D: Perch\u00e9 la licenza di DallBogg per le nuove vendite transfrontaliere \u00e8 stata temporaneamente sospesa?<\/h5>\n<p>Risposta: DallBogg \u00e8 l&#8217;assicuratore pi\u00f9 dinamico e in pi\u00f9 rapida crescita in Bulgaria. A causa della necessit\u00e0 di armonizzare i processi transfrontalieri derivante dalla rapida crescita di DallBogg nell&#8217;ultimo anno, la Commissione di vigilanza finanziaria bulgara (FSC) ha sospeso la possibilit\u00e0 per l&#8217;azienda di stipulare nuovi contratti assicurativi al di fuori della Bulgaria. Abbiamo sfruttato questo periodo per allineare i nostri processi interni e rafforzare le nostre capacit\u00e0 operative. DallBogg ha implementato miglioramenti completi nei suoi processi di gestione dei sinistri e dei reclami. Queste misure hanno gi\u00e0 prodotto risultati tangibili negli ultimi mesi, come tempi di risposta molto pi\u00f9 rapidi su tutti i fronti.<\/p>\n<p>&nbsp;<\/p>\n<h5>&#8211;\u00a0\u00a0D: Quanto durer\u00e0 questa misura?<\/h5>\n<p>Risposta: La FSC ha introdotto per la prima volta la restrizione temporanea il\u00a0<strong>1\u00b0 luglio 2025<\/strong>\u00a0e l&#8217;ha prorogata il\u00a0<strong>1\u00b0 ottobre 2025<\/strong>. Da allora, DallBogg ha compiuto progressi misurabili in tutte le aree operative. Durante questo processo, DallBogg si impegna a garantire la massima trasparenza nei confronti dei propri clienti e di tutte le altre parti interessate.<\/p>\n<p>&nbsp;<\/p>\n<h5>&#8211;\u00a0\u00a0D: Quali misure sta adottando DallBogg per far fronte alla sospensione?<\/h5>\n<p>Risposta: Abbiamo implementato miglioramenti completi nella gestione dei sinistri, nel servizio clienti e nei sistemi di conformit\u00e0. DallBogg ha presentato relazioni sullo stato di avanzamento ai regolatori e continua a cooperare in modo completo e trasparente con tutte le autorit\u00e0. Abbiamo delineato i miglioramenti concreti apportati alla gestione dei sinistri e dei reclami in base ai nove criteri di valutazione definiti dall&#8217;Autorit\u00e0 europea delle assicurazioni e delle pensioni aziendali e professionali (EIOPA). Mentre DallBogg va avanti, l&#8217;azienda rimane impegnata a mantenere i pi\u00f9 elevati standard di sicurezza e qualit\u00e0 sul mercato.<\/p>\n<p>&nbsp;<\/p>\n<h5>&#8211;\u00a0\u00a0D: Le mie polizze esistenti sono ancora valide?<\/h5>\n<p>S\u00ec. Tutti i contratti assicurativi emessi da DallBogg rimangono pienamente validi e continuano a fornire la stessa protezione di prima. La vostra copertura, i vostri diritti e i vostri sinistri non subiscono alcuna modifica. La sicurezza, la qualit\u00e0 e l&#8217;affidabilit\u00e0 sono la priorit\u00e0 assoluta di Dallbogg e i clienti continueranno a godere della protezione per ci\u00f2 che conta di pi\u00f9: la loro sicurezza e la qualit\u00e0 della vita.<\/p>\n<p>&nbsp;<\/p>\n<h5>&#8211; D: Cosa succeder\u00e0 ai prezzi di DallBogg?<\/h5>\n<p>Risposta: DallBogg rimarr\u00e0 uno degli assicuratori pi\u00f9 convenienti in Europa grazie a sistemi moderni e operazioni efficienti che mantengono bassi i costi senza compromettere la qualit\u00e0. La nostra missione di rendere l&#8217;assicurazione accessibile rimane intatta.<\/p>\n<p>&nbsp;<\/p>\n<p>&#8211;\u00a0\u00a0D: La mia attuale copertura assicurativa con DallBogg \u00e8 sicura?<\/p>\n<p>Risposta: La priorit\u00e0 assoluta di DallBogg \u00e8 sempre stata e sar\u00e0 sempre quella di garantire che tutti i clienti siano protetti e supportati in ogni momento, con DallBogg come loro partner affidabile e fornitore di assicurazioni. DallBogg sta lavorando duramente per ripristinare la sua piena licenza e tutte le polizze esistenti continuano a funzionare normalmente.<\/p>\n<p>&nbsp;<\/p>\n<h5>&#8211;\u00a0D: Ho un sinistro. Chi devo contattare?<\/h5>\n<p>Risposta: Se avete un sinistro derivante da una polizza assicurativa emessa da DallBogg, contattate i nostri uffici sinistri locali, a seconda del luogo in cui \u00e8 stata emessa la vostra polizza assicurativa:<\/p>\n<p>&nbsp;<\/p>\n<p><strong>Per la Bulgaria:<\/strong><\/p>\n<p>Chiamate il numero\u00a0<strong>+359 2 402 6412<\/strong>. I nostri colleghi vi forniranno informazioni dettagliate su come e quando presentare la vostra richiesta di risarcimento.<\/p>\n<p>Puoi anche utilizzare la nostra\u00a0<strong>piattaforma online<\/strong>\u00a0registrandoti\u00a0<a href=\"https:\/\/online.dallbogg.com\/eCommerce\/Account\/Register\">qui<\/a>.<\/p>\n<p>In alternativa, puoi recarti presso il nostro ufficio a\u00a0<strong>Sofia 1172, Dr. G. M. Dimitrov Blvd. 1<\/strong>, dove i nostri esperti potranno ispezionare e valutare i danni in loco.<\/p>\n<p>&nbsp;<\/p>\n<p><strong>Per i clienti stranieri:<\/strong><\/p>\n<p>&nbsp;<\/p>\n<p><strong>Romania (RO):<\/strong><\/p>\n<p>Si prega di registrare la richiesta di risarcimento online qui: <a href=\"https:\/\/dallbogg.native-code.ro\/avizare-online\/\">https:\/\/dallbogg.native-code.ro\/avizare-online\/<\/a><\/p>\n<p>In alternativa, \u00e8 possibile inviare un&#8217;e-mail con una descrizione e delle foto all&#8217;indirizzo\u00a0<a href=\"mailto:avizare@diodea.ro\">avizare@diodea.ro<\/a>\u00a0o chiamare il nostro call center al numero\u00a0<strong>+40 310 052 533<\/strong>. Si prega di assicurarsi di avere tutti i documenti pronti.<\/p>\n<p>\u00c8 inoltre possibile utilizzare la nostra\u00a0<strong>piattaforma online<\/strong>\u00a0registrandosi\u00a0<a href=\"https:\/\/dallbogg.native-code.ro\/avizare-online\/\">qui<\/a>.<\/p>\n<p>&nbsp;<\/p>\n<p><strong>Grecia (GR):<\/strong><\/p>\n<p>Inviare un messaggio con una descrizione e delle foto all&#8217;indirizzo\u00a0<a href=\"mailto:office.gr@diodea.eu\">office.gr@diodea.eu<\/a>\u00a0o chiamare il nostro call center al numero\u00a0<strong>+30 210 523 3211<\/strong>\u00a0o\u00a0<strong>+30 210 524 4252<\/strong>.<\/p>\n<p>&nbsp;<\/p>\n<p><strong>Italia (IT):<\/strong><\/p>\n<p>Invia un&#8217;e-mail con una descrizione e delle foto a\u00a0<a href=\"mailto:sinistri.it@dallbogg.com\">sinistri.it@dallbogg.com<\/a>\u00a0o\u00a0<a href=\"mailto:sinistridallbogg@legalmail.it\">sinistridallbogg@legalmail.it<\/a>.<\/p>\n<p>Puoi contattare il nostro call center al numero\u00a0<strong>+39 02 2317 5293<\/strong>.<\/p>\n<p><em>(Un nuovo servizio telefonico SIP trunk sar\u00e0 disponibile dall&#8217;11 novembre &#8211; ulteriori dettagli seguiranno).<\/em><\/p>\n<p>&nbsp;<\/p>\n<p><strong>Polonia (PL):<\/strong><\/p>\n<p>Inviate un&#8217;e-mail con una descrizione e delle foto a\u00a0<a href=\"mailto:office.pl@diodea.eu\">office.pl@diodea.eu<\/a>\u00a0o chiamate il nostro call center al numero\u00a0<strong>+48 22 290 4090<\/strong>.<\/p>\n<p>Potete anche registrare il vostro reclamo sulla nostra\u00a0<strong>piattaforma online<\/strong>\u00a0<a href=\"https:\/\/paneldallbogg.unext.pl\/szkody\/rejestracja\/Krok-1-wyszukiwaniePolisy\">qui<\/a>.<\/p>\n<p>&nbsp;<\/p>\n<h5>&#8211;\u00a0\u00a0D: Desidero modificare il mio contratto esistente con DallBogg. Come posso fare?<\/h5>\n<p>Risposta: Se desideri apportare modifiche a una polizza assicurativa esistente emessa da DallBogg, contatta i nostri uffici locali, a seconda del luogo in cui \u00e8 stata emessa la tua polizza assicurativa:<\/p>\n<p>&nbsp;<\/p>\n<p><strong>Per la Bulgaria:<\/strong><\/p>\n<p>Per qualsiasi modifica o variazione di una polizza assicurativa attiva, contatta l&#8217;ufficio DallBogg pi\u00f9 vicino. Puoi trovare una mappa di tutti i nostri uffici all&#8217;indirizzo\u00a0<a href=\"http:\/\/www.dallbogg.com\/\">www.dallbogg.com<\/a>.<\/p>\n<p>&nbsp;<\/p>\n<p><strong>Per i clienti stranieri:<\/strong><\/p>\n<p>&nbsp;<\/p>\n<p><strong>Romania (RO):<\/strong><\/p>\n<p>Per qualsiasi richiesta relativa alla vostra polizza RCA (modifiche, correzioni, cancellazioni, rescissioni o aggiunta di un numero di immatricolazione, ecc.), inviate un&#8217;e-mail all&#8217;indirizzo\u00a0<a href=\"mailto:rca@dallbogg.com\">rca@dallbogg.com<\/a>.<\/p>\n<p>&nbsp;<\/p>\n<p><strong>Grecia (GR):<\/strong><\/p>\n<p>Si prega di inviare la richiesta via e-mail all&#8217;indirizzo\u00a0<a href=\"mailto:office.gr@diodea.eu\">office.gr@diodea.eu<\/a>\u00a0o di contattare il nostro call center al numero\u00a0<strong>+30 210 523 3211<\/strong>\u00a0o\u00a0<strong>+30 210 524 4252<\/strong>.<\/p>\n<p>Per l&#8217;emissione di un allegato, si prega di inviare le informazioni pertinenti all&#8217;indirizzo\u00a0<a href=\"mailto:contracts.gr@dallbogg.com\">contracts.gr@dallbogg.com<\/a>.<\/p>\n<p>&nbsp;<\/p>\n<p><strong>Italia (IT):<\/strong><\/p>\n<p>Per qualsiasi modifica relativa alla polizza, inviate un&#8217;e-mail all&#8217;indirizzo\u00a0<a href=\"mailto:clienti.italia@dallbogg.com\">clienti.italia@dallbogg.com<\/a>.<\/p>\n<p>&nbsp;<\/p>\n<p><strong>Polonia (PL):<\/strong><\/p>\n<p>Per qualsiasi modifica o aggiornamento della polizza, inviate un&#8217;e-mail all&#8217;indirizzo\u00a0<a href=\"mailto:polisa.pl@dallbogg.com\">polisa.pl@dallbogg.com<\/a>.<\/p>\n<p>&nbsp;<\/p>\n<h5>&#8211;\u00a0\u00a0D: Vorrei cambiare compagnia assicurativa e diventare cliente di DallBogg perch\u00e9 l&#8217;offerta \u00e8 vantaggiosa. DallBogg si occuper\u00e0 della disdetta e della liquidazione con la mia vecchia compagnia assicurativa?<\/h5>\n<p>Risposta:<\/p>\n<p>&nbsp;<\/p>\n<p><strong>Per la Bulgaria:<\/strong><\/p>\n<p>Contattaci o visita uno dei nostri uffici e ti guideremo attraverso l&#8217;intero processo.<\/p>\n<p>&nbsp;<\/p>\n<p><strong>Per i clienti stranieri:<\/strong><\/p>\n<p>Allo stato attuale, DallBogg non \u00e8 autorizzata a emettere nuove polizze assicurative al di fuori della Bulgaria.<\/p>\n<p>&nbsp;<\/p>\n<h5>&#8211;\u00a0\u00a0D: Come posso essere sicuro che la mia richiesta di risarcimento sar\u00e0 gestita correttamente durante questo periodo?<\/h5>\n<p>Risposta: Le richieste di risarcimento vengono elaborate come di consueto. DallBogg ha recentemente potenziato i propri sistemi di gestione dei sinistri e di assistenza clienti, garantendo tempi di risposta pi\u00f9 rapidi e una comunicazione pi\u00f9 chiara. La maggior parte delle richieste di risarcimento viene ora presa in carico immediatamente dopo la presentazione e forniamo aggiornamenti regolari sullo stato della richiesta.<\/p>\n<p>&nbsp;<\/p>\n<h5>D: I miei dati personali rimarranno protetti?<\/h5>\n<p>Risposta: S\u00ec. DallBogg applica rigorosi standard di protezione dei dati in linea con il Regolamento generale sulla protezione dei dati (GDPR) dell&#8217;UE. Le informazioni dei clienti sono conservate in modo sicuro e non vengono mai condivise senza il loro consenso.[\/vc_column_text][vc_separator type=&#8221;normal&#8221; up=&#8221;10&#8243; down=&#8221;10&#8243;][\/vc_column][\/vc_row][vc_row css_animation=&#8221;&#8221; row_type=&#8221;row&#8221; use_row_as_full_screen_section=&#8221;no&#8221; type=&#8221;full_width&#8221; angled_section=&#8221;no&#8221; text_align=&#8221;left&#8221; background_image_as_pattern=&#8221;without_pattern&#8221;][vc_column][vc_separator type=&#8221;transparent&#8221; up=&#8221;10&#8243; down=&#8221;10&#8243;][vc_single_image image=&#8221;15716&#8243; img_size=&#8221;full&#8221; alignment=&#8221;center&#8221; qode_css_animation=&#8221;&#8221;][vc_separator type=&#8221;transparent&#8221; up=&#8221;10&#8243; down=&#8221;10&#8243;][\/vc_column][\/vc_row]<\/p>\n<\/div>","protected":false},"excerpt":{"rendered":"<p>[vc_row css_animation=&#8221;&#8221; row_type=&#8221;row&#8221; use_row_as_full_screen_section=&#8221;no&#8221; type=&#8221;full_width&#8221; angled_section=&#8221;no&#8221; text_align=&#8221;left&#8221; background_image_as_pattern=&#8221;without_pattern&#8221; z_index=&#8221;&#8221; padding_bottom=&#8221;60&#8243;][vc_column][vc_column_text css=&#8221;&#8221;] Domande frequenti [\/vc_column_text][\/vc_column][\/vc_row][vc_row css_animation=&#8221;&#8221; row_type=&#8221;row&#8221; use_row_as_full_screen_section=&#8221;no&#8221; type=&#8221;full_width&#8221; angled_section=&#8221;no&#8221; text_align=&#8221;left&#8221; background_image_as_pattern=&#8221;without_pattern&#8221;][vc_column][vc_column_text css=&#8221;&#8221;] &#8211;\u00a0\u00a0D: In quali paesi opera attualmente DallBogg? Risposta: Con il suo mercato principale in Bulgaria, DallBogg si \u00e8 espansa con successo in Grecia,&#8230;<\/p>\n","protected":false},"author":1,"featured_media":0,"parent":0,"menu_order":0,"comment_status":"closed","ping_status":"closed","template":"","meta":{"footnotes":""},"yoast_head":"<!-- This site is optimized with the Yoast SEO plugin v23.4 - https:\/\/yoast.com\/wordpress\/plugins\/seo\/ -->\n<title>Domande frequenti - \u0417\u0410\u0414 \u0414\u0430\u043b\u043b\u0411\u043e\u0433\u0433 \u0416\u0438\u0432\u043e\u0442 \u0438 \u0437\u0434\u0440\u0430\u0432\u0435 \u0410\u0414<\/title>\n<meta name=\"robots\" content=\"index, follow, max-snippet:-1, max-image-preview:large, max-video-preview:-1\" \/>\n<link rel=\"canonical\" href=\"https:\/\/dallbogg.com\/it\/faq\/\" \/>\n<meta property=\"og:locale\" content=\"it_IT\" \/>\n<meta property=\"og:type\" content=\"article\" \/>\n<meta property=\"og:title\" content=\"Domande frequenti - \u0417\u0410\u0414 \u0414\u0430\u043b\u043b\u0411\u043e\u0433\u0433 \u0416\u0438\u0432\u043e\u0442 \u0438 \u0437\u0434\u0440\u0430\u0432\u0435 \u0410\u0414\" \/>\n<meta property=\"og:description\" content=\"[vc_row css_animation=&#8221;&#8221; row_type=&#8221;row&#8221; use_row_as_full_screen_section=&#8221;no&#8221; type=&#8221;full_width&#8221; angled_section=&#8221;no&#8221; text_align=&#8221;left&#8221; background_image_as_pattern=&#8221;without_pattern&#8221; z_index=&#8221;&#8221; padding_bottom=&#8221;60&#8243;][vc_column][vc_column_text css=&#8221;&#8221;] Domande frequenti [\/vc_column_text][\/vc_column][\/vc_row][vc_row css_animation=&#8221;&#8221; row_type=&#8221;row&#8221; use_row_as_full_screen_section=&#8221;no&#8221; type=&#8221;full_width&#8221; angled_section=&#8221;no&#8221; text_align=&#8221;left&#8221; background_image_as_pattern=&#8221;without_pattern&#8221;][vc_column][vc_column_text css=&#8221;&#8221;] &#8211;\u00a0\u00a0D: In quali paesi opera attualmente DallBogg? Risposta: Con il suo mercato principale in Bulgaria, DallBogg si \u00e8 espansa con successo in Grecia,...\" \/>\n<meta property=\"og:url\" content=\"https:\/\/dallbogg.com\/it\/faq\/\" \/>\n<meta property=\"og:site_name\" content=\"\u0417\u0410\u0414 \u0414\u0430\u043b\u043b\u0411\u043e\u0433\u0433 \u0416\u0438\u0432\u043e\u0442 \u0438 \u0437\u0434\u0440\u0430\u0432\u0435 \u0410\u0414\" \/>\n<meta property=\"article:modified_time\" content=\"2025-11-13T07:32:32+00:00\" \/>\n<meta name=\"twitter:card\" content=\"summary_large_image\" \/>\n<meta name=\"twitter:label1\" content=\"Tempo di lettura stimato\" \/>\n\t<meta name=\"twitter:data1\" content=\"9 minuti\" \/>\n<script type=\"application\/ld+json\" class=\"yoast-schema-graph\">{\"@context\":\"https:\/\/schema.org\",\"@graph\":[{\"@type\":\"WebPage\",\"@id\":\"https:\/\/dallbogg.com\/it\/faq\/\",\"url\":\"https:\/\/dallbogg.com\/it\/faq\/\",\"name\":\"Domande frequenti - \u0417\u0410\u0414 \u0414\u0430\u043b\u043b\u0411\u043e\u0433\u0433 \u0416\u0438\u0432\u043e\u0442 \u0438 \u0437\u0434\u0440\u0430\u0432\u0435 \u0410\u0414\",\"isPartOf\":{\"@id\":\"https:\/\/dallbogg.com\/#website\"},\"datePublished\":\"2025-11-13T07:00:51+00:00\",\"dateModified\":\"2025-11-13T07:32:32+00:00\",\"breadcrumb\":{\"@id\":\"https:\/\/dallbogg.com\/it\/faq\/#breadcrumb\"},\"inLanguage\":\"it-IT\",\"potentialAction\":[{\"@type\":\"ReadAction\",\"target\":[\"https:\/\/dallbogg.com\/it\/faq\/\"]}]},{\"@type\":\"BreadcrumbList\",\"@id\":\"https:\/\/dallbogg.com\/it\/faq\/#breadcrumb\",\"itemListElement\":[{\"@type\":\"ListItem\",\"position\":1,\"name\":\"\u041d\u0430\u0447\u0430\u043b\u043e\",\"item\":\"https:\/\/dallbogg.com\/it\/\"},{\"@type\":\"ListItem\",\"position\":2,\"name\":\"Domande frequenti\"}]},{\"@type\":\"WebSite\",\"@id\":\"https:\/\/dallbogg.com\/#website\",\"url\":\"https:\/\/dallbogg.com\/\",\"name\":\"\u0417\u0410\u0414 \u0414\u0430\u043b\u043b\u0411\u043e\u0433\u0433 \u0416\u0438\u0432\u043e\u0442 \u0438 \u0437\u0434\u0440\u0430\u0432\u0435 \u0410\u0414\",\"description\":\"\u041f\u043e\u0440\u0435\u0434\u043d\u0438\u044f\u0442 WordPress \u0441\u0430\u0439\u0442\",\"potentialAction\":[{\"@type\":\"SearchAction\",\"target\":{\"@type\":\"EntryPoint\",\"urlTemplate\":\"https:\/\/dallbogg.com\/?s={search_term_string}\"},\"query-input\":{\"@type\":\"PropertyValueSpecification\",\"valueRequired\":true,\"valueName\":\"search_term_string\"}}],\"inLanguage\":\"it-IT\"}]}<\/script>\n<!-- \/ Yoast SEO plugin. -->","yoast_head_json":{"title":"Domande frequenti - \u0417\u0410\u0414 \u0414\u0430\u043b\u043b\u0411\u043e\u0433\u0433 \u0416\u0438\u0432\u043e\u0442 \u0438 \u0437\u0434\u0440\u0430\u0432\u0435 \u0410\u0414","robots":{"index":"index","follow":"follow","max-snippet":"max-snippet:-1","max-image-preview":"max-image-preview:large","max-video-preview":"max-video-preview:-1"},"canonical":"https:\/\/dallbogg.com\/it\/faq\/","og_locale":"it_IT","og_type":"article","og_title":"Domande frequenti - \u0417\u0410\u0414 \u0414\u0430\u043b\u043b\u0411\u043e\u0433\u0433 \u0416\u0438\u0432\u043e\u0442 \u0438 \u0437\u0434\u0440\u0430\u0432\u0435 \u0410\u0414","og_description":"[vc_row css_animation=&#8221;&#8221; row_type=&#8221;row&#8221; use_row_as_full_screen_section=&#8221;no&#8221; type=&#8221;full_width&#8221; angled_section=&#8221;no&#8221; text_align=&#8221;left&#8221; background_image_as_pattern=&#8221;without_pattern&#8221; z_index=&#8221;&#8221; padding_bottom=&#8221;60&#8243;][vc_column][vc_column_text css=&#8221;&#8221;] Domande frequenti [\/vc_column_text][\/vc_column][\/vc_row][vc_row css_animation=&#8221;&#8221; row_type=&#8221;row&#8221; use_row_as_full_screen_section=&#8221;no&#8221; type=&#8221;full_width&#8221; angled_section=&#8221;no&#8221; text_align=&#8221;left&#8221; background_image_as_pattern=&#8221;without_pattern&#8221;][vc_column][vc_column_text css=&#8221;&#8221;] &#8211;\u00a0\u00a0D: In quali paesi opera attualmente DallBogg? Risposta: Con il suo mercato principale in Bulgaria, DallBogg si \u00e8 espansa con successo in Grecia,...","og_url":"https:\/\/dallbogg.com\/it\/faq\/","og_site_name":"\u0417\u0410\u0414 \u0414\u0430\u043b\u043b\u0411\u043e\u0433\u0433 \u0416\u0438\u0432\u043e\u0442 \u0438 \u0437\u0434\u0440\u0430\u0432\u0435 \u0410\u0414","article_modified_time":"2025-11-13T07:32:32+00:00","twitter_card":"summary_large_image","twitter_misc":{"Tempo di lettura stimato":"9 minuti"},"schema":{"@context":"https:\/\/schema.org","@graph":[{"@type":"WebPage","@id":"https:\/\/dallbogg.com\/it\/faq\/","url":"https:\/\/dallbogg.com\/it\/faq\/","name":"Domande frequenti - \u0417\u0410\u0414 \u0414\u0430\u043b\u043b\u0411\u043e\u0433\u0433 \u0416\u0438\u0432\u043e\u0442 \u0438 \u0437\u0434\u0440\u0430\u0432\u0435 \u0410\u0414","isPartOf":{"@id":"https:\/\/dallbogg.com\/#website"},"datePublished":"2025-11-13T07:00:51+00:00","dateModified":"2025-11-13T07:32:32+00:00","breadcrumb":{"@id":"https:\/\/dallbogg.com\/it\/faq\/#breadcrumb"},"inLanguage":"it-IT","potentialAction":[{"@type":"ReadAction","target":["https:\/\/dallbogg.com\/it\/faq\/"]}]},{"@type":"BreadcrumbList","@id":"https:\/\/dallbogg.com\/it\/faq\/#breadcrumb","itemListElement":[{"@type":"ListItem","position":1,"name":"\u041d\u0430\u0447\u0430\u043b\u043e","item":"https:\/\/dallbogg.com\/it\/"},{"@type":"ListItem","position":2,"name":"Domande frequenti"}]},{"@type":"WebSite","@id":"https:\/\/dallbogg.com\/#website","url":"https:\/\/dallbogg.com\/","name":"\u0417\u0410\u0414 \u0414\u0430\u043b\u043b\u0411\u043e\u0433\u0433 \u0416\u0438\u0432\u043e\u0442 \u0438 \u0437\u0434\u0440\u0430\u0432\u0435 \u0410\u0414","description":"\u041f\u043e\u0440\u0435\u0434\u043d\u0438\u044f\u0442 WordPress \u0441\u0430\u0439\u0442","potentialAction":[{"@type":"SearchAction","target":{"@type":"EntryPoint","urlTemplate":"https:\/\/dallbogg.com\/?s={search_term_string}"},"query-input":{"@type":"PropertyValueSpecification","valueRequired":true,"valueName":"search_term_string"}}],"inLanguage":"it-IT"}]}},"_links":{"self":[{"href":"https:\/\/dallbogg.com\/it\/wp-json\/wp\/v2\/pages\/20943"}],"collection":[{"href":"https:\/\/dallbogg.com\/it\/wp-json\/wp\/v2\/pages"}],"about":[{"href":"https:\/\/dallbogg.com\/it\/wp-json\/wp\/v2\/types\/page"}],"author":[{"embeddable":true,"href":"https:\/\/dallbogg.com\/it\/wp-json\/wp\/v2\/users\/1"}],"replies":[{"embeddable":true,"href":"https:\/\/dallbogg.com\/it\/wp-json\/wp\/v2\/comments?post=20943"}],"version-history":[{"count":5,"href":"https:\/\/dallbogg.com\/it\/wp-json\/wp\/v2\/pages\/20943\/revisions"}],"predecessor-version":[{"id":20948,"href":"https:\/\/dallbogg.com\/it\/wp-json\/wp\/v2\/pages\/20943\/revisions\/20948"}],"wp:attachment":[{"href":"https:\/\/dallbogg.com\/it\/wp-json\/wp\/v2\/media?parent=20943"}],"curies":[{"name":"wp","href":"https:\/\/api.w.org\/{rel}","templated":true}]}}