{"id":20123,"date":"2023-09-25T10:51:28","date_gmt":"2023-09-25T07:51:28","guid":{"rendered":"https:\/\/dallbogg.com\/?page_id=20123"},"modified":"2023-09-27T15:57:29","modified_gmt":"2023-09-27T12:57:29","slug":"chi-siamo","status":"publish","type":"page","link":"https:\/\/dallbogg.com\/it\/chi-siamo\/","title":{"rendered":"Chi siamo"},"content":{"rendered":"<div class=\"wpb-content-wrapper\"><p>[vc_row css_animation=&#8221;&#8221; row_type=&#8221;row&#8221; use_row_as_full_screen_section=&#8221;no&#8221; type=&#8221;grid&#8221; angled_section=&#8221;no&#8221; text_align=&#8221;left&#8221; background_image_as_pattern=&#8221;without_pattern&#8221; z_index=&#8221;&#8221; padding_top=&#8221;60&#8243; padding_bottom=&#8221;60&#8243;][vc_column][vc_column_text]<\/p>\n<h3>Chi siamo<\/h3>\n<p>[\/vc_column_text][\/vc_column][\/vc_row][vc_row css_animation=&#8221;&#8221; row_type=&#8221;row&#8221; use_row_as_full_screen_section=&#8221;no&#8221; type=&#8221;grid&#8221; angled_section=&#8221;no&#8221; text_align=&#8221;left&#8221; background_image_as_pattern=&#8221;without_pattern&#8221; z_index=&#8221;&#8221;][vc_column][vc_column_text]DallBogg: Life and Health JSC fa parte del Gruppo\u00a0<a href=\"https:\/\/comleague.com\/\">Commercial League \u2013 Global Pharmacy Center JSC<\/a>,\u00a0<a href=\"https:\/\/tchaikapharma.com\/bg\/\">Tchaikapharma High Quality Medicines JSC<\/a>,\u00a0<a href=\"https:\/\/cardiacinstitute.bg\/\">Bulgarian Cardiological Institute JSC<\/a>\u00a0e\u00a0<a href=\"https:\/\/dallbogg.bg\/\">Pension Insurance Company DallBogg: Life and Health JSC<\/a>\u00a0\u2013 una delle pi\u00f9 grandi strutture aziendali in Bulgaria. Fondato pi\u00f9 di 30 anni fa, grazie alla sua professionalit\u00e0, alla perseveranza e alle idee innovative, il gruppo \u00e8 diventato una holding di vaste dimensioni, leader nei Balcani.<\/p>\n<p>&nbsp;<\/p>\n<p>Subito dopo la sua costituzione nel 2008, DallBogg \u00e8 riuscita a conquistare rapidamente il 5\u00b0 posto tra le 22 societ\u00e0 che offrono servizi di assicurazione sanitaria volontaria sul mercato. I dati statistici ufficiali della Commissione di vigilanza finanziaria dimostrano che nel corso degli anni la societ\u00e0 ha acquisito e gode di una posizione di mercato stabile, con una quota di mercato in costante aumento, una crescente efficienza e un ricco portafoglio.<\/p>\n<p>&nbsp;<\/p>\n<p>Nel 2012 l\u2019azienda ha implementato e applicato con successo il sistema di gestione della qualit\u00e0 ISO 9001:2008.<\/p>\n<p>&nbsp;<\/p>\n<p>Nel 2013 DallBogg ha ottenuto la licenza per l\u2019esercizio dell\u2019attivit\u00e0 assicurativa nei seguenti rami di assicurazione:<\/p>\n<p>&nbsp;<\/p>\n<ul>\n<li>Assicurazione infortuni (compresi gli infortuni sul lavoro e le malattie professionali)<\/li>\n<li>Assicurazione malattia<\/li>\n<li>Assicurazione di \u201cCorpi Veicoli Terrestri (Kasco)\u201d<\/li>\n<li>Assicurazione di merci trasportate (compresi merci, bagagli, ecc.)<\/li>\n<li>Assicurazione contro gli incendi e le calamit\u00e0 naturali<\/li>\n<li>Assicurazione per altri danni alla propriet\u00e0<\/li>\n<li>Assicurazione perdite finanziarie varie<\/li>\n<li>Assicurazione \u201cAssistenza in viaggio\u201d<\/li>\n<\/ul>\n<p>&nbsp;<\/p>\n<p>Nel 2015 DallBogg: Life and Health \u00e8 diventata una societ\u00e0 assicurativa per azioni<\/p>\n<p>&nbsp;<\/p>\n<p>Nel periodo 2015-2020 DallBogg continua a sviluppare in modo mirato i prodotti offerti agli intermediari e ai clienti diretti. Vengono introdotti nuovi software adattati ad ottimizzare il servizio ai clienti.<\/p>\n<p>&nbsp;<\/p>\n<p>Nel 2016, ai sensi della modifica della legge sugli appalti pubblici, DallBogg \u00e8 stata una delle prime aziende in Bulgaria ad introdurre l\u2019offerta di polizze assicurative fideiussorie.<\/p>\n<p>&nbsp;<\/p>\n<p>Al 2020, l\u2019azienda \u00e8 il principale fornitore di polizze assicurative fideiussorie in Bulgaria ed \u00e8 tra le prime tre aziende con la pi\u00f9 alta raccolta premi nel ramo \u201cResponsabilit\u00e0 civile auto\u201d.[\/vc_column_text][vc_separator type=&#8221;transparent&#8221; up=&#8221;15&#8243; down=&#8221;0&#8243;][\/vc_column][\/vc_row][vc_row css_animation=&#8221;&#8221; row_type=&#8221;row&#8221; use_row_as_full_screen_section=&#8221;no&#8221; type=&#8221;grid&#8221; angled_section=&#8221;no&#8221; text_align=&#8221;left&#8221; background_image_as_pattern=&#8221;without_pattern&#8221; background_color=&#8221;#f8f8f8&#8243; padding_top=&#8221;90&#8243;][vc_column width=&#8221;1\/3&#8243;][vc_row_inner row_type=&#8221;row&#8221; type=&#8221;full_width&#8221; text_align=&#8221;left&#8221; css_animation=&#8221;element_from_bottom&#8221; transition_delay=&#8221;400&#8243;][vc_column_inner][vc_single_image image=&#8221;15790&#8243; img_size=&#8221;full&#8221; onclick=&#8221;custom_link&#8221; qode_css_animation=&#8221;&#8221; qode_hover_animation=&#8221;zoom_in&#8221; link=&#8221;https:\/\/dallbogg.com\/it\/chi-siamo\/gestione\/&#8221;][vc_separator type=&#8221;transparent&#8221; up=&#8221;30&#8243; down=&#8221;0&#8243;][vc_column_text]<\/p>\n<h4 style=\"text-align: center;\"><a href=\"https:\/\/dallbogg.com\/it\/chi-siamo\/gestione\/\">Gestione<\/a><\/h4>\n<p>[\/vc_column_text][vc_separator type=&#8221;transparent&#8221; up=&#8221;50&#8243;][\/vc_column_inner][\/vc_row_inner][\/vc_column][vc_column width=&#8221;1\/3&#8243;][vc_row_inner row_type=&#8221;row&#8221; type=&#8221;full_width&#8221; text_align=&#8221;left&#8221; css_animation=&#8221;element_from_bottom&#8221; transition_delay=&#8221;500&#8243;][vc_column_inner][vc_single_image image=&#8221;15980&#8243; img_size=&#8221;full&#8221; onclick=&#8221;custom_link&#8221; qode_css_animation=&#8221;&#8221; qode_hover_animation=&#8221;zoom_in&#8221; link=&#8221;https:\/\/dallbogg.com\/it\/chi-siamo\/visione-e-obiettivi\/&#8221;][vc_separator type=&#8221;transparent&#8221; up=&#8221;30&#8243; down=&#8221;0&#8243;][vc_column_text]<\/p>\n<h4 style=\"text-align: center;\"><a href=\"https:\/\/dallbogg.com\/it\/chi-siamo\/visione-e-obiettivi\/\">Visione e obiettivi<\/a><\/h4>\n<p>[\/vc_column_text][vc_separator type=&#8221;transparent&#8221; up=&#8221;50&#8243;][\/vc_column_inner][\/vc_row_inner][\/vc_column][vc_column width=&#8221;1\/3&#8243;][vc_row_inner row_type=&#8221;row&#8221; type=&#8221;full_width&#8221; text_align=&#8221;left&#8221; css_animation=&#8221;element_from_bottom&#8221; transition_delay=&#8221;600&#8243;][vc_column_inner][vc_single_image image=&#8221;15981&#8243; img_size=&#8221;full&#8221; onclick=&#8221;custom_link&#8221; qode_css_animation=&#8221;&#8221; qode_hover_animation=&#8221;zoom_in&#8221; link=&#8221;https:\/\/dallbogg.com\/it\/chi-siamo\/informazioni-finanziarie\/&#8221;][vc_separator type=&#8221;transparent&#8221; up=&#8221;30&#8243; down=&#8221;0&#8243;][vc_column_text]<\/p>\n<div class=\"wpb_text_column wpb_content_element \">\n<div class=\"wpb_wrapper\">\n<h4 style=\"text-align: center;\"><a href=\"https:\/\/dallbogg.com\/it\/chi-siamo\/informazioni-finanziarie\/\">Informazioni finanziarie<\/a><\/h4>\n<\/div>\n<\/div>\n<p>[\/vc_column_text][vc_separator type=&#8221;transparent&#8221; up=&#8221;50&#8243;][\/vc_column_inner][\/vc_row_inner][\/vc_column][\/vc_row][vc_row css_animation=&#8221;&#8221; row_type=&#8221;row&#8221; use_row_as_full_screen_section=&#8221;no&#8221; type=&#8221;full_width&#8221; angled_section=&#8221;no&#8221; text_align=&#8221;left&#8221; background_image_as_pattern=&#8221;without_pattern&#8221;][vc_column][vc_separator type=&#8221;transparent&#8221; up=&#8221;10&#8243; down=&#8221;10&#8243;][vc_single_image image=&#8221;15716&#8243; img_size=&#8221;full&#8221; alignment=&#8221;center&#8221; qode_css_animation=&#8221;&#8221;][vc_separator type=&#8221;transparent&#8221; up=&#8221;10&#8243; down=&#8221;10&#8243;][\/vc_column][\/vc_row]<\/p>\n<\/div>","protected":false},"excerpt":{"rendered":"<p>[vc_row css_animation=&#8221;&#8221; row_type=&#8221;row&#8221; use_row_as_full_screen_section=&#8221;no&#8221; type=&#8221;grid&#8221; angled_section=&#8221;no&#8221; text_align=&#8221;left&#8221; background_image_as_pattern=&#8221;without_pattern&#8221; z_index=&#8221;&#8221; padding_top=&#8221;60&#8243; padding_bottom=&#8221;60&#8243;][vc_column][vc_column_text] Chi siamo [\/vc_column_text][\/vc_column][\/vc_row][vc_row css_animation=&#8221;&#8221; row_type=&#8221;row&#8221; use_row_as_full_screen_section=&#8221;no&#8221; type=&#8221;grid&#8221; angled_section=&#8221;no&#8221; text_align=&#8221;left&#8221; background_image_as_pattern=&#8221;without_pattern&#8221; z_index=&#8221;&#8221;][vc_column][vc_column_text]DallBogg: Life and Health JSC fa parte del Gruppo\u00a0Commercial League \u2013 Global Pharmacy Center JSC,\u00a0Tchaikapharma High Quality Medicines JSC,\u00a0Bulgarian Cardiological Institute JSC\u00a0e\u00a0Pension Insurance Company&#8230;<\/p>\n","protected":false},"author":1,"featured_media":0,"parent":0,"menu_order":0,"comment_status":"open","ping_status":"open","template":"full_width.php","meta":{"footnotes":""},"yoast_head":"<!-- This site is optimized with the Yoast SEO plugin v23.4 - https:\/\/yoast.com\/wordpress\/plugins\/seo\/ -->\n<title>Chi siamo - \u0417\u0410\u0414 \u0414\u0430\u043b\u043b\u0411\u043e\u0433\u0433 \u0416\u0438\u0432\u043e\u0442 \u0438 \u0437\u0434\u0440\u0430\u0432\u0435 \u0410\u0414<\/title>\n<meta name=\"robots\" content=\"index, follow, max-snippet:-1, max-image-preview:large, max-video-preview:-1\" \/>\n<link rel=\"canonical\" href=\"https:\/\/dallbogg.com\/it\/chi-siamo\/\" \/>\n<meta property=\"og:locale\" content=\"it_IT\" \/>\n<meta property=\"og:type\" content=\"article\" \/>\n<meta property=\"og:title\" content=\"Chi siamo - \u0417\u0410\u0414 \u0414\u0430\u043b\u043b\u0411\u043e\u0433\u0433 \u0416\u0438\u0432\u043e\u0442 \u0438 \u0437\u0434\u0440\u0430\u0432\u0435 \u0410\u0414\" \/>\n<meta property=\"og:description\" content=\"[vc_row css_animation=&#8221;&#8221; row_type=&#8221;row&#8221; use_row_as_full_screen_section=&#8221;no&#8221; type=&#8221;grid&#8221; angled_section=&#8221;no&#8221; text_align=&#8221;left&#8221; background_image_as_pattern=&#8221;without_pattern&#8221; z_index=&#8221;&#8221; padding_top=&#8221;60&#8243; padding_bottom=&#8221;60&#8243;][vc_column][vc_column_text] Chi siamo [\/vc_column_text][\/vc_column][\/vc_row][vc_row css_animation=&#8221;&#8221; row_type=&#8221;row&#8221; use_row_as_full_screen_section=&#8221;no&#8221; type=&#8221;grid&#8221; angled_section=&#8221;no&#8221; text_align=&#8221;left&#8221; background_image_as_pattern=&#8221;without_pattern&#8221; z_index=&#8221;&#8221;][vc_column][vc_column_text]DallBogg: Life and Health JSC fa parte del Gruppo\u00a0Commercial League \u2013 Global Pharmacy Center JSC,\u00a0Tchaikapharma High Quality Medicines JSC,\u00a0Bulgarian Cardiological Institute JSC\u00a0e\u00a0Pension Insurance Company...\" \/>\n<meta property=\"og:url\" content=\"https:\/\/dallbogg.com\/it\/chi-siamo\/\" \/>\n<meta property=\"og:site_name\" content=\"\u0417\u0410\u0414 \u0414\u0430\u043b\u043b\u0411\u043e\u0433\u0433 \u0416\u0438\u0432\u043e\u0442 \u0438 \u0437\u0434\u0440\u0430\u0432\u0435 \u0410\u0414\" \/>\n<meta property=\"article:modified_time\" content=\"2023-09-27T12:57:29+00:00\" \/>\n<meta name=\"twitter:card\" content=\"summary_large_image\" \/>\n<meta name=\"twitter:label1\" content=\"Tempo di lettura stimato\" \/>\n\t<meta name=\"twitter:data1\" content=\"4 minuti\" \/>\n<script type=\"application\/ld+json\" class=\"yoast-schema-graph\">{\"@context\":\"https:\/\/schema.org\",\"@graph\":[{\"@type\":\"WebPage\",\"@id\":\"https:\/\/dallbogg.com\/it\/chi-siamo\/\",\"url\":\"https:\/\/dallbogg.com\/it\/chi-siamo\/\",\"name\":\"Chi siamo - \u0417\u0410\u0414 \u0414\u0430\u043b\u043b\u0411\u043e\u0433\u0433 \u0416\u0438\u0432\u043e\u0442 \u0438 \u0437\u0434\u0440\u0430\u0432\u0435 \u0410\u0414\",\"isPartOf\":{\"@id\":\"https:\/\/dallbogg.com\/#website\"},\"datePublished\":\"2023-09-25T07:51:28+00:00\",\"dateModified\":\"2023-09-27T12:57:29+00:00\",\"breadcrumb\":{\"@id\":\"https:\/\/dallbogg.com\/it\/chi-siamo\/#breadcrumb\"},\"inLanguage\":\"it-IT\",\"potentialAction\":[{\"@type\":\"ReadAction\",\"target\":[\"https:\/\/dallbogg.com\/it\/chi-siamo\/\"]}]},{\"@type\":\"BreadcrumbList\",\"@id\":\"https:\/\/dallbogg.com\/it\/chi-siamo\/#breadcrumb\",\"itemListElement\":[{\"@type\":\"ListItem\",\"position\":1,\"name\":\"\u041d\u0430\u0447\u0430\u043b\u043e\",\"item\":\"https:\/\/dallbogg.com\/it\/\"},{\"@type\":\"ListItem\",\"position\":2,\"name\":\"Chi siamo\"}]},{\"@type\":\"WebSite\",\"@id\":\"https:\/\/dallbogg.com\/#website\",\"url\":\"https:\/\/dallbogg.com\/\",\"name\":\"\u0417\u0410\u0414 \u0414\u0430\u043b\u043b\u0411\u043e\u0433\u0433 \u0416\u0438\u0432\u043e\u0442 \u0438 \u0437\u0434\u0440\u0430\u0432\u0435 \u0410\u0414\",\"description\":\"\u041f\u043e\u0440\u0435\u0434\u043d\u0438\u044f\u0442 WordPress \u0441\u0430\u0439\u0442\",\"potentialAction\":[{\"@type\":\"SearchAction\",\"target\":{\"@type\":\"EntryPoint\",\"urlTemplate\":\"https:\/\/dallbogg.com\/?s={search_term_string}\"},\"query-input\":{\"@type\":\"PropertyValueSpecification\",\"valueRequired\":true,\"valueName\":\"search_term_string\"}}],\"inLanguage\":\"it-IT\"}]}<\/script>\n<!-- \/ Yoast SEO plugin. -->","yoast_head_json":{"title":"Chi siamo - \u0417\u0410\u0414 \u0414\u0430\u043b\u043b\u0411\u043e\u0433\u0433 \u0416\u0438\u0432\u043e\u0442 \u0438 \u0437\u0434\u0440\u0430\u0432\u0435 \u0410\u0414","robots":{"index":"index","follow":"follow","max-snippet":"max-snippet:-1","max-image-preview":"max-image-preview:large","max-video-preview":"max-video-preview:-1"},"canonical":"https:\/\/dallbogg.com\/it\/chi-siamo\/","og_locale":"it_IT","og_type":"article","og_title":"Chi siamo - \u0417\u0410\u0414 \u0414\u0430\u043b\u043b\u0411\u043e\u0433\u0433 \u0416\u0438\u0432\u043e\u0442 \u0438 \u0437\u0434\u0440\u0430\u0432\u0435 \u0410\u0414","og_description":"[vc_row css_animation=&#8221;&#8221; row_type=&#8221;row&#8221; use_row_as_full_screen_section=&#8221;no&#8221; type=&#8221;grid&#8221; angled_section=&#8221;no&#8221; text_align=&#8221;left&#8221; background_image_as_pattern=&#8221;without_pattern&#8221; z_index=&#8221;&#8221; padding_top=&#8221;60&#8243; padding_bottom=&#8221;60&#8243;][vc_column][vc_column_text] Chi siamo [\/vc_column_text][\/vc_column][\/vc_row][vc_row css_animation=&#8221;&#8221; row_type=&#8221;row&#8221; use_row_as_full_screen_section=&#8221;no&#8221; type=&#8221;grid&#8221; angled_section=&#8221;no&#8221; text_align=&#8221;left&#8221; background_image_as_pattern=&#8221;without_pattern&#8221; z_index=&#8221;&#8221;][vc_column][vc_column_text]DallBogg: Life and Health JSC fa parte del Gruppo\u00a0Commercial League \u2013 Global Pharmacy Center JSC,\u00a0Tchaikapharma High Quality Medicines JSC,\u00a0Bulgarian Cardiological Institute JSC\u00a0e\u00a0Pension Insurance Company...","og_url":"https:\/\/dallbogg.com\/it\/chi-siamo\/","og_site_name":"\u0417\u0410\u0414 \u0414\u0430\u043b\u043b\u0411\u043e\u0433\u0433 \u0416\u0438\u0432\u043e\u0442 \u0438 \u0437\u0434\u0440\u0430\u0432\u0435 \u0410\u0414","article_modified_time":"2023-09-27T12:57:29+00:00","twitter_card":"summary_large_image","twitter_misc":{"Tempo di lettura stimato":"4 minuti"},"schema":{"@context":"https:\/\/schema.org","@graph":[{"@type":"WebPage","@id":"https:\/\/dallbogg.com\/it\/chi-siamo\/","url":"https:\/\/dallbogg.com\/it\/chi-siamo\/","name":"Chi siamo - \u0417\u0410\u0414 \u0414\u0430\u043b\u043b\u0411\u043e\u0433\u0433 \u0416\u0438\u0432\u043e\u0442 \u0438 \u0437\u0434\u0440\u0430\u0432\u0435 \u0410\u0414","isPartOf":{"@id":"https:\/\/dallbogg.com\/#website"},"datePublished":"2023-09-25T07:51:28+00:00","dateModified":"2023-09-27T12:57:29+00:00","breadcrumb":{"@id":"https:\/\/dallbogg.com\/it\/chi-siamo\/#breadcrumb"},"inLanguage":"it-IT","potentialAction":[{"@type":"ReadAction","target":["https:\/\/dallbogg.com\/it\/chi-siamo\/"]}]},{"@type":"BreadcrumbList","@id":"https:\/\/dallbogg.com\/it\/chi-siamo\/#breadcrumb","itemListElement":[{"@type":"ListItem","position":1,"name":"\u041d\u0430\u0447\u0430\u043b\u043e","item":"https:\/\/dallbogg.com\/it\/"},{"@type":"ListItem","position":2,"name":"Chi siamo"}]},{"@type":"WebSite","@id":"https:\/\/dallbogg.com\/#website","url":"https:\/\/dallbogg.com\/","name":"\u0417\u0410\u0414 \u0414\u0430\u043b\u043b\u0411\u043e\u0433\u0433 \u0416\u0438\u0432\u043e\u0442 \u0438 \u0437\u0434\u0440\u0430\u0432\u0435 \u0410\u0414","description":"\u041f\u043e\u0440\u0435\u0434\u043d\u0438\u044f\u0442 WordPress \u0441\u0430\u0439\u0442","potentialAction":[{"@type":"SearchAction","target":{"@type":"EntryPoint","urlTemplate":"https:\/\/dallbogg.com\/?s={search_term_string}"},"query-input":{"@type":"PropertyValueSpecification","valueRequired":true,"valueName":"search_term_string"}}],"inLanguage":"it-IT"}]}},"_links":{"self":[{"href":"https:\/\/dallbogg.com\/it\/wp-json\/wp\/v2\/pages\/20123"}],"collection":[{"href":"https:\/\/dallbogg.com\/it\/wp-json\/wp\/v2\/pages"}],"about":[{"href":"https:\/\/dallbogg.com\/it\/wp-json\/wp\/v2\/types\/page"}],"author":[{"embeddable":true,"href":"https:\/\/dallbogg.com\/it\/wp-json\/wp\/v2\/users\/1"}],"replies":[{"embeddable":true,"href":"https:\/\/dallbogg.com\/it\/wp-json\/wp\/v2\/comments?post=20123"}],"version-history":[{"count":5,"href":"https:\/\/dallbogg.com\/it\/wp-json\/wp\/v2\/pages\/20123\/revisions"}],"predecessor-version":[{"id":20183,"href":"https:\/\/dallbogg.com\/it\/wp-json\/wp\/v2\/pages\/20123\/revisions\/20183"}],"wp:attachment":[{"href":"https:\/\/dallbogg.com\/it\/wp-json\/wp\/v2\/media?parent=20123"}],"curies":[{"name":"wp","href":"https:\/\/api.w.org\/{rel}","templated":true}]}}