{"id":20119,"date":"2023-09-25T10:40:37","date_gmt":"2023-09-25T07:40:37","guid":{"rendered":"https:\/\/dallbogg.com\/?page_id=20119"},"modified":"2026-02-11T17:02:21","modified_gmt":"2026-02-11T15:02:21","slug":"%d0%bd%d0%b0%d1%87%d0%b0%d0%bb%d0%be","status":"publish","type":"page","link":"https:\/\/dallbogg.com\/it\/","title":{"rendered":"\u041d\u0430\u0447\u0430\u043b\u043e"},"content":{"rendered":"<div class=\"wpb-content-wrapper\"><p>[vc_row css_animation=&#8221;&#8221; row_type=&#8221;row&#8221; use_row_as_full_screen_section=&#8221;no&#8221; type=&#8221;full_width&#8221; angled_section=&#8221;no&#8221; text_align=&#8221;left&#8221; background_image_as_pattern=&#8221;without_pattern&#8221;][vc_column]\n\t\t\t<!-- START home slider it REVOLUTION SLIDER 6.7.38 --><p class=\"rs-p-wp-fix\"><\/p>\n\t\t\t<rs-module-wrap id=\"rev_slider_18_1_wrapper\" data-source=\"gallery\" style=\"visibility:hidden;background:transparent;padding:0;margin:0px auto;margin-top:0;margin-bottom:0;\">\n\t\t\t\t<rs-module id=\"rev_slider_18_1\" style=\"\" data-version=\"6.7.38\">\n\t\t\t\t\t<rs-slides style=\"overflow: hidden; position: absolute;\">\n\t\t\t\t\t\t<rs-slide style=\"position: absolute;\" data-key=\"rs-18\" data-title=\"Slide\" data-anim=\"adpr:false;ms:1000ms;\" data-in=\"o:0;\" data-out=\"a:false;\">\n\t\t\t\t\t\t\t<img decoding=\"async\" src=\"\/\/dallbogg.com\/wp-content\/plugins\/revslider\/sr6\/assets\/assets\/dummy.png\" alt=\"\" title=\"home-slider\" width=\"1920\" height=\"600\" class=\"rev-slidebg tp-rs-img rs-lazyload\" data-lazyload=\"\/\/dallbogg.com\/wp-content\/uploads\/2020\/08\/home-slider.jpg\" data-parallax=\"3\" data-panzoom=\"d:10000;ss:100;se:110%;\" data-no-retina>\n<!--\n\t\t\t\t\t\t\t--><rs-layer\n\t\t\t\t\t\t\t\tid=\"slider-18-slide-18-layer-0\" \n\t\t\t\t\t\t\t\tdata-type=\"text\"\n\t\t\t\t\t\t\t\tdata-color=\"#ffffff\"\n\t\t\t\t\t\t\t\tdata-tsh=\"h:3px;v:3px;b:1px;\"\n\t\t\t\t\t\t\t\tdata-rsp_ch=\"on\"\n\t\t\t\t\t\t\t\tdata-xy=\"x:c;y:146px;\"\n\t\t\t\t\t\t\t\tdata-text=\"w:nowrap;s:84;l:42;ls:1;\"\n\t\t\t\t\t\t\t\tdata-dim=\"w:1615;\"\n\t\t\t\t\t\t\t\tdata-vbility=\"t,t,t,f\"\n\t\t\t\t\t\t\t\tdata-frame_1=\"x:2px;y:-20px;st:720;sp:1000;sR:720;\"\n\t\t\t\t\t\t\t\tdata-frame_999=\"o:0;st:w;sR:7280;\"\n\t\t\t\t\t\t\t\tstyle=\"z-index:8;font-family:'Baskervville';\"\n\t\t\t\t\t\t\t>Assicurazione di qualit\u00e0 e innovazione \n\t\t\t\t\t\t\t<\/rs-layer><!--\n-->\t\t\t\t\t<\/rs-slide>\n\t\t\t\t\t<\/rs-slides>\n\t\t\t\t<\/rs-module>\n\t\t\t\t<script>\n\t\t\t\t\tsetREVStartSize({c: 'rev_slider_18_1',rl:[1240,1024,778,480],el:[600],gw:[1920],gh:[600],type:'standard',justify:'',layout:'fullwidth',mh:\"0\"});if (window.RS_MODULES!==undefined && window.RS_MODULES.modules!==undefined && window.RS_MODULES.modules[\"revslider181\"]!==undefined) {window.RS_MODULES.modules[\"revslider181\"].once = false;window.revapi18 = undefined;if (window.RS_MODULES.checkMinimal!==undefined) window.RS_MODULES.checkMinimal()}\n\t\t\t\t<\/script>\n\t\t\t<\/rs-module-wrap>\n\t\t\t<!-- END REVOLUTION SLIDER -->\n[\/vc_column][\/vc_row][vc_row css_animation=&#8221;&#8221; row_type=&#8221;row&#8221; use_row_as_full_screen_section=&#8221;no&#8221; type=&#8221;grid&#8221; angled_section=&#8221;no&#8221; text_align=&#8221;left&#8221; background_image_as_pattern=&#8221;without_pattern&#8221; z_index=&#8221;&#8221;][vc_column][vc_empty_space][vc_column_text css=&#8221;&#8221;]<\/p>\n<h4><strong>Gentili Assicurati,<\/strong><\/h4>\n<p>&nbsp;<\/p>\n<p>Desideriamo aggiornarvi in merito allo stato dei servizi post-vendita relativi alle polizze DallBogg. Tali servizi comprendono la cancellazione o risoluzione della polizza compilando il modello allegato.<\/p>\n<p>&nbsp;<\/p>\n<p><a href=\"https:\/\/dallbogg.it\/wp-content\/uploads\/2026\/02\/cancellation-request-form-it.pdf\">MODULO RICHIESTA ANNULLAMENTO<\/a><\/p>\n<p>&nbsp;<\/p>\n<p>Siamo consapevoli delle difficolt\u00e0 che molti di voi hanno riscontrato nelle ultime settimane. Il disservizio \u00e8 dovuto al mancato adempimento degli obblighi contrattuali in capo al fornitore delegato alla gestione delle polizze emesse in Italia prima del 1\u00b0 luglio 2025.<\/p>\n<p>&nbsp;<\/p>\n<p>A partire da oggi, tutte le richieste di modifiche post-vendita dovranno essere inviate esclusivamente all\u2019indirizzo email<\/p>\n<p>&nbsp;<\/p>\n<p><a href=\"mailto:clienti.italia@dallbogg.com\">clienti.italia@dallbogg.com<\/a><\/p>\n<p>&nbsp;<\/p>\n<p>Il nostro team dedicato si impegna a rispondere entro 7 giorni lavorativi dalla ricezione della vostra richiesta.<\/p>\n<p>&nbsp;<\/p>\n<p>Siamo profondamente dispiaciuti per i ritardi e i disagi causati e vi ringraziamo sinceramente per la pazienza e la comprensione dimostrate. Tutte le richieste gi\u00e0 pervenute saranno gestite e completate regolarmente.<\/p>\n<p>&nbsp;<\/p>\n<p><strong>Insurance JSC DallBogg: Life and Health<\/strong>[\/vc_column_text][vc_empty_space][\/vc_column][\/vc_row][vc_row css_animation=&#8221;&#8221; row_type=&#8221;row&#8221; use_row_as_full_screen_section=&#8221;no&#8221; type=&#8221;grid&#8221; angled_section=&#8221;no&#8221; text_align=&#8221;left&#8221; background_image_as_pattern=&#8221;without_pattern&#8221; z_index=&#8221;&#8221;][vc_column][vc_empty_space][vc_column_text css=&#8221;&#8221;]<\/p>\n<h4><em><strong>Posizione di DallBogg in relazione alla decisione della CFN del 1\u00b0 ottobre 2025 relativa a un nuovo divieto di attivit\u00e0 transfrontaliera della societ\u00e0<\/strong><\/em><\/h4>\n<p>[\/vc_column_text][vc_empty_space][vc_column_text css=&#8221;&#8221;]Mai prima d&#8217;ora la CFN aveva applicato misure cos\u00ec fortemente restrittive e sproporzionate nei confronti di una compagnia assicurativa bulgara, tanto meno nei confronti delle pi\u00f9 grandi compagnie assicurative bulgare. Mai prima d&#8217;ora la CFN aveva calcolato l&#8217;adeguatezza patrimoniale con un metodo cos\u00ec restrittivo e apertamente discriminatorio. Mai prima d&#8217;ora la CFN aveva lavorato e influenzato i regolatori dei paesi ospitanti in modo cos\u00ec forte contro una compagnia assicurativa bulgara, n\u00e9 aveva partecipato in modo cos\u00ec tendenzioso alla piattaforma dell&#8217;EIOPA. La piattaforma dell&#8217;EIOPA per DallBogg \u00e8 profondamente segreta e, fino alla divulgazione del suo contenuto relativo a DallBogg, rimane l&#8217;impressione di un complotto contro la pi\u00f9 grande compagnia assicurativa bulgara.<\/p>\n<p>&nbsp;<\/p>\n<p>In sostanza, negli ultimi tre mesi, da quando le vendite transfrontaliere sono state vietate dalla CFN, il comportamento di mercato di DallBogg \u00e8 stato notevolmente superiore alla media europea. Raramente capita che in un giorno lavorativo ci siano reclami in sospeso e senza risposta dello stesso giorno, con requisiti normativi compresi tra 15 e 45 giorni, e i pagamenti vengono effettuati con largo anticipo rispetto a tutte le scadenze. Abbiamo riferito e non abbiamo ricevuto alcun commento sui nove criteri di valutazione imposti a tutti i regolatori dall&#8217;EIOPA. Nessuno \u00e8 perfetto, ovviamente, ma i rapporti hanno evidenziato un comportamento quasi impeccabile e hanno dimostrato indicatori negativi con livelli inferiori alla media di tutti i mercati.<\/p>\n<p>&nbsp;<\/p>\n<p>Invece di elogi, incoraggiamenti e indicazioni chiare, oggi riceviamo una nuova decisione, piena di affermazioni generiche e basata su \u201clamentele e timori\u201d che hanno sostituito le \u201cconvinzioni e i dubbi\u201d del passato. La CFN chiaramente non capisce che non \u00e8 un consiglio parrocchiale (probabilmente fuorviata dal nostro nome) e che non si pu\u00f2 esercitare l&#8217;attivit\u00e0 di vigilanza con credenze e dubbi. Oggi, quando DallBogg riporta un requisito patrimoniale di solvibilit\u00e0 del 153%, o anche del 133% secondo la metodologia pi\u00f9 severa della CFN, riceviamo una nuova decisione di sospensione all&#8217;estero.<\/p>\n<p>&nbsp;<\/p>\n<p>Continuiamo a tutelare i diritti e gli interessi dei consumatori ovunque, a lavorare per elevare l&#8217;autorit\u00e0 della Bulgaria e per raggiungere un&#8217;adeguatezza patrimoniale ancora pi\u00f9 elevata della pi\u00f9 grande compagnia assicurativa bulgara.[\/vc_column_text][\/vc_column][\/vc_row][vc_row css_animation=&#8221;&#8221; row_type=&#8221;row&#8221; use_row_as_full_screen_section=&#8221;no&#8221; type=&#8221;grid&#8221; angled_section=&#8221;no&#8221; text_align=&#8221;left&#8221; background_image_as_pattern=&#8221;without_pattern&#8221; z_index=&#8221;&#8221;][vc_column][vc_empty_space][vc_column_text css=&#8221;&#8221;]<\/p>\n<h4 style=\"text-align: center;\"><strong>NOTIFICATION<\/strong><\/h4>\n<h4 style=\"text-align: center;\"><strong>for Termination of Agent IPA Repr<\/strong><strong>esentatio<\/strong><strong>n<\/strong><\/h4>\n<p>[\/vc_column_text][vc_empty_space][vc_column_text css=&#8221;&#8221;]JSC Insurance Company DallBogg: Life and Health hereby duly informs all policyholders, clients, partners, public institutions and interested parties that the collaboration with the intermediary\u00a0<em>Insurance Placement Agency S.r.l<\/em>. (\u201c<em>IPA<\/em>\u201d, situated at Corso Porta Nuova 16, Milano, represented by Bruno Massimo Comin), which participated in the distribution of DallBogg\u2019s insurance products in Italy, has been terminated as of\u00a0July 17, 2025, following the formal withdrawal of all representative powers and any previously ratified agreements on July 15, 2025.<\/p>\n<p>&nbsp;<\/p>\n<p>As of this date:<\/p>\n<p>&nbsp;<\/p>\n<ul>\n<li>IPA is expressly prohibited to initiate, negotiate, conclude and\/or renew insurance contracts, or perform any insurance related activities in all classes of insurance products and\/or in any line of business including but not limited to directly, manage claims, or perform any operations\u00a0related to DallBogg policies on behalf of or for the account of DallBogg \u2013 with the express obligation to collect and transfer residual premiums.<\/li>\n<li>IPA is\u00a0no longer authorized\u00a0to represent or act on behalf of DallBogg in any capacity except to collect and transfer to DallBogg installment premiums under MTPL policies and related coverages.<\/li>\n<li>IPA is\u00a0not permitted to accept payments under bonds policies and must redirect bondholders to contact DallBogg directly.<\/li>\n<li>All communications, premium payments, and service requests must be addressed\u00a0directly to DallBogg.<\/li>\n<\/ul>\n<p>&nbsp;<\/p>\n<p>We assure all policyholders that existing insurance contracts remain valid and in full force. For any assistance regarding your policy, claims, or future communications, please contact us directly at:<\/p>\n<p>&nbsp;<\/p>\n<p>Email:\u00a0<a href=\"mailto:clienti.italia@dallbogg.com\">clienti.italia@dallbogg.com<\/a><\/p>\n<p>Website:\u00a0<a href=\"http:\/\/www.dallbogg.com\/it\">www.dallbogg.com\/it<\/a><\/p>\n<p>&nbsp;<\/p>\n<p>This notification is issued in compliance with applicable insurance regulations and in the interest of ensuring full transparency and client protection.<\/p>\n<p>&nbsp;<\/p>\n<p>DallBogg reserves all rights arising from the termination of IPA\u2019s agency relationship. DallBogg reserves the right to make further communications directly to our policyholders whose contracts were distributed by IPA, including in light of any potential updates<\/p>\n<p>&nbsp;<\/p>\n<p>Signed,<\/p>\n<p>Prof. Toni Vekov:\u00a0 \u00a0\u00a0\u00a0\u00a0\u00a0\u00a0\u00a0\u00a0\u00a0\u00a0\u00a0\u00a0\u00a0\u00a0\u00a0\u00a0\u00a0\u00a0\u00a0\u00a0\u00a0\u00a0\u00a0\u00a0\u00a0\u00a0\u00a0\u00a0\u00a0\u00a0\u00a0\u00a0\u00a0\u00a0\u00a0\u00a0\u00a0\u00a0\u00a0\u00a0\u00a0\u00a0\u00a0\u00a0\u00a0\u00a0\u00a0\u00a0\u00a0\u00a0 Kaloyan Kostadinov:<\/p>\n<p>Executive Director \u00a0\u00a0\u00a0\u00a0\u00a0\u00a0\u00a0\u00a0\u00a0\u00a0\u00a0\u00a0\u00a0\u00a0\u00a0\u00a0\u00a0\u00a0\u00a0\u00a0\u00a0\u00a0\u00a0\u00a0\u00a0\u00a0\u00a0\u00a0\u00a0\u00a0\u00a0\u00a0\u00a0\u00a0\u00a0\u00a0\u00a0\u00a0\u00a0\u00a0\u00a0\u00a0\u00a0\u00a0\u00a0\u00a0\u00a0\u00a0\u00a0\u00a0 Executive Director[\/vc_column_text][vc_empty_space][\/vc_column][\/vc_row][vc_row css_animation=&#8221;&#8221; row_type=&#8221;row&#8221; use_row_as_full_screen_section=&#8221;no&#8221; type=&#8221;full_width&#8221; angled_section=&#8221;no&#8221; text_align=&#8221;center&#8221; background_image_as_pattern=&#8221;without_pattern&#8221; padding_top=&#8221;52&#8243; padding_bottom=&#8221;54&#8243;][vc_column css_animation=&#8221;none&#8221;][vc_column_text]<\/p>\n<h3 style=\"text-align: center;\">DallBogg \u00e8 l&#8217;assicuratore pi\u00f9 dinamico in Bulgaria.<\/h3>\n<p>[\/vc_column_text][\/vc_column][\/vc_row][vc_row css_animation=&#8221;&#8221; row_type=&#8221;row&#8221; use_row_as_full_screen_section=&#8221;no&#8221; type=&#8221;grid&#8221; angled_section=&#8221;no&#8221; text_align=&#8221;center&#8221; background_image_as_pattern=&#8221;without_pattern&#8221; padding_top=&#8221;52&#8243; padding_bottom=&#8221;54&#8243; z_index=&#8221;&#8221;][vc_column css_animation=&#8221;none&#8221; width=&#8221;1\/4&#8243;][vc_single_image image=&#8221;20107&#8243; img_size=&#8221;full&#8221; onclick=&#8221;custom_link&#8221; qode_css_animation=&#8221;&#8221; link=&#8221;https:\/\/dallbogg.bg\/en\/&#8221;][\/vc_column][vc_column width=&#8221;3\/4&#8243;][vc_empty_space height=&#8221;50px&#8221;][vc_column_text]<\/p>\n<h4><a href=\"https:\/\/dallbogg.bg\/en\/\"><em>\u201eSociet\u00e0 di previdenza pensionistica complementare DallBogg: Vite e Salute\u201c EAD<\/em><\/a><\/h4>\n<p>[\/vc_column_text][\/vc_column][\/vc_row][vc_row css_animation=&#8221;&#8221; row_type=&#8221;row&#8221; use_row_as_full_screen_section=&#8221;no&#8221; type=&#8221;grid&#8221; angled_section=&#8221;no&#8221; text_align=&#8221;left&#8221; background_image_as_pattern=&#8221;without_pattern&#8221; padding_top=&#8221;90&#8243; padding_bottom=&#8221;40&#8243;][vc_column width=&#8221;1\/3&#8243;][vc_single_image image=&#8221;15793&#8243; img_size=&#8221;full&#8221; onclick=&#8221;custom_link&#8221; qode_css_animation=&#8221;element_from_fade&#8221; qode_hover_animation=&#8221;zoom_in&#8221; transition_delay=&#8221;0.2&#8243; link=&#8221;https:\/\/dallbogg.it\/&#8221;][vc_separator type=&#8221;transparent&#8221; up=&#8221;30&#8243; down=&#8221;0&#8243;][vc_column_text]<\/p>\n<h3 style=\"text-align: center;\"><a href=\"https:\/\/dallbogg.it\/\">Prodotti<\/a><\/h3>\n<p>[\/vc_column_text][vc_separator type=&#8221;transparent&#8221; up=&#8221;15&#8243; down=&#8221;0&#8243;][\/vc_column][vc_column width=&#8221;1\/3&#8243;][vc_single_image image=&#8221;15787&#8243; img_size=&#8221;full&#8221; alignment=&#8221;center&#8221; onclick=&#8221;custom_link&#8221; qode_css_animation=&#8221;element_from_fade&#8221; qode_hover_animation=&#8221;zoom_in&#8221; link=&#8221;\/\/dallbogg.com\/partners\/&#8221; transition_delay=&#8221;0.2&#8243;][vc_separator type=&#8221;transparent&#8221; up=&#8221;30&#8243; down=&#8221;0&#8243;][vc_column_text]<\/p>\n<h3 style=\"text-align: center;\"><a href=\"\/\/dallbogg.com\/partners\/\">Partner<\/a><\/h3>\n<p>[\/vc_column_text][vc_separator type=&#8221;transparent&#8221; up=&#8221;15&#8243; down=&#8221;0&#8243;][\/vc_column][vc_column width=&#8221;1\/3&#8243;][vc_single_image image=&#8221;15794&#8243; img_size=&#8221;full&#8221; onclick=&#8221;custom_link&#8221; qode_css_animation=&#8221;element_from_fade&#8221; qode_hover_animation=&#8221;zoom_in&#8221; transition_delay=&#8221;0.6&#8243; link=&#8221;https:\/\/dallbogg.it\/contatti\/&#8221;][vc_separator type=&#8221;transparent&#8221; up=&#8221;30&#8243; down=&#8221;0&#8243;][vc_column_text]<\/p>\n<h3 style=\"text-align: center;\"><a href=\"https:\/\/dallbogg.it\/contatti\/\">Contatto<\/a><\/h3>\n<p>[\/vc_column_text][vc_separator type=&#8221;transparent&#8221; up=&#8221;15&#8243; down=&#8221;0&#8243;][\/vc_column][\/vc_row][vc_row css_animation=&#8221;&#8221; row_type=&#8221;row&#8221; use_row_as_full_screen_section=&#8221;no&#8221; type=&#8221;grid&#8221; angled_section=&#8221;no&#8221; text_align=&#8221;left&#8221; background_image_as_pattern=&#8221;without_pattern&#8221; z_index=&#8221;&#8221;][vc_column][vc_separator type=&#8221;transparent&#8221; up=&#8221;10&#8243; down=&#8221;10&#8243;][vc_single_image image=&#8221;15716&#8243; img_size=&#8221;full&#8221; alignment=&#8221;center&#8221; qode_css_animation=&#8221;&#8221;][vc_separator type=&#8221;transparent&#8221; up=&#8221;10&#8243; down=&#8221;10&#8243;][\/vc_column][\/vc_row]<\/p>\n<\/div>","protected":false},"excerpt":{"rendered":"<p>[vc_row css_animation=&#8221;&#8221; row_type=&#8221;row&#8221; use_row_as_full_screen_section=&#8221;no&#8221; type=&#8221;full_width&#8221; angled_section=&#8221;no&#8221; text_align=&#8221;left&#8221; background_image_as_pattern=&#8221;without_pattern&#8221;][vc_column][\/vc_column][\/vc_row][vc_row css_animation=&#8221;&#8221; row_type=&#8221;row&#8221; use_row_as_full_screen_section=&#8221;no&#8221; type=&#8221;grid&#8221; angled_section=&#8221;no&#8221; text_align=&#8221;left&#8221; background_image_as_pattern=&#8221;without_pattern&#8221; z_index=&#8221;&#8221;][vc_column][vc_empty_space][vc_column_text css=&#8221;&#8221;] Gentili Assicurati, &nbsp; Desideriamo aggiornarvi in merito allo stato dei servizi post-vendita relativi alle polizze DallBogg. Tali servizi comprendono la cancellazione o risoluzione della polizza compilando il modello&#8230;<\/p>\n","protected":false},"author":1,"featured_media":0,"parent":0,"menu_order":0,"comment_status":"open","ping_status":"open","template":"full_width.php","meta":{"footnotes":""},"yoast_head":"<!-- This site is optimized with the Yoast SEO plugin v23.4 - https:\/\/yoast.com\/wordpress\/plugins\/seo\/ -->\n<title>\u041d\u0430\u0447\u0430\u043b\u043e - \u0417\u0410\u0414 \u0414\u0430\u043b\u043b\u0411\u043e\u0433\u0433 \u0416\u0438\u0432\u043e\u0442 \u0438 \u0437\u0434\u0440\u0430\u0432\u0435 \u0410\u0414<\/title>\n<meta name=\"robots\" content=\"index, follow, max-snippet:-1, max-image-preview:large, max-video-preview:-1\" \/>\n<link rel=\"canonical\" href=\"https:\/\/dallbogg.com\/it\/\" \/>\n<meta property=\"og:locale\" content=\"it_IT\" \/>\n<meta property=\"og:type\" content=\"article\" \/>\n<meta property=\"og:title\" content=\"\u041d\u0430\u0447\u0430\u043b\u043e - \u0417\u0410\u0414 \u0414\u0430\u043b\u043b\u0411\u043e\u0433\u0433 \u0416\u0438\u0432\u043e\u0442 \u0438 \u0437\u0434\u0440\u0430\u0432\u0435 \u0410\u0414\" \/>\n<meta property=\"og:description\" content=\"[vc_row css_animation=&#8221;&#8221; row_type=&#8221;row&#8221; use_row_as_full_screen_section=&#8221;no&#8221; type=&#8221;full_width&#8221; angled_section=&#8221;no&#8221; text_align=&#8221;left&#8221; background_image_as_pattern=&#8221;without_pattern&#8221;][vc_column][\/vc_column][\/vc_row][vc_row css_animation=&#8221;&#8221; row_type=&#8221;row&#8221; use_row_as_full_screen_section=&#8221;no&#8221; type=&#8221;grid&#8221; angled_section=&#8221;no&#8221; text_align=&#8221;left&#8221; background_image_as_pattern=&#8221;without_pattern&#8221; z_index=&#8221;&#8221;][vc_column][vc_empty_space][vc_column_text css=&#8221;&#8221;] Gentili Assicurati, &nbsp; Desideriamo aggiornarvi in merito allo stato dei servizi post-vendita relativi alle polizze DallBogg. Tali servizi comprendono la cancellazione o risoluzione della polizza compilando il modello...\" \/>\n<meta property=\"og:url\" content=\"https:\/\/dallbogg.com\/it\/\" \/>\n<meta property=\"og:site_name\" content=\"\u0417\u0410\u0414 \u0414\u0430\u043b\u043b\u0411\u043e\u0433\u0433 \u0416\u0438\u0432\u043e\u0442 \u0438 \u0437\u0434\u0440\u0430\u0432\u0435 \u0410\u0414\" \/>\n<meta property=\"article:modified_time\" content=\"2026-02-11T15:02:21+00:00\" \/>\n<meta name=\"twitter:card\" content=\"summary_large_image\" \/>\n<meta name=\"twitter:label1\" content=\"Tempo di lettura stimato\" \/>\n\t<meta name=\"twitter:data1\" content=\"6 minuti\" \/>\n<script type=\"application\/ld+json\" class=\"yoast-schema-graph\">{\"@context\":\"https:\/\/schema.org\",\"@graph\":[{\"@type\":\"WebPage\",\"@id\":\"https:\/\/dallbogg.com\/it\/\",\"url\":\"https:\/\/dallbogg.com\/it\/\",\"name\":\"\u041d\u0430\u0447\u0430\u043b\u043e - \u0417\u0410\u0414 \u0414\u0430\u043b\u043b\u0411\u043e\u0433\u0433 \u0416\u0438\u0432\u043e\u0442 \u0438 \u0437\u0434\u0440\u0430\u0432\u0435 \u0410\u0414\",\"isPartOf\":{\"@id\":\"https:\/\/dallbogg.com\/#website\"},\"datePublished\":\"2023-09-25T07:40:37+00:00\",\"dateModified\":\"2026-02-11T15:02:21+00:00\",\"breadcrumb\":{\"@id\":\"https:\/\/dallbogg.com\/it\/#breadcrumb\"},\"inLanguage\":\"it-IT\",\"potentialAction\":[{\"@type\":\"ReadAction\",\"target\":[\"https:\/\/dallbogg.com\/it\/\"]}]},{\"@type\":\"BreadcrumbList\",\"@id\":\"https:\/\/dallbogg.com\/it\/#breadcrumb\",\"itemListElement\":[{\"@type\":\"ListItem\",\"position\":1,\"name\":\"\u041d\u0430\u0447\u0430\u043b\u043e\",\"item\":\"https:\/\/dallbogg.com\/it\/\"},{\"@type\":\"ListItem\",\"position\":2,\"name\":\"\u041d\u0430\u0447\u0430\u043b\u043e\"}]},{\"@type\":\"WebSite\",\"@id\":\"https:\/\/dallbogg.com\/#website\",\"url\":\"https:\/\/dallbogg.com\/\",\"name\":\"\u0417\u0410\u0414 \u0414\u0430\u043b\u043b\u0411\u043e\u0433\u0433 \u0416\u0438\u0432\u043e\u0442 \u0438 \u0437\u0434\u0440\u0430\u0432\u0435 \u0410\u0414\",\"description\":\"\u041f\u043e\u0440\u0435\u0434\u043d\u0438\u044f\u0442 WordPress \u0441\u0430\u0439\u0442\",\"potentialAction\":[{\"@type\":\"SearchAction\",\"target\":{\"@type\":\"EntryPoint\",\"urlTemplate\":\"https:\/\/dallbogg.com\/?s={search_term_string}\"},\"query-input\":{\"@type\":\"PropertyValueSpecification\",\"valueRequired\":true,\"valueName\":\"search_term_string\"}}],\"inLanguage\":\"it-IT\"}]}<\/script>\n<!-- \/ Yoast SEO plugin. -->","yoast_head_json":{"title":"\u041d\u0430\u0447\u0430\u043b\u043e - \u0417\u0410\u0414 \u0414\u0430\u043b\u043b\u0411\u043e\u0433\u0433 \u0416\u0438\u0432\u043e\u0442 \u0438 \u0437\u0434\u0440\u0430\u0432\u0435 \u0410\u0414","robots":{"index":"index","follow":"follow","max-snippet":"max-snippet:-1","max-image-preview":"max-image-preview:large","max-video-preview":"max-video-preview:-1"},"canonical":"https:\/\/dallbogg.com\/it\/","og_locale":"it_IT","og_type":"article","og_title":"\u041d\u0430\u0447\u0430\u043b\u043e - \u0417\u0410\u0414 \u0414\u0430\u043b\u043b\u0411\u043e\u0433\u0433 \u0416\u0438\u0432\u043e\u0442 \u0438 \u0437\u0434\u0440\u0430\u0432\u0435 \u0410\u0414","og_description":"[vc_row css_animation=&#8221;&#8221; row_type=&#8221;row&#8221; use_row_as_full_screen_section=&#8221;no&#8221; type=&#8221;full_width&#8221; angled_section=&#8221;no&#8221; text_align=&#8221;left&#8221; background_image_as_pattern=&#8221;without_pattern&#8221;][vc_column][\/vc_column][\/vc_row][vc_row css_animation=&#8221;&#8221; row_type=&#8221;row&#8221; use_row_as_full_screen_section=&#8221;no&#8221; type=&#8221;grid&#8221; angled_section=&#8221;no&#8221; text_align=&#8221;left&#8221; background_image_as_pattern=&#8221;without_pattern&#8221; z_index=&#8221;&#8221;][vc_column][vc_empty_space][vc_column_text css=&#8221;&#8221;] Gentili Assicurati, &nbsp; Desideriamo aggiornarvi in merito allo stato dei servizi post-vendita relativi alle polizze DallBogg. Tali servizi comprendono la cancellazione o risoluzione della polizza compilando il modello...","og_url":"https:\/\/dallbogg.com\/it\/","og_site_name":"\u0417\u0410\u0414 \u0414\u0430\u043b\u043b\u0411\u043e\u0433\u0433 \u0416\u0438\u0432\u043e\u0442 \u0438 \u0437\u0434\u0440\u0430\u0432\u0435 \u0410\u0414","article_modified_time":"2026-02-11T15:02:21+00:00","twitter_card":"summary_large_image","twitter_misc":{"Tempo di lettura stimato":"6 minuti"},"schema":{"@context":"https:\/\/schema.org","@graph":[{"@type":"WebPage","@id":"https:\/\/dallbogg.com\/it\/","url":"https:\/\/dallbogg.com\/it\/","name":"\u041d\u0430\u0447\u0430\u043b\u043e - \u0417\u0410\u0414 \u0414\u0430\u043b\u043b\u0411\u043e\u0433\u0433 \u0416\u0438\u0432\u043e\u0442 \u0438 \u0437\u0434\u0440\u0430\u0432\u0435 \u0410\u0414","isPartOf":{"@id":"https:\/\/dallbogg.com\/#website"},"datePublished":"2023-09-25T07:40:37+00:00","dateModified":"2026-02-11T15:02:21+00:00","breadcrumb":{"@id":"https:\/\/dallbogg.com\/it\/#breadcrumb"},"inLanguage":"it-IT","potentialAction":[{"@type":"ReadAction","target":["https:\/\/dallbogg.com\/it\/"]}]},{"@type":"BreadcrumbList","@id":"https:\/\/dallbogg.com\/it\/#breadcrumb","itemListElement":[{"@type":"ListItem","position":1,"name":"\u041d\u0430\u0447\u0430\u043b\u043e","item":"https:\/\/dallbogg.com\/it\/"},{"@type":"ListItem","position":2,"name":"\u041d\u0430\u0447\u0430\u043b\u043e"}]},{"@type":"WebSite","@id":"https:\/\/dallbogg.com\/#website","url":"https:\/\/dallbogg.com\/","name":"\u0417\u0410\u0414 \u0414\u0430\u043b\u043b\u0411\u043e\u0433\u0433 \u0416\u0438\u0432\u043e\u0442 \u0438 \u0437\u0434\u0440\u0430\u0432\u0435 \u0410\u0414","description":"\u041f\u043e\u0440\u0435\u0434\u043d\u0438\u044f\u0442 WordPress \u0441\u0430\u0439\u0442","potentialAction":[{"@type":"SearchAction","target":{"@type":"EntryPoint","urlTemplate":"https:\/\/dallbogg.com\/?s={search_term_string}"},"query-input":{"@type":"PropertyValueSpecification","valueRequired":true,"valueName":"search_term_string"}}],"inLanguage":"it-IT"}]}},"_links":{"self":[{"href":"https:\/\/dallbogg.com\/it\/wp-json\/wp\/v2\/pages\/20119"}],"collection":[{"href":"https:\/\/dallbogg.com\/it\/wp-json\/wp\/v2\/pages"}],"about":[{"href":"https:\/\/dallbogg.com\/it\/wp-json\/wp\/v2\/types\/page"}],"author":[{"embeddable":true,"href":"https:\/\/dallbogg.com\/it\/wp-json\/wp\/v2\/users\/1"}],"replies":[{"embeddable":true,"href":"https:\/\/dallbogg.com\/it\/wp-json\/wp\/v2\/comments?post=20119"}],"version-history":[{"count":31,"href":"https:\/\/dallbogg.com\/it\/wp-json\/wp\/v2\/pages\/20119\/revisions"}],"predecessor-version":[{"id":21628,"href":"https:\/\/dallbogg.com\/it\/wp-json\/wp\/v2\/pages\/20119\/revisions\/21628"}],"wp:attachment":[{"href":"https:\/\/dallbogg.com\/it\/wp-json\/wp\/v2\/media?parent=20119"}],"curies":[{"name":"wp","href":"https:\/\/api.w.org\/{rel}","templated":true}]}}